{"id":5424,"date":"2025-12-16T21:35:43","date_gmt":"2025-12-16T20:35:43","guid":{"rendered":"https:\/\/nova.depoles.com\/?page_id=5424"},"modified":"2025-12-16T21:35:43","modified_gmt":"2025-12-16T20:35:43","slug":"varstvo-osebnih-podatkov","status":"publish","type":"page","link":"https:\/\/www.depoles.com\/hr\/varstvo-osebnih-podatkov\/","title":{"rendered":"Varstvo osebnih podatkov"},"content":{"rendered":"\n<h3 class=\"wp-block-heading\"><strong>Politika zasebnosti in izjava o varstvu osebnih podatkov<\/strong><\/h3>\n\n\n\n<p>Upravljavec osebnih podatkov, kot ga dolo\u010data Splo\u0161na uredba EU o varstvu osebnih podatkov (GDPR) in veljavni zakon, ki ureja varstvo osebnih podatkov, je:<\/p>\n\n\n\n<p>Depoles d.o.o. (spletna trgovina Depoles.com)<br>Meljska cesta 83 ,<br>2000 Maribor,<br>Slovenija<\/p>\n\n\n\n<p>ID za DDV: 63590891<br>Mati\u010dna \u0161tevilka: 6881165000<br>E-mail: info@depoles.com<\/p>\n\n\n\n<p>Depoles d.o.o., upravljalec portala Depoles.com, se zavezuje, da bo vse pridobljene osebne podatke hranil in obdeloval v skladu z GDPR in veljavno slovensko zakonodajo (Zakonom o varstvu osebnih podatkov).<\/p>\n\n\n\n<h3 class=\"wp-block-heading\"><strong>Pridobivanje osebnih podatkov<\/strong><\/h3>\n\n\n\n<p>Osebne podatke pridobimo na naslednje na\u010dine:<\/p>\n\n\n\n<ul class=\"wp-block-list\">\n<li>ob naro\u010dilu izdelkov v spletni trgovini;<\/li>\n\n\n\n<li>ob registraciji uporabni\u0161kega ra\u010duna;<\/li>\n\n\n\n<li>ob telefonski komunikaciji s stranko;<\/li>\n\n\n\n<li>ob osebni komunikaciji s stranko;<\/li>\n\n\n\n<li>ob e-po\u0161tni komunikaciji s stranko;<\/li>\n<\/ul>\n\n\n\n<p><strong><br>Kak\u0161ne podatke zbiramo?<\/strong><\/p>\n\n\n\n<p>Za potrebe opravljanja storitev podjetje Depoles d.o.o. (spletna trgovina Depoles.com) zbiramo, obdelujemo in shranjujemo naslednje podatke:<\/p>\n\n\n\n<ul class=\"wp-block-list\">\n<li>ime in priimek,<\/li>\n\n\n\n<li>naslov in kraj bivanja,<\/li>\n\n\n\n<li>elektronski naslov,<\/li>\n\n\n\n<li>uporabni\u0161ko ime,<\/li>\n\n\n\n<li>geslo v \u0161ifrirani obliki,<\/li>\n\n\n\n<li>telefonsko \u0161tevilko,<\/li>\n\n\n\n<li>ostale podatke, ki jih kot uporabnik prostovoljno vnesete v obrazce na spletnem mestu Depoles.com.<\/li>\n<\/ul>\n\n\n\n<p>Kontaktne podatke, ki nam jih posredujete ob izpolnitvi oz. oddaji naro\u010dila \/ povpra\u0161evanja \/ prijave \/ registracije potrebujemo za obdelavo va\u0161ega naro\u010dila in za komunikacijo z vami. V primeru, da nam ne posredujete navedenih kontaktnih podatkov, va\u0161ega naro\u010dila ne bomo mogli obdelati. Podjetje Depoles d.o.o. ne odgovarja za to\u010dnost podatkov, ki jih vnesete kot uporabnik na\u0161e spletne strani.<\/p>\n\n\n\n<h3 class=\"wp-block-heading\"><strong>Namen zbiranja in obdelava osebnih podatkov<\/strong><\/h3>\n\n\n\n<p><strong>Naro\u010dilo v spletni trgovni:<\/strong><br>Osebne podatke uporabimo za obdelavo va\u0161ega naro\u010dila. Podatke uporabimo za izdajo ra\u010duna in obdelavo dostave. Brez va\u0161e izrecne privolitve vpisanih podatkov v prihodnje ne uporabljamo.<\/p>\n\n\n\n<p><strong>Uporabni\u0161ki ra\u010dun:<\/strong><br>V uporabni\u0161kem ra\u010dunu hranimo osebne podatke za katere smo dobili predhodno privolitev uporabnikov. Osebne podatke lahko uporabniki spreminjajo in jih v vsakem trenutku tudi izbri\u0161ejo.<\/p>\n\n\n\n<p><strong>E-po\u0161tna komunikacija:<\/strong><br>Osebne podatke uporabimo za obdelavo va\u0161ega e-mail kontaktka. Brez va\u0161e izrecne privolitve osebnih podatkov v prihodnje ne uporabljamo.<\/p>\n\n\n\n<h3 class=\"wp-block-heading\"><strong>Posredovanje osebnih podatkov<\/strong><\/h3>\n\n\n\n<p>Osebne podatke razkrijemo organom pregona in drugim vladnim organom, v kolikor je to zahtevano v zakonu ali pa je potrebno za prepre\u010ditev, zaznavo ali sodni pregon kaznivih dejanj in prevar.<\/p>\n\n\n\n<p>Zavezujemo se, da va\u0161ih podatkov v nobenem primeru ne bomo posredovali nepoobla\u0161\u010denim osebam ali drugim osebam v namene ogla\u0161evanja.<\/p>\n\n\n\n<h3 class=\"wp-block-heading\"><strong>Va\u0161e pravice<\/strong><\/h3>\n\n\n\n<p>V skladu z dolo\u010dili Splo\u0161ne uredbe EU o varstvu osebnih podatkov (GDPR) imate naslednje pravice:<\/p>\n\n\n\n<ul class=\"wp-block-list\">\n<li>dostopa do va\u0161ih osebnih podatkov in njihovo kopiranje.<\/li>\n\n\n\n<li>do dopolnitve ali popravka va\u0161ih osebnih podatkov, \u010de so ti nepopolni ali neto\u010dni.<\/li>\n\n\n\n<li>do izbrisa va\u0161ih osebnih podatkov, zlasti \u010de niso ve\u010d potrebni za namene, zaradi katerih so bili zbrani, ali so bili obdelani nezakonito ali so bili obdelani na podlagi va\u0161e privolitve, pa ste privolitev preklicali in ne obstaja druga pravna podlaga za njihovo obdelavo.<\/li>\n\n\n\n<li>do prenosa osebnih podatkov k drugemu upravljavcu, kadar je to tehni\u010dno izvedljivo.<\/li>\n\n\n\n<li>do omejitve obdelave va\u0161ih osebnih podatkov, zlasti \u010de oporekate njihovi to\u010dnosti \u2013 in sicer za obdobje, ki nam omogo\u010di preveriti to\u010dnost va\u0161ih osebnih podatkov; \u010de je obdelava nezakonita, pa nasprotujete izbrisu osebnih podatkov; \u010de je potekel rok hrambe podatkov, vi pa jih potrebujete za uveljavljanje pravnih zahtevkov.<\/li>\n\n\n\n<li>podana soglasja za obve\u0161\u010danje lahko kadarkoli prekli\u010dete.<\/li>\n<\/ul>\n\n\n\n<p>Pri uveljavljanju vseh va\u0161ih pravic ali pri pridobivanju dodatnih informacij se obrnite na na\u0161o poobla\u0161\u010deno osebo za varstvo podatkov, ki vam je na voljo na e-naslovu: info@depoles.com. Va\u0161o vlogo bomo obravnavali in nanjo odgovorili v skladu z GDPR.<\/p>\n\n\n\n<p>\u010ce menite, da so kr\u0161ene va\u0161e pravice ali predpisi o varstvu osebnih podatkov se lahko prito\u017eite pristojnemu dr\u017eavnemu organu: Informacijski poobla\u0161\u010denec Republike Slovenije (Zalo\u0161ka 59, 1000 Ljubljana, telefon: 01 230 97 30, faks: 01 230 97 78, e-po\u0161ta:gp.ip@ip-rs.si).<\/p>\n\n\n\n<h3 class=\"wp-block-heading\"><strong>Obdobje hrambe osebnih podatkov<\/strong><\/h3>\n\n\n\n<p>\u010ce imamo va\u0161o izrecno privolitev za dolo\u010den namen obdelave, je obdobje hrambe: do preklica.<\/p>\n\n\n\n<p>Zakonska obdelava iz 6.b \u010dlena GDPR \u2013 obdelava je potrebna za izvajanje pogodbe (obdobje hrambe: 10 let), ali za izvajanje ukrepov na zahtevo takega posameznika pred sklenitvijo pogodbe (obdobje hrambe: 5 let).<\/p>\n","protected":false},"excerpt":{"rendered":"<p>Politika zasebnosti in izjava o varstvu osebnih podatkov Upravljavec osebnih podatkov, kot ga dolo\u010data Splo\u0161na uredba EU o varstvu osebnih podatkov (GDPR) in veljavni zakon, ki ureja varstvo osebnih podatkov, je: Depoles d.o.o. (spletna trgovina Depoles.com)Meljska cesta 83 ,2000 Maribor,Slovenija ID za DDV: 63590891Mati\u010dna \u0161tevilka: 6881165000E-mail: info@depoles.com Depoles d.o.o., upravljalec portala Depoles.com, se zavezuje, da [&hellip;]<\/p>\n","protected":false},"author":1,"featured_media":0,"parent":0,"menu_order":0,"comment_status":"closed","ping_status":"closed","template":"","meta":{"footnotes":""},"class_list":["post-5424","page","type-page","status-publish","hentry"],"blocksy_meta":[],"_links":{"self":[{"href":"https:\/\/www.depoles.com\/hr\/wp-json\/wp\/v2\/pages\/5424","targetHints":{"allow":["GET"]}}],"collection":[{"href":"https:\/\/www.depoles.com\/hr\/wp-json\/wp\/v2\/pages"}],"about":[{"href":"https:\/\/www.depoles.com\/hr\/wp-json\/wp\/v2\/types\/page"}],"author":[{"embeddable":true,"href":"https:\/\/www.depoles.com\/hr\/wp-json\/wp\/v2\/users\/1"}],"replies":[{"embeddable":true,"href":"https:\/\/www.depoles.com\/hr\/wp-json\/wp\/v2\/comments?post=5424"}],"version-history":[{"count":1,"href":"https:\/\/www.depoles.com\/hr\/wp-json\/wp\/v2\/pages\/5424\/revisions"}],"predecessor-version":[{"id":5425,"href":"https:\/\/www.depoles.com\/hr\/wp-json\/wp\/v2\/pages\/5424\/revisions\/5425"}],"wp:attachment":[{"href":"https:\/\/www.depoles.com\/hr\/wp-json\/wp\/v2\/media?parent=5424"}],"curies":[{"name":"wp","href":"https:\/\/api.w.org\/{rel}","templated":true}]}}