{"id":5428,"date":"2025-12-16T21:37:19","date_gmt":"2025-12-16T20:37:19","guid":{"rendered":"https:\/\/nova.depoles.com\/?page_id=5428"},"modified":"2025-12-18T12:00:20","modified_gmt":"2025-12-18T11:00:20","slug":"servis-rezervni-deli-in-garancije","status":"publish","type":"page","link":"https:\/\/www.depoles.com\/hr\/servis-rezervni-deli-in-garancije\/","title":{"rendered":"Servis, rezervni deli in garancije"},"content":{"rendered":"\n<div class=\"wp-block-stackable-columns stk-block-columns stk-block stk-db1479d\" data-block-id=\"db1479d\"><div class=\"stk-row stk-inner-blocks stk-block-content stk-content-align stk-db1479d-column\">\n<div class=\"wp-block-stackable-column stk-block-column stk-column stk-block stk-a832ff6\" data-v=\"4\" data-block-id=\"a832ff6\"><div class=\"stk-column-wrapper stk-block-column__content stk-container stk-a832ff6-container stk--no-background stk--no-padding\"><div class=\"stk-block-content stk-inner-blocks stk-a832ff6-inner-blocks\">\n<div class=\"wp-block-stackable-text stk-block-text stk-block stk-5efdfef\" data-block-id=\"5efdfef\"><p class=\"stk-block-text__text\">V podjetju DEPOLES omogo\u010damo servisiranje lesno obdelovalnih in kovinarskih strojev, ki spadajo med na\u0161 prodajni program in so bili kupljeni pri nas.<br><br>Poleg interventnih popravil strojev nudimo tudi redna vzdr\u017eevalna dela znotraj pogodbenega vzdr\u017eevanja.<br>Servis lahko naro\u010dite preko obrazec za naro\u010dilo servisa.<br>Naro\u010dila, ponudbe, informacije o strojih: <a href=\"mailto:info@depoles.com\">info@depoles.com<\/a><\/p><\/div>\n\n\n\n<h5 class=\"wp-block-heading\">SERVIS, prijava napake, garancije, NARO\u010cILA&nbsp; rezervnih delov: <a href=\"mailto:servis@depoles.com\">servis@depoles.com<\/a><\/h5>\n\n\n\n<p><strong>Pri prijavi napake OBVEZNO navedite:<\/strong><br><strong>serijsko stevilko stroja (slikajte tablico), posljite kopijo ra\u010duna ali dobavnice, natan\u010dno opi\u0161ite napako stroja , po\u0161ljite slike ali video napake\/posnamite , \u010de se le da. Le tako in z popolnimi podatki ( va\u0161 naslov, kje se stroj nahaja, telefon ) , bomo lahko TAKOJ , pristopili k re\u0161evanju problema in naro\u010dilu potrebnih delov ali re\u0161evanje garancijskih zadev.<\/strong><br>Brez vseh potrebnih podatkov \u017eal ne moremo urediti zadeve, zato VAS prosimo VEDNO sporo\u010dite na mail \u010dim ve\u010d.<\/p>\n<\/div><\/div><\/div>\n\n\n\n<div class=\"wp-block-stackable-column stk-block-column stk-column stk-block stk-67c3d3a\" data-v=\"4\" data-block-id=\"67c3d3a\"><div class=\"stk-column-wrapper stk-block-column__content stk-container stk-67c3d3a-container stk--no-background stk--no-padding\"><div class=\"stk-block-content stk-inner-blocks stk-67c3d3a-inner-blocks\">\n<div class=\"wp-block-stackable-map stk-block-map stk-block stk-b8b3032\" data-block-id=\"b8b3032\"><style>.stk-b8b3032 .stk-block-map__canvas, .stk-b8b3032 iframe{height:584px !important;}<\/style><iframe\n\t\t\t\t\t\ttitle=\"Embedded content from Google Maps Platform.\"\n\t\t\t\t\t\tsrc=\"https:\/\/maps.google.com\/maps?q=Meljska cesta 83, Maribor&#038;t=&#038;z=12&#038;ie=UTF8&#038;output=embed\"\n\t\t\t\t\t\tstyle=\"border:0;width:100%;max-width:none;max-height:none;height:100%;\"\n\t\t\t\t\t\taria-hidden=\"false\"\n\t\t\t\t\t\ttabIndex=\"0\"\n\t\t\t\t\t\tallowfullscreen\n\t\t\t\t\t\tloading=\"lazy\"\n\t\t\t\t\t\tframeBorder=\"0\"\n\t\t\t\t\t><\/iframe><\/div>\n<\/div><\/div><\/div>\n<\/div><\/div>\n\n\n\n<div class=\"wp-block-stackable-columns stk-block-columns stk-block stk-0733ac8\" data-block-id=\"0733ac8\"><div class=\"stk-row stk-inner-blocks stk-block-content stk-content-align stk-0733ac8-column\">\n<div class=\"wp-block-stackable-column stk-block-column stk-column stk-block stk-f661223\" data-v=\"4\" data-block-id=\"f661223\"><div class=\"stk-column-wrapper stk-block-column__content stk-container stk-f661223-container stk--no-background stk--no-padding\"><div class=\"stk-block-content stk-inner-blocks stk-f661223-inner-blocks\">\n<div class=\"wp-block-stackable-text stk-block-text stk-block stk-b12c300\" data-block-id=\"b12c300\"><p class=\"stk-block-text__text\">Cenik storitev<\/p><\/div>\n\n\n\n<figure class=\"wp-block-table\"><table class=\"has-fixed-layout\"><tbody><tr><td>Delovna ura:<\/td><td>45\u20ac standardna dela in servis<\/td><\/tr><tr><td>Delovna ura zahtevna:<\/td><td>od 55-100\u20ac ( elektronika, pnevmatika, CNC stroji, lepilke hidravlika\u2026)<\/td><\/tr><tr><td>Ura na poti:<\/td><td>40\u20ac<\/td><\/tr><tr><td>Prevo\u017een kilometer:<\/td><td>0,43\u20ac<\/td><\/tr><tr><td><\/td><td><\/td><\/tr><\/tbody><\/table><\/figure>\n\n\n\n<p>V cenah ni upo\u0161tevan DDV \/davek na dodatno vrednost.<br>Cenik velja od 01.9.2023 do preklica.<br>Mo\u017enost spremembe cene glede na zahtevnost, specifike napake, zahtevnosti napake, dostopa , prostora , ali je stroj o\u010di\u0161\u010den in pripravljen ali diagnoze&nbsp; zahtevnosti napake, cena lahko varira.<\/p>\n\n\n\n<p>DEPOLES D.O.O.<br>MELJSKA CESTA 83<br>2000 MARIBOR (SLO)<br>SLOVENIJA<br>ID za ddv: SI 63590891<br>TRR: SI56 0242 6026 1780 351 (NLB d.d.)<br>TRR: SI56 3300 0001 1495 655 (Addiko bank d.d.)<\/p>\n\n\n\n<p>Kontaktni telefon: 031\/334-858, 040\/292 -867<br>Tujina: +386 31 334 858, +386 40 292 867<\/p>\n<\/div><\/div><\/div>\n\n\n\n<div class=\"wp-block-stackable-column stk-block-column stk-column stk-block stk-4d3e220\" data-v=\"4\" data-block-id=\"4d3e220\"><div class=\"stk-column-wrapper stk-block-column__content stk-container stk-4d3e220-container stk--no-background stk--no-padding\"><div class=\"stk-block-content stk-inner-blocks stk-4d3e220-inner-blocks\">\n<div class=\"wp-block-stackable-heading stk-block-heading stk-block-heading--v2 stk-block stk-0e06284\" id=\"servis-spletno-narocilo-in-javljanje-napake\" data-block-id=\"0e06284\"><h4 class=\"stk-block-heading__text\">Servis-spletno naro\u010dilo in javljanje napake<\/h4><\/div>\n\n\n\n<p>Obrazec uporabite za kontakt za servis, prijavo napake, garancije ali naro\u010dilo rezervnih delov. Pri opisu napake nam podajte \u010dim natan\u010dnej\u0161i opis, kaj se dogaja, v \u010dem je problem , sliko in video.<\/p>\n\n\n\n<div class=\"wp-block-stackable-columns stk-block-columns stk-block stk-7e1dcad stk-block-background\" data-block-id=\"7e1dcad\"><style>.stk-7e1dcad {background-color:var(--theme-palette-color-6, #e8e8e8) !important;}.stk-7e1dcad:before{background-color:var(--theme-palette-color-6, #e8e8e8) !important;}<\/style><div class=\"stk-row stk-inner-blocks stk-block-content stk-content-align stk-7e1dcad-column\">\n<div class=\"wp-block-stackable-column stk-block-column stk-column stk-block stk-a058dc5\" data-v=\"4\" data-block-id=\"a058dc5\"><div class=\"stk-column-wrapper stk-block-column__content stk-container stk-a058dc5-container stk--no-background stk--no-padding\"><div class=\"stk-block-content stk-inner-blocks stk-a058dc5-inner-blocks\">\n<div class=\"wpcf7 no-js\" id=\"wpcf7-f5461-o1\" lang=\"sl-SI\" dir=\"ltr\" data-wpcf7-id=\"5461\">\n<div class=\"screen-reader-response\"><p role=\"status\" aria-live=\"polite\" aria-atomic=\"true\"><\/p> <ul><\/ul><\/div>\n<form action=\"\/wp-json\/wp\/v2\/pages\/5428#wpcf7-f5461-o1\" method=\"post\" class=\"wpcf7-form init\" aria-label=\"Contact form\" novalidate=\"novalidate\" data-status=\"init\">\n<fieldset class=\"hidden-fields-container\"><input type=\"hidden\" name=\"_wpcf7\" value=\"5461\" \/><input type=\"hidden\" name=\"_wpcf7_version\" value=\"6.1.4\" \/><input type=\"hidden\" name=\"_wpcf7_locale\" value=\"sl_SI\" \/><input type=\"hidden\" name=\"_wpcf7_unit_tag\" value=\"wpcf7-f5461-o1\" \/><input type=\"hidden\" name=\"_wpcf7_container_post\" value=\"0\" \/><input type=\"hidden\" name=\"_wpcf7_posted_data_hash\" value=\"\" \/>\n<\/fieldset>\n<p><label> Ime in priimek<br \/>\n<span class=\"wpcf7-form-control-wrap\" data-name=\"your-name\"><input size=\"40\" maxlength=\"400\" class=\"wpcf7-form-control wpcf7-text wpcf7-validates-as-required\" autocomplete=\"name\" aria-required=\"true\" aria-invalid=\"false\" value=\"\" type=\"text\" name=\"your-name\" \/><\/span> <\/label>\n<\/p>\n<p><label> Podjetje<br \/>\n<span class=\"wpcf7-form-control-wrap\" data-name=\"podjetje\"><input size=\"40\" maxlength=\"400\" class=\"wpcf7-form-control wpcf7-text\" aria-invalid=\"false\" value=\"\" type=\"text\" name=\"podjetje\" \/><\/span><\/label>\n<\/p>\n<p><label> Kontaktni telefon<br \/>\n<span class=\"wpcf7-form-control-wrap\" data-name=\"telefon\"><input size=\"40\" maxlength=\"400\" class=\"wpcf7-form-control wpcf7-text wpcf7-validates-as-required\" aria-required=\"true\" aria-invalid=\"false\" value=\"\" type=\"text\" name=\"telefon\" \/><\/span><\/label>\n<\/p>\n<p><label> Va\u0161a e-po\u0161ta<br \/>\n<span class=\"wpcf7-form-control-wrap\" data-name=\"your-email\"><input size=\"40\" maxlength=\"400\" class=\"wpcf7-form-control wpcf7-email wpcf7-text wpcf7-validates-as-email\" autocomplete=\"email\" aria-invalid=\"false\" value=\"\" type=\"email\" name=\"your-email\" \/><\/span> <\/label>\n<\/p>\n<p><label> Vrsta stroja, serijska \u0161tevilka, letnica<br \/>\n<span class=\"wpcf7-form-control-wrap\" data-name=\"your-subject\"><input size=\"40\" maxlength=\"400\" class=\"wpcf7-form-control wpcf7-text wpcf7-validates-as-required\" aria-required=\"true\" aria-invalid=\"false\" value=\"\" type=\"text\" name=\"your-subject\" \/><\/span> <\/label>\n<\/p>\n<p><label> Va\u0161e sporo\u010dilo (opi\u0161ite te\u017eavo)<br \/>\n<span class=\"wpcf7-form-control-wrap\" data-name=\"your-message\"><textarea cols=\"40\" rows=\"10\" maxlength=\"2000\" class=\"wpcf7-form-control wpcf7-textarea\" aria-invalid=\"false\" name=\"your-message\"><\/textarea><\/span> <\/label>\n<\/p>\n<p><span class=\"wpcf7-form-control-wrap\" data-name=\"anti-spam\"><label><span class=\"wpcf7-quiz-label\">Koliko je 3+4?<\/span> <input size=\"40\" class=\"wpcf7-form-control wpcf7-quiz\" autocomplete=\"off\" aria-required=\"true\" aria-invalid=\"false\" type=\"text\" name=\"anti-spam\" \/><\/label><input type=\"hidden\" name=\"_wpcf7_quiz_answer_anti-spam\" value=\"b9297458ce8537c6f98685620b387d98\" \/><\/span>\n<\/p>\n<p><input class=\"wpcf7-form-control wpcf7-submit has-spinner\" type=\"submit\" value=\"Po\u0161lji\" \/>\n<\/p><div class=\"wpcf7-response-output\" aria-hidden=\"true\"><\/div>\n<\/form>\n<\/div>\n\n<\/div><\/div><\/div>\n<\/div><\/div>\n<\/div><\/div><\/div>\n<\/div><\/div>\n","protected":false},"excerpt":{"rendered":"<p>V podjetju DEPOLES omogo\u010damo servisiranje lesno obdelovalnih in kovinarskih strojev, ki spadajo med na\u0161 prodajni program in so bili kupljeni pri nas. Poleg interventnih popravil strojev nudimo tudi redna vzdr\u017eevalna dela znotraj pogodbenega vzdr\u017eevanja.Servis lahko naro\u010dite preko obrazec za naro\u010dilo servisa.Naro\u010dila, ponudbe, informacije o strojih: info@depoles.com SERVIS, prijava napake, garancije, NARO\u010cILA&nbsp; rezervnih delov: servis@depoles.com Pri [&hellip;]<\/p>\n","protected":false},"author":1,"featured_media":0,"parent":0,"menu_order":0,"comment_status":"closed","ping_status":"closed","template":"","meta":{"footnotes":""},"class_list":["post-5428","page","type-page","status-publish","hentry"],"blocksy_meta":[],"_links":{"self":[{"href":"https:\/\/www.depoles.com\/hr\/wp-json\/wp\/v2\/pages\/5428","targetHints":{"allow":["GET"]}}],"collection":[{"href":"https:\/\/www.depoles.com\/hr\/wp-json\/wp\/v2\/pages"}],"about":[{"href":"https:\/\/www.depoles.com\/hr\/wp-json\/wp\/v2\/types\/page"}],"author":[{"embeddable":true,"href":"https:\/\/www.depoles.com\/hr\/wp-json\/wp\/v2\/users\/1"}],"replies":[{"embeddable":true,"href":"https:\/\/www.depoles.com\/hr\/wp-json\/wp\/v2\/comments?post=5428"}],"version-history":[{"count":6,"href":"https:\/\/www.depoles.com\/hr\/wp-json\/wp\/v2\/pages\/5428\/revisions"}],"predecessor-version":[{"id":5463,"href":"https:\/\/www.depoles.com\/hr\/wp-json\/wp\/v2\/pages\/5428\/revisions\/5463"}],"wp:attachment":[{"href":"https:\/\/www.depoles.com\/hr\/wp-json\/wp\/v2\/media?parent=5428"}],"curies":[{"name":"wp","href":"https:\/\/api.w.org\/{rel}","templated":true}]}}