{"id":1006,"date":"2024-07-01T11:45:36","date_gmt":"2024-07-01T09:45:36","guid":{"rendered":"https:\/\/nova.depoles.com\/trgovina\/welder-inverter-wig-tig-tisa180\/"},"modified":"2025-12-17T14:03:32","modified_gmt":"2025-12-17T13:03:32","slug":"welder-inverter-wig-tig-tisa180","status":"publish","type":"product","link":"https:\/\/www.depoles.com\/hr\/trgovina\/welder-inverter-wig-tig-tisa180\/","title":{"rendered":"Inverterski aparat za varenje WIG\/TIG TISA180"},"content":{"rendered":"<p><strong>Tehni\u010dna specifikacija<\/strong><\/p>\n<ul>\n<li><strong>Dimenzije (mm):<\/strong> 425 x 195 x 310<\/li>\n<li><strong>Varjenje:<\/strong>\n<ul>\n<li>Vhodna napetost: 230 V \/ 50-60 Hz<\/li>\n<li>Vhodna mo\u010d (KVA): 5,5<\/li>\n<\/ul>\n<\/li>\n<li><strong>Te\u017ea:<\/strong>\n<ul>\n<li>Bruto te\u017ea (kg): 12<\/li>\n<li>Netto te\u017ea (kg): 9<\/li>\n<\/ul>\n<\/li>\n<li><strong>Pakiranje (mm):<\/strong>\n<ul>\n<li>\u0160irina: 370<\/li>\n<li>Dol\u017eina: 500<\/li>\n<li>Vi\u0161ina: 350<\/li>\n<\/ul>\n<\/li>\n<li><strong>Splo\u0161ni podatki:<\/strong>\n<ul>\n<li>EAN koda: 9120132140410<\/li>\n<\/ul>\n<\/li>\n<\/ul>\n","protected":false},"excerpt":{"rendered":"<h3>Izpostavljeno<\/h3>\n<p>Ta aparat omogo\u010da natan\u010dno varjenje z nastavljivimi parametri za razli\u010dne vrste varjenja. Primeren je za MMA in TIG varjenje z razli\u010dnimi nastavitvami toka in \u010dasovnimi funkcijami.<\/p>\n<ul>\n<li>\u010cas predplina plina: 0-10 s<\/li>\n<li>\u010cas po plinu: 0-25 s<\/li>\n<li><strong>MMA varjenje<\/strong>: obmo\u010dje varilnega toka 5 &#8211; 160 A<\/li>\n<li><strong>TIG varjenje<\/strong>: obmo\u010dje varilnega toka 3 &#8211; 180 A, \u010das zni\u017eanja toka 0 &#8211; 25 s, \u010das nara\u0161\u010danja toka 0 &#8211; 25 s, frekvenca pulza DC 0,5 &#8211; 500 Hz, v\u017eig loka HF\/Lift<\/li>\n<\/ul>\n<p><strong>V kompletu:<\/strong> TIG gorilnik, dr\u017ealo elektroda, pokrov gorilnika (kratek\/dolg), plinske \u0161obe, ohi\u0161je s stiskalnimi rokavi, plinska cev, masa, varnostni ventil.<\/p>\n","protected":false},"featured_media":1007,"template":"","meta":[],"product_brand":[],"product_cat":[1043,1053],"product_tag":[],"class_list":{"0":"post-1006","1":"product","2":"type-product","3":"status-publish","4":"has-post-thumbnail","6":"product_cat-stroji-za-kovine","7":"product_cat-varilni-aparati-in-oprema","9":"first","10":"instock","11":"shipping-taxable","12":"purchasable","13":"product-type-simple"},"_links":{"self":[{"href":"https:\/\/www.depoles.com\/hr\/wp-json\/wp\/v2\/product\/1006","targetHints":{"allow":["GET"]}}],"collection":[{"href":"https:\/\/www.depoles.com\/hr\/wp-json\/wp\/v2\/product"}],"about":[{"href":"https:\/\/www.depoles.com\/hr\/wp-json\/wp\/v2\/types\/product"}],"wp:featuredmedia":[{"embeddable":true,"href":"https:\/\/www.depoles.com\/hr\/wp-json\/wp\/v2\/media\/1007"}],"wp:attachment":[{"href":"https:\/\/www.depoles.com\/hr\/wp-json\/wp\/v2\/media?parent=1006"}],"wp:term":[{"taxonomy":"product_brand","embeddable":true,"href":"https:\/\/www.depoles.com\/hr\/wp-json\/wp\/v2\/product_brand?post=1006"},{"taxonomy":"product_cat","embeddable":true,"href":"https:\/\/www.depoles.com\/hr\/wp-json\/wp\/v2\/product_cat?post=1006"},{"taxonomy":"product_tag","embeddable":true,"href":"https:\/\/www.depoles.com\/hr\/wp-json\/wp\/v2\/product_tag?post=1006"}],"curies":[{"name":"wp","href":"https:\/\/api.w.org\/{rel}","templated":true}]}}