{"id":1020,"date":"2024-07-01T11:45:27","date_gmt":"2024-07-01T09:45:27","guid":{"rendered":"https:\/\/nova.depoles.com\/trgovina\/puls-inverter-welding-sys-acdc-tig-mma-pisa235acdc\/"},"modified":"2025-12-17T23:18:36","modified_gmt":"2025-12-17T22:18:36","slug":"puls-inverter-welding-sys-acdc-tig-mma-pisa235acdc","status":"publish","type":"product","link":"https:\/\/www.depoles.com\/hr\/trgovina\/puls-inverter-welding-sys-acdc-tig-mma-pisa235acdc\/","title":{"rendered":"PULS INVERTER ZAVARIVA\u010cKI SUSTAV ACDC TIG\/MMA PISA235ACDC"},"content":{"rendered":"<p><strong>Tehni\u010dni podatki:<\/strong><\/p>\n<ul>\n<li><strong>Dimenzije (mm):<\/strong> 560 x 240 x 460<\/li>\n<li><strong>Zvarjenje &#8211; vhodna mo\u010d (KVA):<\/strong> 6,2<\/li>\n<li><strong>Te\u017ea:<\/strong>\n<ul>\n<li>Bruto te\u017ea (kg): 40<\/li>\n<li>Netto te\u017ea (kg): 26<\/li>\n<\/ul>\n<\/li>\n<li><strong>Embala\u017ea (mm):<\/strong>\n<ul>\n<li>\u0160irina: 400<\/li>\n<li>Dol\u017eina: 650<\/li>\n<li>Vi\u0161ina: 490<\/li>\n<\/ul>\n<\/li>\n<li><strong>Splo\u0161ni podatki:<\/strong>\n<ul>\n<li>EAN koda: 9120132140397<\/li>\n<\/ul>\n<\/li>\n<\/ul>\n","protected":false},"excerpt":{"rendered":"<h3>Klju\u010dne lastnosti<\/h3>\n<p>Napredni varilni aparat s \u0161irokim razponom nastavitev za razli\u010dne vrste varjenja:<\/p>\n<ul>\n<li>\u010cas predgretja plina: 0\u201330 s<\/li>\n<li>\u010cas po-tekanja plina: 0\u201360 s<\/li>\n<li>Frekvenca to\u010dkovnega varjenja: 0,1\u201310 s<\/li>\n<li>\u010cas to\u010dkovnega varjenja: 0\u20135 s<\/li>\n<li><strong>MMA varjenje:<\/strong>\n<ul>\n<li>Obmo\u010dje varilnega toka: 10\u2013200 A<\/li>\n<li>Frekvenca izmeni\u010dnega toka: 20\u2013400 Hz<\/li>\n<li>\u010cas vro\u010dega zagona: 0\u20132 s<\/li>\n<\/ul>\n<\/li>\n<li><strong>TIG varjenje:<\/strong>\n<ul>\n<li>Obmo\u010dje varilnega toka DC: 2\u2013235 A<\/li>\n<li>Obmo\u010dje varilnega toka AC: 3\u2013235 A<\/li>\n<li>\u010cas zmanj\u0161anja toka: 0\u201330 s<\/li>\n<li>\u010cas pove\u010danja toka: 0\u201360 s<\/li>\n<li>Frekvenca pulzov DC: 0,1\u2013999,9 Hz<\/li>\n<li>Frekvenca pulzov AC (pravokotni val): 0,1\u2013500 Hz<\/li>\n<li>Frekvenca pulzov AC (sinusni val): 0,1\u201310 Hz<\/li>\n<li>Osnovno razmerje pulzov: 5\u201395 %<\/li>\n<li>Osnovni pulzni tok: 3\u201395 %<\/li>\n<li>V\u017eig TIG loka: HF \/ Lift \/ Live<\/li>\n<\/ul>\n<\/li>\n<\/ul>\n<p><strong>V kompletu:<\/strong> TIG gorilnik, dr\u017ealo elektrode, pokrov gorilnika (kratek\/dolg), plinske \u0161obe, ohi\u0161je objemke in objemke, plinska cev, zemeljska sponka, ventil za spro\u0161\u010danje tlaka.<\/p>\n","protected":false},"featured_media":1021,"template":"","meta":[],"product_brand":[],"product_cat":[1043,1053],"product_tag":[],"class_list":{"0":"post-1020","1":"product","2":"type-product","3":"status-publish","4":"has-post-thumbnail","6":"product_cat-stroji-za-kovine","7":"product_cat-varilni-aparati-in-oprema","9":"first","10":"instock","11":"shipping-taxable","12":"purchasable","13":"product-type-simple"},"_links":{"self":[{"href":"https:\/\/www.depoles.com\/hr\/wp-json\/wp\/v2\/product\/1020","targetHints":{"allow":["GET"]}}],"collection":[{"href":"https:\/\/www.depoles.com\/hr\/wp-json\/wp\/v2\/product"}],"about":[{"href":"https:\/\/www.depoles.com\/hr\/wp-json\/wp\/v2\/types\/product"}],"wp:featuredmedia":[{"embeddable":true,"href":"https:\/\/www.depoles.com\/hr\/wp-json\/wp\/v2\/media\/1021"}],"wp:attachment":[{"href":"https:\/\/www.depoles.com\/hr\/wp-json\/wp\/v2\/media?parent=1020"}],"wp:term":[{"taxonomy":"product_brand","embeddable":true,"href":"https:\/\/www.depoles.com\/hr\/wp-json\/wp\/v2\/product_brand?post=1020"},{"taxonomy":"product_cat","embeddable":true,"href":"https:\/\/www.depoles.com\/hr\/wp-json\/wp\/v2\/product_cat?post=1020"},{"taxonomy":"product_tag","embeddable":true,"href":"https:\/\/www.depoles.com\/hr\/wp-json\/wp\/v2\/product_tag?post=1020"}],"curies":[{"name":"wp","href":"https:\/\/api.w.org\/{rel}","templated":true}]}}