{"id":1026,"date":"2024-07-01T11:45:24","date_gmt":"2024-07-01T09:45:24","guid":{"rendered":"https:\/\/nova.depoles.com\/trgovina\/mig-mma-wig-welding-unit-emsa250puls\/"},"modified":"2025-12-17T14:04:02","modified_gmt":"2025-12-17T13:04:02","slug":"mig-mma-wig-welding-unit-emsa250puls","status":"publish","type":"product","link":"https:\/\/www.depoles.com\/hr\/trgovina\/mig-mma-wig-welding-unit-emsa250puls\/","title":{"rendered":"MIG\/MMA\/WIG varilni ure\u0111aj EMSA250PULS"},"content":{"rendered":"<p><strong>Tehni\u010dni podatki<\/strong><\/p>\n<ul>\n<li><strong>Dimenzije (mm):<\/strong> 560 x 240 x 460<\/li>\n<li><strong>Varjenje:<\/strong><\/li>\n<ul>\n<li>Vhodna napetost: 230 V \/ (50-60 Hz)<\/li>\n<li>Vhodna mo\u010d v kVA: 10<\/li>\n<\/ul>\n<li><strong>Te\u017ea:<\/strong><\/li>\n<ul>\n<li>Bruto te\u017ea: 23 kg<\/li>\n<li>Netto te\u017ea: 20 kg<\/li>\n<\/ul>\n<li><strong>Embala\u017ea (mm):<\/strong><\/li>\n<ul>\n<li>\u0160irina: 380<\/li>\n<li>Dol\u017eina: 520<\/li>\n<li>Vi\u0161ina: 390<\/li>\n<\/ul>\n<li><strong>Splo\u0161ni podatki:<\/strong><\/li>\n<ul>\n<li>EAN koda: 9120132140380<\/li>\n<\/ul>\n<\/ul>\n","protected":false},"excerpt":{"rendered":"<h3>Izpostavljeno<\/h3>\n<p>Stroj omogo\u010da natan\u010den pregled in nastavitev delovanja ter ponuja razli\u010dne mo\u017enosti varjenja:<\/p>\n<ul>\n<li>Zaslon za pregledno upravljanje in nastavitve<\/li>\n<li>Povezava za navijalno gorilko<\/li>\n<li><strong>MMA varjenje:<\/strong> 20 &#8211; 200 A (obmo\u010dje varilnega toka)<\/li>\n<li><strong>MIG varjenje:<\/strong>\n<ul>\n<li>60 &#8211; 250 A (obmo\u010dje varilnega toka)<\/li>\n<li>Debelina varilnega \u017ei\u010dnega materiala: \u00d80,8 | 1,0 | 1,2 mm<\/li>\n<li>\u010cas povratnega gorenja: 0,5 s<\/li>\n<li>Hitrost mehkega zagona: 1 &#8211; 13 m\/min<\/li>\n<li>\u010cas to\u010dkovnega varjenja: 0,1 &#8211; 9,9 s<\/li>\n<li>\u010cas pavze to\u010dkovnega varjenja: 0,1 &#8211; 25,5 s<\/li>\n<li>\u010cas predpretoka plina: 0 &#8211; 10 s<\/li>\n<li>\u010cas zaporednega pretoka plina: 0,1 &#8211; 50 s<\/li>\n<li>MIG varjenje z dvopulznim na\u010dinom: frekvenca pulzov 0,5 &#8211; 5 Hz<\/li>\n<\/ul>\n<\/li>\n<li><strong>TIG varjenje:<\/strong>\n<ul>\n<li>10 &#8211; 250 A (obmo\u010dje varilnega toka)<\/li>\n<li>Frekvenca pulzov: 0,1 &#8211; 99 Hz<\/li>\n<\/ul>\n<\/li>\n<\/ul>\n<p><strong>Vklju\u010deno v paket:<\/strong> kle\u0161\u010de za ozemljitev 300 A (3 m), dr\u017ealo za elektrodo 300 A (2 m), MIG varilna gorilka (3 m), plinska cev (2 m), ventil za sprostitev tlaka<\/p>\n","protected":false},"featured_media":1027,"template":"","meta":[],"product_brand":[],"product_cat":[1043,1053],"product_tag":[],"class_list":{"0":"post-1026","1":"product","2":"type-product","3":"status-publish","4":"has-post-thumbnail","6":"product_cat-stroji-za-kovine","7":"product_cat-varilni-aparati-in-oprema","9":"first","10":"instock","11":"shipping-taxable","12":"purchasable","13":"product-type-simple"},"_links":{"self":[{"href":"https:\/\/www.depoles.com\/hr\/wp-json\/wp\/v2\/product\/1026","targetHints":{"allow":["GET"]}}],"collection":[{"href":"https:\/\/www.depoles.com\/hr\/wp-json\/wp\/v2\/product"}],"about":[{"href":"https:\/\/www.depoles.com\/hr\/wp-json\/wp\/v2\/types\/product"}],"wp:featuredmedia":[{"embeddable":true,"href":"https:\/\/www.depoles.com\/hr\/wp-json\/wp\/v2\/media\/1027"}],"wp:attachment":[{"href":"https:\/\/www.depoles.com\/hr\/wp-json\/wp\/v2\/media?parent=1026"}],"wp:term":[{"taxonomy":"product_brand","embeddable":true,"href":"https:\/\/www.depoles.com\/hr\/wp-json\/wp\/v2\/product_brand?post=1026"},{"taxonomy":"product_cat","embeddable":true,"href":"https:\/\/www.depoles.com\/hr\/wp-json\/wp\/v2\/product_cat?post=1026"},{"taxonomy":"product_tag","embeddable":true,"href":"https:\/\/www.depoles.com\/hr\/wp-json\/wp\/v2\/product_tag?post=1026"}],"curies":[{"name":"wp","href":"https:\/\/api.w.org\/{rel}","templated":true}]}}