{"id":1030,"date":"2024-07-01T11:45:18","date_gmt":"2024-07-01T09:45:18","guid":{"rendered":"https:\/\/nova.depoles.com\/trgovina\/mig-mma-inverter-welding-machine-emsa315\/"},"modified":"2025-12-17T14:04:15","modified_gmt":"2025-12-17T13:04:15","slug":"mig-mma-inverter-welding-machine-emsa315","status":"publish","type":"product","link":"https:\/\/www.depoles.com\/hr\/trgovina\/mig-mma-inverter-welding-machine-emsa315\/","title":{"rendered":"MIG\/MMA inverter aparat za zavarivanje EMSA315"},"content":{"rendered":"<p><strong>Tehni\u010dni podatki<\/strong><\/p>\n<ul>\n<li><strong>Dimenzije (v mm):<\/strong> 850 x 270 x 730<\/li>\n<li><strong>Varjenje &#8211; vhodna napetost:<\/strong> 400 V \/ 3 \/ 50 &#8211; 60 Hz<\/li>\n<li><strong>Poraba mo\u010di (v kVA):<\/strong> 15<\/li>\n<li><strong>Te\u017ea:<\/strong>\n<ul>\n<li>Bruto te\u017ea: 55 kg<\/li>\n<li>Netto te\u017ea: 40 kg<\/li>\n<\/ul>\n<\/li>\n<li><strong>Embala\u017ea (v mm):<\/strong>\n<ul>\n<li>\u0160irina: 460<\/li>\n<li>Dol\u017eina: 920<\/li>\n<li>Vi\u0161ina: 860<\/li>\n<\/ul>\n<\/li>\n<li><strong>Splo\u0161ni podatki:<\/strong>\n<ul>\n<li>EAN koda: 9120132140373<\/li>\n<\/ul>\n<\/li>\n<\/ul>\n","protected":false},"excerpt":{"rendered":"<h3>Izpostavljeno<\/h3>\n<p>Pralni aparat vklju\u010duje transportno napravo s prostorom za shranjevanje jeklenk. Primeren je za razli\u010dne vrste varjenja:<\/p>\n<ul>\n<li><strong>MMA varjenje:<\/strong> 10 &#8211; 200 A<\/li>\n<li><strong>MIG varjenje:<\/strong> 30 &#8211; 315 A, debelina varilnega \u017ei\u010dnega materiala \u00d8 0,6 | 0,8 | 1,0 | 1,2 mm, hitrost podajanja \u017eice 1,5 &#8211; 13 m\/min, frekvenca to\u010dkovnega varjenja 0,5 &#8211; 15 s<\/li>\n<\/ul>\n<p><strong>Vklju\u010deno v paket:<\/strong> ozemljitvena sponka (3 m), plinska cev (2 m), ventil za spro\u0161\u010danje tlaka, MIG varilna gorilnik, dr\u017ealo za elektrodo.<\/p>\n","protected":false},"featured_media":1031,"template":"","meta":[],"product_brand":[],"product_cat":[1043,1053],"product_tag":[],"class_list":{"0":"post-1030","1":"product","2":"type-product","3":"status-publish","4":"has-post-thumbnail","6":"product_cat-stroji-za-kovine","7":"product_cat-varilni-aparati-in-oprema","9":"first","10":"instock","11":"shipping-taxable","12":"purchasable","13":"product-type-simple"},"_links":{"self":[{"href":"https:\/\/www.depoles.com\/hr\/wp-json\/wp\/v2\/product\/1030","targetHints":{"allow":["GET"]}}],"collection":[{"href":"https:\/\/www.depoles.com\/hr\/wp-json\/wp\/v2\/product"}],"about":[{"href":"https:\/\/www.depoles.com\/hr\/wp-json\/wp\/v2\/types\/product"}],"wp:featuredmedia":[{"embeddable":true,"href":"https:\/\/www.depoles.com\/hr\/wp-json\/wp\/v2\/media\/1031"}],"wp:attachment":[{"href":"https:\/\/www.depoles.com\/hr\/wp-json\/wp\/v2\/media?parent=1030"}],"wp:term":[{"taxonomy":"product_brand","embeddable":true,"href":"https:\/\/www.depoles.com\/hr\/wp-json\/wp\/v2\/product_brand?post=1030"},{"taxonomy":"product_cat","embeddable":true,"href":"https:\/\/www.depoles.com\/hr\/wp-json\/wp\/v2\/product_cat?post=1030"},{"taxonomy":"product_tag","embeddable":true,"href":"https:\/\/www.depoles.com\/hr\/wp-json\/wp\/v2\/product_tag?post=1030"}],"curies":[{"name":"wp","href":"https:\/\/api.w.org\/{rel}","templated":true}]}}