{"id":1040,"date":"2024-07-01T11:45:14","date_gmt":"2024-07-01T09:45:14","guid":{"rendered":"https:\/\/nova.depoles.com\/trgovina\/machine-stand-akm610ecoms\/"},"modified":"2025-12-17T14:04:26","modified_gmt":"2025-12-17T13:04:26","slug":"machine-stand-akm610ecoms","status":"publish","type":"product","link":"https:\/\/www.depoles.com\/hr\/trgovina\/machine-stand-akm610ecoms\/","title":{"rendered":"Stalak za stroj AKM610ECOMS"},"content":{"rendered":"<p><strong>Specifikacija izdelka:<\/strong><\/p>\n<ul>\n<li><strong>Dimenzije (mm):<\/strong> 755 x 400 x 695<\/li>\n<li><strong>Te\u017ea:<\/strong>\n<ul>\n<li>Bruto te\u017ea: 11 kg<\/li>\n<li>Netto te\u017ea: 9,50 kg<\/li>\n<\/ul>\n<\/li>\n<li><strong>Embala\u017ea (mm):<\/strong>\n<ul>\n<li>\u0160irina: 445<\/li>\n<li>Dol\u017eina: 755<\/li>\n<li>Vi\u0161ina: 100<\/li>\n<\/ul>\n<\/li>\n<li><strong>EAN koda:<\/strong> 9120058378584<\/li>\n<\/ul>\n","protected":false},"excerpt":{"rendered":"<p>Stojalo za stroj z vi\u0161ino podporne povr\u0161ine 695 mm in najve\u010djo nosilnostjo 100 kg. Vklju\u010deni so vsi potrebni vijaki in matice za pritrditev fazalnika (4 x vijaki\/matice).<\/p>\n","protected":false},"featured_media":1041,"template":"","meta":[],"product_brand":[],"product_cat":[1043,1052],"product_tag":[],"class_list":{"0":"post-1040","1":"product","2":"type-product","3":"status-publish","4":"has-post-thumbnail","6":"product_cat-stroji-za-kovine","7":"product_cat-upogibni-stroji","9":"first","10":"instock","11":"shipping-taxable","12":"purchasable","13":"product-type-simple"},"_links":{"self":[{"href":"https:\/\/www.depoles.com\/hr\/wp-json\/wp\/v2\/product\/1040","targetHints":{"allow":["GET"]}}],"collection":[{"href":"https:\/\/www.depoles.com\/hr\/wp-json\/wp\/v2\/product"}],"about":[{"href":"https:\/\/www.depoles.com\/hr\/wp-json\/wp\/v2\/types\/product"}],"wp:featuredmedia":[{"embeddable":true,"href":"https:\/\/www.depoles.com\/hr\/wp-json\/wp\/v2\/media\/1041"}],"wp:attachment":[{"href":"https:\/\/www.depoles.com\/hr\/wp-json\/wp\/v2\/media?parent=1040"}],"wp:term":[{"taxonomy":"product_brand","embeddable":true,"href":"https:\/\/www.depoles.com\/hr\/wp-json\/wp\/v2\/product_brand?post=1040"},{"taxonomy":"product_cat","embeddable":true,"href":"https:\/\/www.depoles.com\/hr\/wp-json\/wp\/v2\/product_cat?post=1040"},{"taxonomy":"product_tag","embeddable":true,"href":"https:\/\/www.depoles.com\/hr\/wp-json\/wp\/v2\/product_tag?post=1040"}],"curies":[{"name":"wp","href":"https:\/\/api.w.org\/{rel}","templated":true}]}}