{"id":1042,"date":"2024-07-01T11:45:11","date_gmt":"2024-07-01T09:45:11","guid":{"rendered":"https:\/\/nova.depoles.com\/trgovina\/shop-press-50tons-wp50eco\/"},"modified":"2026-02-12T13:33:40","modified_gmt":"2026-02-12T12:33:40","slug":"shop-press-50tons-wp50eco","status":"publish","type":"product","link":"https:\/\/www.depoles.com\/hr\/trgovina\/shop-press-50tons-wp50eco\/","title":{"rendered":"Pre\u0161a \/ stiskalica 50 tona WP50ECO"},"content":{"rendered":"<p><strong>Specifikacija izdelka<\/strong><\/p>\n<ul>\n<li><strong>Dimenzije (v mm):<\/strong> 1330 x 850 x 1750<\/li>\n<li><strong>\u0160irina postelje (v mm):<\/strong> 700<\/li>\n<li><strong>Tla\u010dna mo\u010d (v tonah):<\/strong> 50<\/li>\n<li><strong>Hod (v mm):<\/strong> 200<\/li>\n<li><strong>Delovno obmo\u010dje (v mm):<\/strong> 75 &#8211; 1125<\/li>\n<li><strong>Nivo zvo\u010dnega tlaka (v dB(A)):<\/strong> &lt;70<\/li>\n<li><strong>Bruto te\u017ea (v kg):<\/strong> 270<\/li>\n<li><strong>Netote\u017ea (v kg):<\/strong> 246,30<\/li>\n<li><strong>Dimenzije embala\u017ee (v mm):<\/strong>\n<ul>\n<li>\u0160irina: 310<\/li>\n<li>Dol\u017eina: 970<\/li>\n<li>Vi\u0161ina: 1910<\/li>\n<\/ul>\n<\/li>\n<li><strong>EAN koda:<\/strong> 9120058379147<\/li>\n<\/ul>\n","protected":false},"excerpt":{"rendered":"<p>Ta naprava je idealna za stiskanje, upogibanje in ravnanje z enostavno uporabo in natan\u010dnim nadzorom tlaka. Ponuja zanesljivo servisno podporo pri vzdr\u017eevanju in monta\u017ei ter robusten pnevmatsko-hidravli\u010dni enostopenjski cilinder z avtomatskim vra\u010danjem bata.<\/p>\n<ul>\n<li>Priro\u010dna uporaba za stiskanje, upogibanje in ravnanje<\/li>\n<li>Manometer prikazuje silo tlaka<\/li>\n<li>Popolna servisna pomo\u010d pri vzdr\u017eevanju in monta\u017ei<\/li>\n<li>Trden enostopenjski pnevmatsko-hidravli\u010dni cilinder<\/li>\n<li>Avtomatsko vra\u010danje bata<\/li>\n<li>Stiskalna miza nastavljiva po vi\u0161ini z ro\u010dico<\/li>\n<li>Ro\u010dno krmiljenje tlaka preko hidravli\u010dne ro\u010dne \u010drpalke ali pnevmatskega tlaka<\/li>\n<li>Vklju\u010dena enota za stisnjen zrak s priklju\u010dkom 1\/4&#8243; in delovnim tlakom 7,5\u20138,5 bar<\/li>\n<li>Nosilec obdelovanca dimenzij 290 x 130 x 125 mm<\/li>\n<\/ul>\n","protected":false},"featured_media":1043,"template":"","meta":[],"product_brand":[],"product_cat":[1067,1003],"product_tag":[],"class_list":{"0":"post-1042","1":"product","2":"type-product","3":"status-publish","4":"has-post-thumbnail","6":"product_cat-delavniske-prese","7":"product_cat-oprema-za-delavnice","9":"first","10":"instock","11":"shipping-taxable","12":"purchasable","13":"product-type-simple"},"_links":{"self":[{"href":"https:\/\/www.depoles.com\/hr\/wp-json\/wp\/v2\/product\/1042","targetHints":{"allow":["GET"]}}],"collection":[{"href":"https:\/\/www.depoles.com\/hr\/wp-json\/wp\/v2\/product"}],"about":[{"href":"https:\/\/www.depoles.com\/hr\/wp-json\/wp\/v2\/types\/product"}],"wp:featuredmedia":[{"embeddable":true,"href":"https:\/\/www.depoles.com\/hr\/wp-json\/wp\/v2\/media\/1043"}],"wp:attachment":[{"href":"https:\/\/www.depoles.com\/hr\/wp-json\/wp\/v2\/media?parent=1042"}],"wp:term":[{"taxonomy":"product_brand","embeddable":true,"href":"https:\/\/www.depoles.com\/hr\/wp-json\/wp\/v2\/product_brand?post=1042"},{"taxonomy":"product_cat","embeddable":true,"href":"https:\/\/www.depoles.com\/hr\/wp-json\/wp\/v2\/product_cat?post=1042"},{"taxonomy":"product_tag","embeddable":true,"href":"https:\/\/www.depoles.com\/hr\/wp-json\/wp\/v2\/product_tag?post=1042"}],"curies":[{"name":"wp","href":"https:\/\/api.w.org\/{rel}","templated":true}]}}