{"id":1048,"date":"2024-07-01T11:45:07","date_gmt":"2024-07-01T09:45:07","guid":{"rendered":"https:\/\/nova.depoles.com\/trgovina\/vacuum-brazed-diamond-drill-set-dtbks6-68\/"},"modified":"2025-12-17T14:04:50","modified_gmt":"2025-12-17T13:04:50","slug":"vacuum-brazed-diamond-drill-set-dtbks6-68","status":"publish","type":"product","link":"https:\/\/www.depoles.com\/hr\/trgovina\/vacuum-brazed-diamond-drill-set-dtbks6-68\/","title":{"rendered":"Komplet dijamantnih svrdala s vakuumskim lemljenjem DTBKS6-68"},"content":{"rendered":"<p><strong>Tehni\u010dni podatki<\/strong><\/p>\n<ul>\n<li><strong>Te\u017ea<\/strong>\n<ul>\n<li>Bruto te\u017ea: 1,70 kg<\/li>\n<li>Netto te\u017ea: 1,60 kg<\/li>\n<\/ul>\n<\/li>\n<li><strong>Embal\u017ea<\/strong>\n<ul>\n<li>\u0160irina embala\u017ee: 80 mm<\/li>\n<li>Dol\u017eina embala\u017ee: 100 mm<\/li>\n<li>Vi\u0161ina embala\u017ee: 30 mm<\/li>\n<\/ul>\n<\/li>\n<li><strong>Splo\u0161ni podatki<\/strong>\n<ul>\n<li>EAN koda: 9120132140526<\/li>\n<\/ul>\n<\/li>\n<\/ul>\n","protected":false},"excerpt":{"rendered":"<h3>Opis izdelka<\/h3>\n<p>Komplet svedrov za vrtanje v plo\u0161\u010dice in kamen z razli\u010dnimi premeri:<\/p>\n<ul>\n<li>Premer 68 mm<\/li>\n<li>Premer 50 mm<\/li>\n<li>Premer 45 mm<\/li>\n<li>Premer 35 mm<\/li>\n<li>Premer 25 mm<\/li>\n<li>Premer 12 mm<\/li>\n<li>Premer 10 mm<\/li>\n<li>Premer 8 mm<\/li>\n<li>Premer 6 mm<\/li>\n<\/ul>\n","protected":false},"featured_media":1049,"template":"","meta":[],"product_brand":[],"product_cat":[1003,1008],"product_tag":[],"class_list":{"0":"post-1048","1":"product","2":"type-product","3":"status-publish","4":"has-post-thumbnail","6":"product_cat-oprema-za-delavnice","7":"product_cat-pripomocki","9":"first","10":"instock","11":"shipping-taxable","12":"purchasable","13":"product-type-simple"},"_links":{"self":[{"href":"https:\/\/www.depoles.com\/hr\/wp-json\/wp\/v2\/product\/1048","targetHints":{"allow":["GET"]}}],"collection":[{"href":"https:\/\/www.depoles.com\/hr\/wp-json\/wp\/v2\/product"}],"about":[{"href":"https:\/\/www.depoles.com\/hr\/wp-json\/wp\/v2\/types\/product"}],"wp:featuredmedia":[{"embeddable":true,"href":"https:\/\/www.depoles.com\/hr\/wp-json\/wp\/v2\/media\/1049"}],"wp:attachment":[{"href":"https:\/\/www.depoles.com\/hr\/wp-json\/wp\/v2\/media?parent=1048"}],"wp:term":[{"taxonomy":"product_brand","embeddable":true,"href":"https:\/\/www.depoles.com\/hr\/wp-json\/wp\/v2\/product_brand?post=1048"},{"taxonomy":"product_cat","embeddable":true,"href":"https:\/\/www.depoles.com\/hr\/wp-json\/wp\/v2\/product_cat?post=1048"},{"taxonomy":"product_tag","embeddable":true,"href":"https:\/\/www.depoles.com\/hr\/wp-json\/wp\/v2\/product_tag?post=1048"}],"curies":[{"name":"wp","href":"https:\/\/api.w.org\/{rel}","templated":true}]}}