{"id":1056,"date":"2024-07-01T11:45:02","date_gmt":"2024-07-01T09:45:02","guid":{"rendered":"https:\/\/nova.depoles.com\/trgovina\/electric-cable-reel-ekr20m_230v\/"},"modified":"2025-12-17T22:17:59","modified_gmt":"2025-12-17T21:17:59","slug":"electric-cable-reel-ekr20m_230v","status":"publish","type":"product","link":"https:\/\/www.depoles.com\/hr\/trgovina\/electric-cable-reel-ekr20m_230v\/","title":{"rendered":"Elektri\u010dni kabelski kolut EKR20M_230V"},"content":{"rendered":"<p><strong>Specifikacije izdelka:<\/strong><\/p>\n<ul>\n<li><strong>Razred naprave:<\/strong> IP20<\/li>\n<li><strong>Dimenzije (V x \u0160 x G) v mm:<\/strong> 450 x 185 x 310<\/li>\n<li><strong>Material kabla:<\/strong> H05VV-F3G1.5<\/li>\n<li><strong>Dol\u017eina kabla v mm:<\/strong> 20 + 2<\/li>\n<li><strong>Bruto te\u017ea v kg:<\/strong> 8<\/li>\n<li><strong>Netto te\u017ea v kg:<\/strong> 7,50<\/li>\n<li><strong>Dimenzije embala\u017ee (\u0160 x D x V) v mm:<\/strong> 200 x 300 x 330<\/li>\n<li><strong>EAN koda:<\/strong> 9120132140076<\/li>\n<\/ul>\n","protected":false},"excerpt":{"rendered":"<h3>Poudarki izdelka<\/h3>\n<p>Izdelek vsebuje vse potrebno za enostavno monta\u017eo in zanesljivo delovanje:<\/p>\n<ul>\n<li>vsa monta\u017ena oprema za nagibno pritrditev<\/li>\n<li>poseben sistem za navijanje kabla<\/li>\n<li>kvaliteten elektro gumijasti kabel dol\u017eine 20 m + 2 m<\/li>\n<li>\u010dvrsto ohi\u0161je<\/li>\n<li>ponastavljiva termi\u010dna za\u0161\u010dita pri 56 \u00b0C \u00b1 5 \u00b0C<\/li>\n<li>maksimalna obremenitev: navit\/razvit 1500 W \/ 3200 W<\/li>\n<\/ul>\n<p><strong>Vklju\u010deno v dostavo:<\/strong> stenska monta\u017ena oprema<\/p>\n","protected":false},"featured_media":1057,"template":"","meta":[],"product_brand":[],"product_cat":[1003,1008],"product_tag":[],"class_list":{"0":"post-1056","1":"product","2":"type-product","3":"status-publish","4":"has-post-thumbnail","6":"product_cat-oprema-za-delavnice","7":"product_cat-pripomocki","9":"first","10":"instock","11":"shipping-taxable","12":"purchasable","13":"product-type-simple"},"_links":{"self":[{"href":"https:\/\/www.depoles.com\/hr\/wp-json\/wp\/v2\/product\/1056","targetHints":{"allow":["GET"]}}],"collection":[{"href":"https:\/\/www.depoles.com\/hr\/wp-json\/wp\/v2\/product"}],"about":[{"href":"https:\/\/www.depoles.com\/hr\/wp-json\/wp\/v2\/types\/product"}],"wp:featuredmedia":[{"embeddable":true,"href":"https:\/\/www.depoles.com\/hr\/wp-json\/wp\/v2\/media\/1057"}],"wp:attachment":[{"href":"https:\/\/www.depoles.com\/hr\/wp-json\/wp\/v2\/media?parent=1056"}],"wp:term":[{"taxonomy":"product_brand","embeddable":true,"href":"https:\/\/www.depoles.com\/hr\/wp-json\/wp\/v2\/product_brand?post=1056"},{"taxonomy":"product_cat","embeddable":true,"href":"https:\/\/www.depoles.com\/hr\/wp-json\/wp\/v2\/product_cat?post=1056"},{"taxonomy":"product_tag","embeddable":true,"href":"https:\/\/www.depoles.com\/hr\/wp-json\/wp\/v2\/product_tag?post=1056"}],"curies":[{"name":"wp","href":"https:\/\/api.w.org\/{rel}","templated":true}]}}