{"id":1060,"date":"2024-07-01T11:45:00","date_gmt":"2024-07-01T09:45:00","guid":{"rendered":"https:\/\/nova.depoles.com\/trgovina\/vibratory-tumbler-vpt8kg\/"},"modified":"2026-04-10T08:27:46","modified_gmt":"2026-04-10T06:27:46","slug":"vibratory-tumbler-vpt8kg","status":"publish","type":"product","link":"https:\/\/www.depoles.com\/hr\/trgovina\/vibratory-tumbler-vpt8kg\/","title":{"rendered":"Vibracijski bubanj VPT8KG"},"content":{"rendered":"<p><strong>Specifikacije izdelka:<\/strong><\/p>\n<ul>\n<li><strong>Motor:<\/strong>\n<ul>\n<li>Mo\u010d motorja S1: 40 W<\/li>\n<li>Napetost: 230 V \/ 50 Hz<\/li>\n<\/ul>\n<\/li>\n<li><strong>Dimenzije:<\/strong>\n<ul>\n<li>Skupne dimenzije (\u0160 x G x V): 380 x 380 x 510 mm<\/li>\n<\/ul>\n<\/li>\n<li><strong>Raven hrupa in vibracije:<\/strong>\n<ul>\n<li>Raven zvo\u010dnega tlaka: &lt; 70 dB(A)<\/li>\n<\/ul>\n<\/li>\n<li><strong>Te\u017ea:<\/strong>\n<ul>\n<li>Bruto te\u017ea: 16,50 kg<\/li>\n<li>Netto te\u017ea: 15 kg<\/li>\n<\/ul>\n<\/li>\n<li><strong>Embal\u017ea\u017ea:<\/strong>\n<ul>\n<li>\u0160irina embala\u017ee: 410 mm<\/li>\n<li>Dol\u017eina embala\u017ee: 410 mm<\/li>\n<li>Vi\u0161ina embala\u017ee: 530 mm<\/li>\n<\/ul>\n<\/li>\n<li><strong>Splo\u0161ni podatki:<\/strong>\n<ul>\n<li>EAN koda: 9120132140168<\/li>\n<\/ul>\n<\/li>\n<\/ul>\n","protected":false},"excerpt":{"rendered":"<h3>Klju\u010dne lastnosti<\/h3>\n<ul>\n<li>Najve\u010dja velikost obdelovanca: 280 mm<\/li>\n<li>Primeren za plasti\u010dno sredstvo z dodatkom abraziva<\/li>\n<li>\u010cas procesa odma\u0161\u010devanja obdelovancev pribli\u017eno 30 minut<\/li>\n<li>\u010cas procesa odstranjevanja rje med 2 in 6 urami<\/li>\n<\/ul>\n<p><strong>Vklju\u010deno v dostavo:<\/strong> boben s pokrovom<\/p>\n<p><strong>Ni vklju\u010deno:<\/strong> abrazivno\/plasti\u010dno sredstvo<\/p>\n","protected":false},"featured_media":1061,"template":"","meta":[],"product_brand":[],"product_cat":[1003,1008],"product_tag":[],"class_list":{"0":"post-1060","1":"product","2":"type-product","3":"status-publish","4":"has-post-thumbnail","6":"product_cat-oprema-za-delavnice","7":"product_cat-pripomocki","9":"first","10":"instock","11":"shipping-taxable","12":"purchasable","13":"product-type-simple"},"_links":{"self":[{"href":"https:\/\/www.depoles.com\/hr\/wp-json\/wp\/v2\/product\/1060","targetHints":{"allow":["GET"]}}],"collection":[{"href":"https:\/\/www.depoles.com\/hr\/wp-json\/wp\/v2\/product"}],"about":[{"href":"https:\/\/www.depoles.com\/hr\/wp-json\/wp\/v2\/types\/product"}],"wp:featuredmedia":[{"embeddable":true,"href":"https:\/\/www.depoles.com\/hr\/wp-json\/wp\/v2\/media\/1061"}],"wp:attachment":[{"href":"https:\/\/www.depoles.com\/hr\/wp-json\/wp\/v2\/media?parent=1060"}],"wp:term":[{"taxonomy":"product_brand","embeddable":true,"href":"https:\/\/www.depoles.com\/hr\/wp-json\/wp\/v2\/product_brand?post=1060"},{"taxonomy":"product_cat","embeddable":true,"href":"https:\/\/www.depoles.com\/hr\/wp-json\/wp\/v2\/product_cat?post=1060"},{"taxonomy":"product_tag","embeddable":true,"href":"https:\/\/www.depoles.com\/hr\/wp-json\/wp\/v2\/product_tag?post=1060"}],"curies":[{"name":"wp","href":"https:\/\/api.w.org\/{rel}","templated":true}]}}