{"id":1064,"date":"2024-07-01T11:44:58","date_gmt":"2024-07-01T09:44:58","guid":{"rendered":"https:\/\/nova.depoles.com\/trgovina\/single-oblique-hook-10pcs-wess13hook\/"},"modified":"2026-02-12T13:36:40","modified_gmt":"2026-02-12T12:36:40","slug":"single-oblique-hook-10pcs-wess13hook","status":"publish","type":"product","link":"https:\/\/www.depoles.com\/hr\/trgovina\/single-oblique-hook-10pcs-wess13hook\/","title":{"rendered":"Jednoru\u010dna kosina kvaka (10 komada) WESS13HOOK"},"content":{"rendered":"<p><strong>Specifikacije izdelka:<\/strong><\/p>\n<ul>\n<li><strong>Te\u017ea:<\/strong>\n<ul>\n<li>Bruto te\u017ea: 0,28 kg<\/li>\n<li>Netto te\u017ea: 0,24 kg<\/li>\n<\/ul>\n<\/li>\n<li><strong>Embala\u017ea:<\/strong>\n<ul>\n<li>\u0160irina embala\u017ee: 110 mm<\/li>\n<li>Dol\u017eina embala\u017ee: 150 mm<\/li>\n<li>Vi\u0161ina embala\u017ee: 60 mm<\/li>\n<\/ul>\n<\/li>\n<li><strong>Splo\u0161ni podatki:<\/strong>\n<ul>\n<li>EAN koda: 9120058379772<\/li>\n<\/ul>\n<\/li>\n<\/ul>\n","protected":false},"excerpt":{"rendered":"<h3>Poudarki izdelka<\/h3>\n<ul>\n<li>Kljuka je dolga 50 mm in ima premer 6 mm.<\/li>\n<li>Gumijasti pokrov\u010dek na koncu \u0161\u010diti pred po\u0161kodbami.<\/li>\n<li>Univerzalna uporaba.<\/li>\n<li>Primerna za perforirane stene WESS13.<\/li>\n<\/ul>\n","protected":false},"featured_media":1065,"template":"","meta":[],"product_brand":[],"product_cat":[1002,1003],"product_tag":[],"class_list":{"0":"post-1064","1":"product","2":"type-product","3":"status-publish","4":"has-post-thumbnail","6":"product_cat-delovne-mize-in-police","7":"product_cat-oprema-za-delavnice","9":"first","10":"instock","11":"shipping-taxable","12":"purchasable","13":"product-type-simple"},"_links":{"self":[{"href":"https:\/\/www.depoles.com\/hr\/wp-json\/wp\/v2\/product\/1064","targetHints":{"allow":["GET"]}}],"collection":[{"href":"https:\/\/www.depoles.com\/hr\/wp-json\/wp\/v2\/product"}],"about":[{"href":"https:\/\/www.depoles.com\/hr\/wp-json\/wp\/v2\/types\/product"}],"wp:featuredmedia":[{"embeddable":true,"href":"https:\/\/www.depoles.com\/hr\/wp-json\/wp\/v2\/media\/1065"}],"wp:attachment":[{"href":"https:\/\/www.depoles.com\/hr\/wp-json\/wp\/v2\/media?parent=1064"}],"wp:term":[{"taxonomy":"product_brand","embeddable":true,"href":"https:\/\/www.depoles.com\/hr\/wp-json\/wp\/v2\/product_brand?post=1064"},{"taxonomy":"product_cat","embeddable":true,"href":"https:\/\/www.depoles.com\/hr\/wp-json\/wp\/v2\/product_cat?post=1064"},{"taxonomy":"product_tag","embeddable":true,"href":"https:\/\/www.depoles.com\/hr\/wp-json\/wp\/v2\/product_tag?post=1064"}],"curies":[{"name":"wp","href":"https:\/\/api.w.org\/{rel}","templated":true}]}}