{"id":1067,"date":"2024-07-01T11:44:56","date_gmt":"2024-07-01T09:44:56","guid":{"rendered":"https:\/\/nova.depoles.com\/trgovina\/hook-kit-wess13hookkit\/"},"modified":"2026-02-12T13:36:40","modified_gmt":"2026-02-12T12:36:40","slug":"hook-kit-wess13hookkit","status":"publish","type":"product","link":"https:\/\/www.depoles.com\/hr\/trgovina\/hook-kit-wess13hookkit\/","title":{"rendered":"Komplet kvaka WESS13HOOKKIT"},"content":{"rendered":"<p><strong>Tehni\u010dni podatki<\/strong><\/p>\n<ul>\n<li><strong>Te\u017ea<\/strong>\n<ul>\n<li>Bruto te\u017ea: 2 kg<\/li>\n<li>Neto te\u017ea: 1,75 kg<\/li>\n<\/ul>\n<\/li>\n<li><strong>Embala\u017ea<\/strong>\n<ul>\n<li>\u0160irina embala\u017ee: 180 mm<\/li>\n<li>Dol\u017eina embala\u017ee: 405 mm<\/li>\n<li>Vi\u0161ina embala\u017ee: 85 mm<\/li>\n<\/ul>\n<\/li>\n<li><strong>Splo\u0161ni podatki<\/strong>\n<ul>\n<li>EAN koda: 9120058379789<\/li>\n<\/ul>\n<\/li>\n<\/ul>\n","protected":false},"excerpt":{"rendered":"<h3>Izpostavljeno<\/h3>\n<p>Komplet \u0161tirih obe\u0161al za orodje, ki vklju\u010duje:<\/p>\n<ul>\n<li>Dr\u017ealo za izvija\u010de (6 mest)<\/li>\n<li>\u0160katla za shranjevanje: 350 x 125 mm<\/li>\n<li>Dr\u017ealo za klju\u010de (\u0161irina: 75-145 mm, vi\u0161ina: 220 mm)<\/li>\n<li>Dr\u017ealo za matice (390 x 30 mm)<\/li>\n<\/ul>\n","protected":false},"featured_media":1068,"template":"","meta":[],"product_brand":[],"product_cat":[1002,1003],"product_tag":[],"class_list":{"0":"post-1067","1":"product","2":"type-product","3":"status-publish","4":"has-post-thumbnail","6":"product_cat-delovne-mize-in-police","7":"product_cat-oprema-za-delavnice","9":"first","10":"instock","11":"shipping-taxable","12":"purchasable","13":"product-type-simple"},"_links":{"self":[{"href":"https:\/\/www.depoles.com\/hr\/wp-json\/wp\/v2\/product\/1067","targetHints":{"allow":["GET"]}}],"collection":[{"href":"https:\/\/www.depoles.com\/hr\/wp-json\/wp\/v2\/product"}],"about":[{"href":"https:\/\/www.depoles.com\/hr\/wp-json\/wp\/v2\/types\/product"}],"wp:featuredmedia":[{"embeddable":true,"href":"https:\/\/www.depoles.com\/hr\/wp-json\/wp\/v2\/media\/1068"}],"wp:attachment":[{"href":"https:\/\/www.depoles.com\/hr\/wp-json\/wp\/v2\/media?parent=1067"}],"wp:term":[{"taxonomy":"product_brand","embeddable":true,"href":"https:\/\/www.depoles.com\/hr\/wp-json\/wp\/v2\/product_brand?post=1067"},{"taxonomy":"product_cat","embeddable":true,"href":"https:\/\/www.depoles.com\/hr\/wp-json\/wp\/v2\/product_cat?post=1067"},{"taxonomy":"product_tag","embeddable":true,"href":"https:\/\/www.depoles.com\/hr\/wp-json\/wp\/v2\/product_tag?post=1067"}],"curies":[{"name":"wp","href":"https:\/\/api.w.org\/{rel}","templated":true}]}}