{"id":1076,"date":"2024-07-01T11:44:51","date_gmt":"2024-07-01T09:44:51","guid":{"rendered":"https:\/\/nova.depoles.com\/trgovina\/grey-grinding-wheel-200x32x32-mm-dsm200ssg\/"},"modified":"2025-12-17T14:12:39","modified_gmt":"2025-12-17T13:12:39","slug":"grey-grinding-wheel-200x32x32-mm-dsm200ssg","status":"publish","type":"product","link":"https:\/\/www.depoles.com\/hr\/trgovina\/grey-grinding-wheel-200x32x32-mm-dsm200ssg\/","title":{"rendered":"Sivi brusni kota\u010d 200x32x32 mm DSM200SSG"},"content":{"rendered":"<p><strong>Specifikacija izdelka<\/strong><\/p>\n<ul>\n<li><strong>Te\u017ea<\/strong>\n<ul>\n<li>Bruto te\u017ea: 0,30 kg<\/li>\n<li>Netto te\u017ea: 0,20 kg<\/li>\n<\/ul>\n<\/li>\n<li><strong>Embala\u017ea<\/strong>\n<ul>\n<li>\u0160irina embala\u017ee: 315 mm<\/li>\n<li>Dol\u017eina embala\u017ee: 485 mm<\/li>\n<li>Vi\u0161ina embala\u017ee: 300 mm<\/li>\n<\/ul>\n<\/li>\n<li><strong>Splo\u0161ni podatki<\/strong>\n<ul>\n<li>EAN koda: 9120058377839<\/li>\n<\/ul>\n<\/li>\n<\/ul>\n","protected":false},"excerpt":{"rendered":"<p>Specifikacija izdelka Te\u017ea Bruto te\u017ea: 0,30 kg Netto te\u017ea: 0,20 kg Embala\u017ea \u0160irina embala\u017ee: 315 mm Dol\u017eina embala\u017ee: 485 mm Vi\u0161ina embala\u017ee: 300 mm Splo\u0161ni podatki EAN koda: 9120058377839<\/p>\n","protected":false},"featured_media":1077,"template":"","meta":[],"product_brand":[],"product_cat":[1007,1003],"product_tag":[],"class_list":{"0":"post-1076","1":"product","2":"type-product","3":"status-publish","4":"has-post-thumbnail","6":"product_cat-brusilniki","7":"product_cat-oprema-za-delavnice","9":"first","10":"instock","11":"shipping-taxable","12":"purchasable","13":"product-type-simple"},"_links":{"self":[{"href":"https:\/\/www.depoles.com\/hr\/wp-json\/wp\/v2\/product\/1076","targetHints":{"allow":["GET"]}}],"collection":[{"href":"https:\/\/www.depoles.com\/hr\/wp-json\/wp\/v2\/product"}],"about":[{"href":"https:\/\/www.depoles.com\/hr\/wp-json\/wp\/v2\/types\/product"}],"wp:featuredmedia":[{"embeddable":true,"href":"https:\/\/www.depoles.com\/hr\/wp-json\/wp\/v2\/media\/1077"}],"wp:attachment":[{"href":"https:\/\/www.depoles.com\/hr\/wp-json\/wp\/v2\/media?parent=1076"}],"wp:term":[{"taxonomy":"product_brand","embeddable":true,"href":"https:\/\/www.depoles.com\/hr\/wp-json\/wp\/v2\/product_brand?post=1076"},{"taxonomy":"product_cat","embeddable":true,"href":"https:\/\/www.depoles.com\/hr\/wp-json\/wp\/v2\/product_cat?post=1076"},{"taxonomy":"product_tag","embeddable":true,"href":"https:\/\/www.depoles.com\/hr\/wp-json\/wp\/v2\/product_tag?post=1076"}],"curies":[{"name":"wp","href":"https:\/\/api.w.org\/{rel}","templated":true}]}}