{"id":1078,"date":"2024-07-01T11:44:50","date_gmt":"2024-07-01T09:44:50","guid":{"rendered":"https:\/\/nova.depoles.com\/trgovina\/grey-grinding-wheel-150x25x32-mm-dsm150ssg\/"},"modified":"2025-12-17T14:12:46","modified_gmt":"2025-12-17T13:12:46","slug":"grey-grinding-wheel-150x25x32-mm-dsm150ssg","status":"publish","type":"product","link":"https:\/\/www.depoles.com\/hr\/trgovina\/grey-grinding-wheel-150x25x32-mm-dsm150ssg\/","title":{"rendered":"Sivi brusni kota\u010d 150x25x32 mm DSM150SSG"},"content":{"rendered":"<p><strong>Specifikacija izdelka:<\/strong><\/p>\n<table>\n<tbody>\n<tr>\n<th colspan=\"2\">Te\u017ea<\/th>\n<\/tr>\n<tr>\n<td>Bruto te\u017ea (kg)<\/td>\n<td>0,30<\/td>\n<\/tr>\n<tr>\n<td>Netto te\u017ea (kg)<\/td>\n<td>0,20<\/td>\n<\/tr>\n<tr>\n<th colspan=\"2\">Embala\u017ea<\/th>\n<\/tr>\n<tr>\n<td>\u0160irina embala\u017ee (mm)<\/td>\n<td>315<\/td>\n<\/tr>\n<tr>\n<td>Dol\u017eina embala\u017ee (mm)<\/td>\n<td>485<\/td>\n<\/tr>\n<tr>\n<td>Vi\u0161ina embala\u017ee (mm)<\/td>\n<td>300<\/td>\n<\/tr>\n<tr>\n<th colspan=\"2\">Splo\u0161ni podatki<\/th>\n<\/tr>\n<tr>\n<td>EAN koda<\/td>\n<td>9120058377792<\/td>\n<\/tr>\n<\/tbody>\n<\/table>\n","protected":false},"excerpt":{"rendered":"<p>Specifikacija izdelka: Te\u017ea Bruto te\u017ea (kg) 0,30 Netto te\u017ea (kg) 0,20 Embala\u017ea \u0160irina embala\u017ee (mm) 315 Dol\u017eina embala\u017ee (mm) 485 Vi\u0161ina embala\u017ee (mm) 300 Splo\u0161ni podatki EAN koda 9120058377792<\/p>\n","protected":false},"featured_media":1079,"template":"","meta":[],"product_brand":[],"product_cat":[1007,1003],"product_tag":[],"class_list":{"0":"post-1078","1":"product","2":"type-product","3":"status-publish","4":"has-post-thumbnail","6":"product_cat-brusilniki","7":"product_cat-oprema-za-delavnice","9":"first","10":"instock","11":"shipping-taxable","12":"purchasable","13":"product-type-simple"},"_links":{"self":[{"href":"https:\/\/www.depoles.com\/hr\/wp-json\/wp\/v2\/product\/1078","targetHints":{"allow":["GET"]}}],"collection":[{"href":"https:\/\/www.depoles.com\/hr\/wp-json\/wp\/v2\/product"}],"about":[{"href":"https:\/\/www.depoles.com\/hr\/wp-json\/wp\/v2\/types\/product"}],"wp:featuredmedia":[{"embeddable":true,"href":"https:\/\/www.depoles.com\/hr\/wp-json\/wp\/v2\/media\/1079"}],"wp:attachment":[{"href":"https:\/\/www.depoles.com\/hr\/wp-json\/wp\/v2\/media?parent=1078"}],"wp:term":[{"taxonomy":"product_brand","embeddable":true,"href":"https:\/\/www.depoles.com\/hr\/wp-json\/wp\/v2\/product_brand?post=1078"},{"taxonomy":"product_cat","embeddable":true,"href":"https:\/\/www.depoles.com\/hr\/wp-json\/wp\/v2\/product_cat?post=1078"},{"taxonomy":"product_tag","embeddable":true,"href":"https:\/\/www.depoles.com\/hr\/wp-json\/wp\/v2\/product_tag?post=1078"}],"curies":[{"name":"wp","href":"https:\/\/api.w.org\/{rel}","templated":true}]}}