{"id":1093,"date":"2024-07-01T11:44:37","date_gmt":"2024-07-01T09:44:37","guid":{"rendered":"https:\/\/nova.depoles.com\/trgovina\/vrtalni-stroj-sb13b16vn_230v\/"},"modified":"2026-03-23T08:19:28","modified_gmt":"2026-03-23T07:19:28","slug":"vrtalni-stroj-sb13b16vn_230v","status":"publish","type":"product","link":"https:\/\/www.depoles.com\/hr\/trgovina\/vrtalni-stroj-sb13b16vn_230v\/","title":{"rendered":"BU\u0160ILICA SB13B16VN_230V"},"content":{"rendered":"<p><strong>Tehni\u010dna specifikacija izdelka<\/strong><\/p>\n<ul>\n<li><strong>Podatki o motorju<\/strong>\n<ul>\n<li>Mo\u010d motorja S1: 300 W<\/li>\n<li>Napetost: 230 V \/ 50 Hz<\/li>\n<li>Hitrost vrtenja: 350 &#8211; 2500 min\u207b\u00b9<\/li>\n<\/ul>\n<\/li>\n<li><strong>Dimenzije<\/strong>\n<ul>\n<li>Razpon dosega: 105 mm<\/li>\n<li>Velikost mize: \u00d8 170 mm<\/li>\n<\/ul>\n<\/li>\n<li><strong>Tehni\u010dne specifikacije<\/strong>\n<ul>\n<li>Maksimalna zmogljivost vrtanja v jeklu: \u00d8 13 mm<\/li>\n<li>Hitrost vrtalne gredi: 350 &#8211; 2500 min\u207b\u00b9<\/li>\n<li>Maksimalna razdalja med vretenom in mizo: 270 mm<\/li>\n<li>Razdalja med vretenom in podno\u017ejem: 350 mm<\/li>\n<li>Premer stebra: 48 mm<\/li>\n<li>Maksimalna obremenitev mize: 20 kg<\/li>\n<\/ul>\n<\/li>\n<li><strong>Raven hrupa in vibracije<\/strong>\n<ul>\n<li>Raven zvo\u010dne mo\u010di: 84 dB(A)<\/li>\n<li>Raven zvo\u010dnega tlaka: 70 dB(A)<\/li>\n<\/ul>\n<\/li>\n<li><strong>Te\u017ea<\/strong>\n<ul>\n<li>Bruto te\u017ea: 13,50 kg<\/li>\n<li>Netto te\u017ea: 12,50 kg<\/li>\n<\/ul>\n<\/li>\n<li><strong>Pakiranje<\/strong>\n<ul>\n<li>\u0160irina pakiranja: 365 mm<\/li>\n<li>Dol\u017eina pakiranja: 490 mm<\/li>\n<li>Vi\u0161ina pakiranja: 260 mm<\/li>\n<\/ul>\n<\/li>\n<li><strong>Splo\u0161ni podatki<\/strong>\n<ul>\n<li>EAN koda: 9120132140250<\/li>\n<\/ul>\n<\/li>\n<\/ul>\n","protected":false},"excerpt":{"rendered":"<h3>Opis izdelka<\/h3>\n<p>Stebri\u010dna vrtalna miza z bru\u0161eno povr\u0161ino in nastavljivo vi\u0161ino omogo\u010da natan\u010dno delo. Opremljena je s prakti\u010dno tri-ro\u010dno ro\u010dico z merilnikom globine vrtanja ter za\u0161\u010ditnim pokrovom vretena. Nastavljiv omejevalnik globine, centrirni laser in mo\u017enost nastavitve hitrosti vrtanja od 350 do 2500 vrtljajev na minuto preko vrtljivega gumba zagotavljajo udobje in natan\u010dnost pri delu.<\/p>\n<p><strong>Vklju\u010deno v dostavo:<\/strong> hitro snemljiva vrtalna glava B16 (\u00d81-13 mm)<\/p>\n","protected":false},"featured_media":1094,"template":"","meta":[],"product_brand":[],"product_cat":[1043,1061],"product_tag":[243,306,314,441,800,890,891],"class_list":{"0":"post-1093","1":"product","2":"type-product","3":"status-publish","4":"has-post-thumbnail","6":"product_cat-stroji-za-kovine","7":"product_cat-vrtalni-stroji-za-kovino","8":"product_tag-busilica","9":"product_tag-delavniski","10":"product_tag-depoles","11":"product_tag-holzmann","12":"product_tag-stroj","13":"product_tag-vrtalni","14":"product_tag-vrtalnik","16":"first","17":"instock","18":"shipping-taxable","19":"purchasable","20":"product-type-simple"},"_links":{"self":[{"href":"https:\/\/www.depoles.com\/hr\/wp-json\/wp\/v2\/product\/1093","targetHints":{"allow":["GET"]}}],"collection":[{"href":"https:\/\/www.depoles.com\/hr\/wp-json\/wp\/v2\/product"}],"about":[{"href":"https:\/\/www.depoles.com\/hr\/wp-json\/wp\/v2\/types\/product"}],"wp:featuredmedia":[{"embeddable":true,"href":"https:\/\/www.depoles.com\/hr\/wp-json\/wp\/v2\/media\/1094"}],"wp:attachment":[{"href":"https:\/\/www.depoles.com\/hr\/wp-json\/wp\/v2\/media?parent=1093"}],"wp:term":[{"taxonomy":"product_brand","embeddable":true,"href":"https:\/\/www.depoles.com\/hr\/wp-json\/wp\/v2\/product_brand?post=1093"},{"taxonomy":"product_cat","embeddable":true,"href":"https:\/\/www.depoles.com\/hr\/wp-json\/wp\/v2\/product_cat?post=1093"},{"taxonomy":"product_tag","embeddable":true,"href":"https:\/\/www.depoles.com\/hr\/wp-json\/wp\/v2\/product_tag?post=1093"}],"curies":[{"name":"wp","href":"https:\/\/api.w.org\/{rel}","templated":true}]}}