{"id":10933,"date":"2026-03-13T08:14:32","date_gmt":"2026-03-13T07:14:32","guid":{"rendered":"https:\/\/www.depoles.com\/?post_type=product&#038;p=10933"},"modified":"2026-03-13T15:22:08","modified_gmt":"2026-03-13T14:22:08","slug":"kombinirka-ultimate-xi-410-vsi-nagibi-robland","status":"publish","type":"product","link":"https:\/\/www.depoles.com\/hr\/trgovina\/kombinirka-ultimate-xi-410-vsi-nagibi-robland\/","title":{"rendered":"KOMBINIRKA ULTIMATE Xi310 \/Xi410 ROBLAND VSI NAGIBI"},"content":{"rendered":"<div class=\"card specs\">\n<div class=\"card-title\">\n<p><span dir=\"auto\">Splo\u0161ne specifikacije <\/span><\/p>\n<p><span dir=\"auto\"><strong>KOMBINIRANEGA STROJA ROBLAND<\/strong>\u00a0 <strong><span style=\"color: #ff0000;\">Xi310\/Xi410<\/span><\/strong><\/span><\/p>\n<\/div>\n<div class=\"item d-flex flex-row flex-wrap\"><strong>\u017dAGA<\/strong><\/div>\n<\/div>\n<div class=\"card-content\">\n<div class=\"item d-flex flex-row flex-wrap\"><span class=\"item-value\"><span dir=\"auto\">Premer max 315 mm\/<\/span><\/span><span class=\"item-value\"><span dir=\"auto\">4000 vrt\/min<\/span><\/span><\/div>\n<div class=\"item d-flex flex-row flex-wrap\"><span class=\"item-value\"><span dir=\"auto\">visina odreza 107 mm<\/span><\/span><\/div>\n<div class=\"item d-flex flex-row flex-wrap\"><span class=\"item-value\"><span dir=\"auto\">nagib 90\u00b0 &#8211; 45\u00b0<\/span><\/span><\/div>\n<div class=\"item d-flex flex-row flex-wrap\"><span class=\"item-value\"><span dir=\"auto\">1200 mm<\/span><\/span><\/div>\n<div class=\"item d-flex flex-row flex-wrap\"><span class=\"item-value\"><span dir=\"auto\">predrezilo 120 mm<\/span><\/span><\/div>\n<div class=\"item d-flex flex-row flex-wrap\"><span class=\"item-value\"><span dir=\"auto\">\u017eaga z predrezilom max 300 mm<\/span><\/span><\/div>\n<div class=\"item d-flex flex-row flex-wrap\"><span class=\"item-value\"><span dir=\"auto\">Vrhunski aluminijasti formatni voz 2500 mm \/<\/span><\/span><span class=\"item-value\"><span dir=\"auto\">3100 mm \/3500(dopla\u010dilo)<\/span><\/span><\/div>\n<div class=\"item d-flex flex-row flex-wrap\"><span class=\"item-value\"><span dir=\"auto\">odsesovanje 100 mm + 60 mm<\/span><\/span><\/div>\n<\/div>\n<div class=\"card-title\">\n<h4><span dir=\"auto\">REZKAR<\/span><\/h4>\n<\/div>\n<div class=\"card-content\">\n<div class=\"item d-flex flex-row flex-wrap\"><span class=\"item-value\"><span dir=\"auto\">Vreteno \/os standard 30 mm \/ali dopla\u010dilo:\u00a0 32 mm &#8211; 50 mm &#8211; 1&#8243;1\/4<\/span><\/span><\/div>\n<div class=\"item d-flex flex-row flex-wrap\"><span class=\"item-value\"><span dir=\"auto\">Obrati na osi : 3000 &#8211; 6000 &#8211; 7500 &#8211; 10 000 vrt\/min<\/span><\/span><\/div>\n<div class=\"item d-flex flex-row flex-wrap\"><span class=\"item-value\"><span dir=\"auto\">Obrati pri monofaz motorju 6000 vrt\/min (1x 230 V)<\/span><\/span><span class=\"item-type\"><span dir=\"auto\">(neobvezno)<\/span><\/span><\/div>\n<div class=\"item d-flex flex-row flex-wrap\"><span class=\"item-value\"><span dir=\"auto\">max visina orodja 120 mm<\/span><\/span><\/div>\n<div class=\"item d-flex flex-row flex-wrap\"><span class=\"item-value\"><span dir=\"auto\">max visina vretena 140 mm<\/span><\/span><\/div>\n<div class=\"item d-flex flex-row flex-wrap\"><span class=\"item-value\"><span dir=\"auto\">NAGIB REZKARJA 90\u00b0\u201345\u00b0<\/span><\/span><\/div>\n<div class=\"item d-flex flex-row flex-wrap\"><span class=\"item-value\"><span dir=\"auto\">Max premer orodja 180 mm<\/span><\/span><\/div>\n<div class=\"item d-flex flex-row flex-wrap\"><span class=\"item-value\"><span dir=\"auto\">Max orodje 250 mm (z pokrovom za \u010depljenje-dopla\u010dilo<\/span><\/span><span class=\"item-type\"><span dir=\"auto\">)<\/span><\/span><\/div>\n<div class=\"item d-flex flex-row flex-wrap\"><span class=\"item-value\"><span dir=\"auto\">Odsesovanje priklop 100 mm + 100 mm<\/span><\/span><\/div>\n<div class=\"item d-flex flex-row flex-wrap\"><span class=\"item-value\"><span dir=\"auto\">Odsesovanje 120 mm<\/span><\/span><span class=\"item-type\"><span dir=\"auto\">(dopla\u010dilo)<\/span><\/span><\/div>\n<\/div>\n<div class=\"card specs\">\n<h4><span dir=\"auto\">PORAVNALKA DEBELINKA<\/span><\/h4>\n<div class=\"card-content\"><span class=\"item-value\"><span dir=\"auto\">max premer velna 70 mm<\/span><\/span><\/div>\n<div class=\"card-content\"><span class=\"item-value\"><span dir=\"auto\">obrati 5500 vrt\/min<\/span><\/span><br \/>\n<span class=\"item-value\"><span dir=\"auto\">sirina skobeljne osi 410 mm<\/span><\/span><br \/>\n<span class=\"item-value\"><span dir=\"auto\">dimenzija poravnalke 1800 mm x 410 mm<\/span><\/span><br \/>\n<span class=\"item-value\"><span dir=\"auto\">debelinka do max 230 mm<\/span><\/span><\/p>\n<div class=\"item d-flex flex-row flex-wrap\"><span class=\"item-value\"><span dir=\"auto\">stevilo skobelkjnih no\u017eev 3<\/span><\/span><\/div>\n<div class=\"item d-flex flex-row flex-wrap\"><span class=\"item-value\"><span dir=\"auto\">dimenzija 410 mm x 25 mm x 3 mm<\/span><\/span><\/div>\n<div class=\"item d-flex flex-row flex-wrap\"><span class=\"item-value\"><span dir=\"auto\">pomik\u00a0 VKLOP\/IZKLOP6 m\/min<\/span><\/span><\/div>\n<div class=\"item d-flex flex-row flex-wrap\"><span class=\"item-value\"><span dir=\"auto\">odsesovanje na preklopni kapi 100 mm<\/span><\/span><\/div>\n<\/div>\n<\/div>\n<div class=\"card specs\">\n<div class=\"card-title\">\n<h4><span dir=\"auto\">BO\u010cNI VRTALIK (DOPLA\u010cILO)\u00a0<\/span><\/h4>\n<\/div>\n<div class=\"card-content\">\n<div class=\"item d-flex flex-row flex-wrap\"><span class=\"item-value\"><span dir=\"auto\">vrtalna galva WESCOT , vpettje 0\u201316 mm<\/span><\/span><\/div>\n<div class=\"item d-flex flex-row flex-wrap\"><span class=\"item-value\"><span dir=\"auto\">dimenzija mize 165 mm x 140 mm<\/span><\/span><\/div>\n<div class=\"item d-flex flex-row flex-wrap\"><span class=\"item-value\"><span dir=\"auto\">visina pomika 85 mm<\/span><\/span><\/div>\n<\/div>\n<\/div>\n<div><\/div>\n<div class=\"item d-flex flex-row flex-wrap\"><span class=\"item-value\"><span dir=\"auto\">Te\u017ea osnove stroja od 940 -1200 kg<\/span><\/span><\/div>\n<div class=\"item d-flex flex-row flex-wrap\"><strong><span class=\"item-value\"><span dir=\"auto\">motorji 4,4 kW (6 KM) \/<\/span><\/span><span class=\"item-value\"><span dir=\"auto\">3&#215;400 V<\/span><\/span><\/strong><\/div>\n<div class=\"item d-flex flex-row flex-wrap\"><span class=\"item-value\"><span dir=\"auto\">Opcija : 3&#215;230 V <\/span><\/span><span class=\"item-type\"><span dir=\"auto\">(naro\u010dilo)<\/span><\/span><\/div>\n<div class=\"item d-flex flex-row flex-wrap\"><span class=\"item-value\"><span dir=\"auto\">motor 2,2 kW (3 KM)<\/span><\/span><span class=\"item-type\"><span dir=\"auto\">(dopla\u010dilo)<\/span><\/span><\/div>\n<div class=\"item d-flex flex-row flex-wrap\"><span class=\"item-value\"><span dir=\"auto\">motor 1&#215;230 V<\/span><\/span><span class=\"item-type\"><span dir=\"auto\">(dopla\u010dilo)<\/span><\/span><\/div>\n<p><iframe loading=\"lazy\" title=\"New Robland Xi 410 \u2013 The Ultimate High-End Combination Machine!\" width=\"1290\" height=\"726\" src=\"https:\/\/www.youtube.com\/embed\/WFvuA0nzehE?start=22&#038;feature=oembed\" frameborder=\"0\" allow=\"accelerometer; autoplay; clipboard-write; encrypted-media; gyroscope; picture-in-picture; web-share\" referrerpolicy=\"strict-origin-when-cross-origin\" allowfullscreen><\/iframe><\/p>\n<p>&nbsp;<\/p>\n<p>&nbsp;<\/p>\n<p>&nbsp;<\/p>\n","protected":false},"excerpt":{"rendered":"<h6><span style=\"color: #ff0000;\">NOVO\u00a0 2026!<\/span> VRHUNSKA INDUSTRIJSKA<br \/>\n<span style=\"color: #ff0000;\">KOMBINIRKA ROBLAND<\/span> model <span style=\"color: #ff0000;\">Xi310 in Xi410<\/span><br \/>\nz <span style=\"color: #ff0000;\">NAGIBM \u017dAGE 315<\/span> +PREDREZILO in <span style=\"color: #ff0000;\">NAGIBOM REZKARJA DO -45\u00b0<\/span><\/h6>\n<h6>UREDIMO PLA\u010cILO NA OBROKE TAKOJ, BREZ OBISKA BANKE DO 15.000\u20ac ZA : FIZI\u010cNE OSBEB, SP, DOO<\/h6>\n<ul>\n<li>VRHUNSKA KOMBINIRKA Xi 410 ROBLAND ULTIMATE<\/li>\n<li>\u017dAGA do 315 mm max<\/li>\n<li>\u017daga max 300 mm z predrzilom \/motor 4,7Kw \/6,6Ks\/S6<\/li>\n<li>Predrezilo 120 mm 1 Ks<\/li>\n<li>REZKAR<\/li>\n<li>NAGIB s sprednje strani do -45\u00b0<\/li>\n<li>os 30 mm (opcija 32 \/500 mm)<\/li>\n<li>motopr 4,7 Kw \/6,6Ks \/S6<\/li>\n<li>PORAVNALKA<\/li>\n<li>1800 x 410 mm CLASIC ali SPIRAL XYLENT glava \/opcija<\/li>\n<li>Debelnika do 230 mm<\/li>\n<li>motor 4,7 Kw\/6,6 Ks \/S6<\/li>\n<li>preklopni nastavek masiven iz sive litine za podajalnik SF 32 \/standarno<\/li>\n<li>BO\u010cNI VRTALNIK\u00a0 (opcija)<\/li>\n<li>WESCOT vrtalna glava + miza pomi\u010dna v vse smeri<\/li>\n<\/ul>\n<h6><strong>DOPLA\u010cILA:<\/strong><\/h6>\n<h6>ALU VOZ 3100\/3500 mm ,\u00a0 okvirji z pre\u010dnimi vodlimo Z3\/Z4 \/Z5 + DIGI, SPIRAL, VRTALNIK , Z3\/Z$ paralelno vodilo, kolo za od\u010ditavanje nagibov in vi\u0161in na posemaznih operacijah stroja<\/h6>\n<p>&nbsp;<\/p>\n<h6>OBJAVLJENA CENA VELJA ZA OSNOVNI STROJ PO CENIKU \/to\u010dna cena izklju\u010dno po dolo\u010ditvi opreme\u00a0 z povpra\u0161evanjem\u00a0 na mail: <a href=\"mailto:info@depoles.com\"><strong><span style=\"color: #0000ff;\">info@depoles.com<\/span><\/strong><\/a><\/h6>\n","protected":false},"featured_media":10944,"template":"","meta":[],"product_brand":[],"product_cat":[1025,1018,1026,1012],"product_tag":[1079,282,314,394,498,500,632,709,712,713,1080,1077,1078,918,919],"class_list":{"0":"post-10933","1":"product","2":"type-product","3":"status-publish","4":"has-post-thumbnail","6":"product_cat-formatne-zage","7":"product_cat-kombinirke-zaga-rezkar-2-operacije","8":"product_cat-kombinirke-5-operacij","9":"product_cat-stroji-za-les","10":"product_tag-apex","11":"product_tag-combi","12":"product_tag-depoles","13":"product_tag-glodalica","14":"product_tag-kombikombiniran","15":"product_tag-kombinirka","16":"product_tag-pila","17":"product_tag-rezkar","18":"product_tag-robland","19":"product_tag-robland-depoles","20":"product_tag-ultimate","21":"product_tag-xi310","22":"product_tag-xi410","23":"product_tag-zaga","24":"product_tag-zagarezkar","26":"first","27":"onbackorder","28":"shipping-taxable","29":"product-type-simple"},"_links":{"self":[{"href":"https:\/\/www.depoles.com\/hr\/wp-json\/wp\/v2\/product\/10933","targetHints":{"allow":["GET"]}}],"collection":[{"href":"https:\/\/www.depoles.com\/hr\/wp-json\/wp\/v2\/product"}],"about":[{"href":"https:\/\/www.depoles.com\/hr\/wp-json\/wp\/v2\/types\/product"}],"wp:featuredmedia":[{"embeddable":true,"href":"https:\/\/www.depoles.com\/hr\/wp-json\/wp\/v2\/media\/10944"}],"wp:attachment":[{"href":"https:\/\/www.depoles.com\/hr\/wp-json\/wp\/v2\/media?parent=10933"}],"wp:term":[{"taxonomy":"product_brand","embeddable":true,"href":"https:\/\/www.depoles.com\/hr\/wp-json\/wp\/v2\/product_brand?post=10933"},{"taxonomy":"product_cat","embeddable":true,"href":"https:\/\/www.depoles.com\/hr\/wp-json\/wp\/v2\/product_cat?post=10933"},{"taxonomy":"product_tag","embeddable":true,"href":"https:\/\/www.depoles.com\/hr\/wp-json\/wp\/v2\/product_tag?post=10933"}],"curies":[{"name":"wp","href":"https:\/\/api.w.org\/{rel}","templated":true}]}}