{"id":1097,"date":"2024-07-01T11:44:35","date_gmt":"2024-07-01T09:44:35","guid":{"rendered":"https:\/\/nova.depoles.com\/trgovina\/drill-press-sb203v_230v\/"},"modified":"2025-12-17T22:18:14","modified_gmt":"2025-12-17T21:18:14","slug":"drill-press-sb203v_230v","status":"publish","type":"product","link":"https:\/\/www.depoles.com\/hr\/trgovina\/drill-press-sb203v_230v\/","title":{"rendered":"Stupni bu\u0161ilica SB203V_230V"},"content":{"rendered":"<p><strong>Tehni\u010dna specifikacija<\/strong><\/p>\n<ul>\n<li><strong>Podatki o motorju<\/strong>\n<ul>\n<li>Moc motorja S1: 750 W<\/li>\n<li>Napetost: 230 V \/ 50 Hz<\/li>\n<li>Dol\u017eina kabla: 1,8 m<\/li>\n<\/ul>\n<\/li>\n<li><strong>Dimenzije<\/strong>\n<ul>\n<li>Razpon (outreach): 190 mm<\/li>\n<li>Velikost mize: 290 x 290 mm<\/li>\n<li>Skupne dimenzije: 368 x 680 x 1125 mm<\/li>\n<\/ul>\n<\/li>\n<li><strong>Tehni\u010dni podatki<\/strong>\n<ul>\n<li>Maksimalna izvedba vrtanja v jeklu: \u00d8 20 mm<\/li>\n<li>Hitrost vrtalne vretena: I. 190 &#8211; 730 min\u207b\u00b9, II. 720 &#8211; 2700 min\u207b\u00b9<\/li>\n<li>Hod vretena: 120 mm<\/li>\n<li>Maksimalna razdalja vreteno-miza: 417 mm<\/li>\n<li>Razdalja vreteno-osnova: 640 mm<\/li>\n<li>Premer stebra: \u00d8 73 mm<\/li>\n<li>Osnova: 500 x 290 mm<\/li>\n<li>T-re\u017ee: 16 mm<\/li>\n<li>Maksimalna obremenitev mize: 25 kg<\/li>\n<li>Vpenjalna glava vretena: MK2 \/ MT2<\/li>\n<\/ul>\n<\/li>\n<li><strong>Raven zvo\u010dnega tlaka in vibracije<\/strong>\n<ul>\n<li>Raven zvo\u010dnega tlaka: &lt; 85 dB(A)<\/li>\n<\/ul>\n<\/li>\n<li><strong>Te\u017ea<\/strong>\n<ul>\n<li>Bruto te\u017ea: 62 kg<\/li>\n<li>Netto te\u017ea: 58 kg<\/li>\n<\/ul>\n<\/li>\n<li><strong>Pakiranje<\/strong>\n<ul>\n<li>\u0160irina pakiranja: 600 mm<\/li>\n<li>Dol\u017eina pakiranja: 950 mm<\/li>\n<li>Vi\u0161ina pakiranja: 300 mm<\/li>\n<\/ul>\n<\/li>\n<li><strong>Splo\u0161ni podatki<\/strong>\n<ul>\n<li>EAN koda: 9120058379888<\/li>\n<\/ul>\n<\/li>\n<\/ul>\n","protected":false},"excerpt":{"rendered":"<h3>Poudarki izdelka<\/h3>\n<p>Stolp za vrtanje z bru\u0161eno povr\u0161ino ponuja natan\u010dnost in udobje pri delu. Ima nagibno mizo za vrtanje do \u00b145\u00b0, ki je vi\u0161insko nastavljiva preko zobate letve. Opremljen je s prakti\u010dnim triro\u010dnim ro\u010dajem z merilnikom globine vrtanja ter za\u0161\u010ditnim pokrovom vretena. Nastavljiv omejevalnik globine vrtanja in centrirni laser omogo\u010data natan\u010dno pozicioniranje. Vario menjalnik z dvostopenjskim izborom hitrosti in jermenskim prenosom zagotavlja prilagodljivost delovanja.<\/p>\n<ul>\n<li>Stolp za vrtanje z bru\u0161eno povr\u0161ino<\/li>\n<li>Nagibna miza za vrtanje (+\/- 45\u00b0), vi\u0161insko nastavljiva preko zobate letve<\/li>\n<li>Prakti\u010den triro\u010dni ro\u010daj z merilnikom globine vrtanja<\/li>\n<li>Za\u0161\u010ditni pokrov vretena<\/li>\n<li>Nastavljiv omejevalnik globine vrtanja<\/li>\n<li>Centrirni laser<\/li>\n<li>Vario menjalnik z dvostopenjskim izborom hitrosti (I): 190-730 min<sup>-1<\/sup>, (II): 720-2700 min<sup>-1<\/sup>, z jermenskim prenosom<\/li>\n<\/ul>\n<p><strong>V dobavo je vklju\u010den:<\/strong> hitravec B16 za svedre \u00d81-16 mm.<\/p>\n","protected":false},"featured_media":1098,"template":"","meta":[],"product_brand":[],"product_cat":[1043,1061],"product_tag":[],"class_list":{"0":"post-1097","1":"product","2":"type-product","3":"status-publish","4":"has-post-thumbnail","6":"product_cat-stroji-za-kovine","7":"product_cat-vrtalni-stroji-za-kovino","9":"first","10":"instock","11":"shipping-taxable","12":"purchasable","13":"product-type-simple"},"_links":{"self":[{"href":"https:\/\/www.depoles.com\/hr\/wp-json\/wp\/v2\/product\/1097","targetHints":{"allow":["GET"]}}],"collection":[{"href":"https:\/\/www.depoles.com\/hr\/wp-json\/wp\/v2\/product"}],"about":[{"href":"https:\/\/www.depoles.com\/hr\/wp-json\/wp\/v2\/types\/product"}],"wp:featuredmedia":[{"embeddable":true,"href":"https:\/\/www.depoles.com\/hr\/wp-json\/wp\/v2\/media\/1098"}],"wp:attachment":[{"href":"https:\/\/www.depoles.com\/hr\/wp-json\/wp\/v2\/media?parent=1097"}],"wp:term":[{"taxonomy":"product_brand","embeddable":true,"href":"https:\/\/www.depoles.com\/hr\/wp-json\/wp\/v2\/product_brand?post=1097"},{"taxonomy":"product_cat","embeddable":true,"href":"https:\/\/www.depoles.com\/hr\/wp-json\/wp\/v2\/product_cat?post=1097"},{"taxonomy":"product_tag","embeddable":true,"href":"https:\/\/www.depoles.com\/hr\/wp-json\/wp\/v2\/product_tag?post=1097"}],"curies":[{"name":"wp","href":"https:\/\/api.w.org\/{rel}","templated":true}]}}