{"id":10976,"date":"2026-03-17T12:29:10","date_gmt":"2026-03-17T11:29:10","guid":{"rendered":"https:\/\/www.depoles.com\/trgovina\/kombinirana-skobeljnica-in-debelinka-hob260eco_230v\/"},"modified":"2026-03-17T12:30:33","modified_gmt":"2026-03-17T11:30:33","slug":"kombinirana-skobeljnica-in-debelinka-hob260eco_230v","status":"publish","type":"product","link":"https:\/\/www.depoles.com\/hr\/trgovina\/kombinirana-skobeljnica-in-debelinka-hob260eco_230v\/","title":{"rendered":"Kombinirana skobeljnica in debelinka HOB260ECO_230V"},"content":{"rendered":"<table>\n<tr>\n<td><strong>tehni\u010dni podatki<\/strong><\/td>\n<td><\/td>\n<\/tr>\n<tr>\n<td>maks. globina rezanja debeline v mm<\/td>\n<td>3<\/td>\n<\/tr>\n<tr>\n<td>vodilo skobeljnika v mm<\/td>\n<td>700&#215;130<\/td>\n<\/tr>\n<tr>\n<td>nagib vodila<\/td>\n<td>0-45\u00b0<\/td>\n<\/tr>\n<tr>\n<td>velikost skobeljne mize v mm<\/td>\n<td>1085&#215;256<\/td>\n<\/tr>\n<tr>\n<td><strong>podatki o motorju<\/strong><\/td>\n<td><\/td>\n<\/tr>\n<tr>\n<td>mo\u010d motorja s6 v W<\/td>\n<td>2100<\/td>\n<\/tr>\n<tr>\n<td>mo\u010d motorja s1 v W<\/td>\n<td>1500<\/td>\n<\/tr>\n<tr>\n<td>hitrost podajanja<\/td>\n<td>5.5 m\/min<\/td>\n<\/tr>\n<tr>\n<td>napetost<\/td>\n<td>230V \/ 50Hz<\/td>\n<\/tr>\n<tr>\n<td><strong>mere<\/strong><\/td>\n<td><\/td>\n<\/tr>\n<tr>\n<td>skupne dimenzije v mm<\/td>\n<td>1084x472x1050<\/td>\n<\/tr>\n<tr>\n<td>vi\u0161ina mize v mm<\/td>\n<td>850<\/td>\n<\/tr>\n<tr>\n<td>priklju\u010dek za odsesavanje prahu v mm<\/td>\n<td>100<\/td>\n<\/tr>\n<tr>\n<td><strong>mere obdelovanca<\/strong><\/td>\n<td><\/td>\n<\/tr>\n<tr>\n<td>min. debelina obdelovanca v mm<\/td>\n<td>6<\/td>\n<\/tr>\n<tr>\n<td>maks. debelina obdelovanca v mm<\/td>\n<td>195<\/td>\n<\/tr>\n<tr>\n<td><strong>debelenje<\/strong><\/td>\n<td><\/td>\n<\/tr>\n<tr>\n<td>velikost mize v mm<\/td>\n<td>245&#215;590<\/td>\n<\/tr>\n<tr>\n<td>globina rezanja v mm<\/td>\n<td>2<\/td>\n<\/tr>\n<tr>\n<td><strong>splo\u0161no skobljanje<\/strong><\/td>\n<td><\/td>\n<\/tr>\n<tr>\n<td>premer gredi v mm<\/td>\n<td>75<\/td>\n<\/tr>\n<tr>\n<td>hitrost gredi v min-1<\/td>\n<td>4000<\/td>\n<\/tr>\n<tr>\n<td>\u0161tevilo rezil<\/td>\n<td>3<\/td>\n<\/tr>\n<tr>\n<td><strong>nivo glasnosti in vibracije<\/strong><\/td>\n<td><\/td>\n<\/tr>\n<tr>\n<td>nivo zvo\u010dne mo\u010di v dB(A)<\/td>\n<td>93<\/td>\n<\/tr>\n<tr>\n<td><strong>te\u017ea<\/strong><\/td>\n<td><\/td>\n<\/tr>\n<tr>\n<td>neto te\u017ea v kg<\/td>\n<td>146<\/td>\n<\/tr>\n<tr>\n<td>bruto te\u017ea v kg<\/td>\n<td>167.50<\/td>\n<\/tr>\n<tr>\n<td><strong>pakiranje<\/strong><\/td>\n<td><\/td>\n<\/tr>\n<tr>\n<td>vi\u0161ina pakiranja v mm<\/td>\n<td>750<\/td>\n<\/tr>\n<tr>\n<td>\u0161irina pakiranja v mm<\/td>\n<td>490<\/td>\n<\/tr>\n<tr>\n<td>dol\u017eina pakiranja v mm<\/td>\n<td>1.150<\/td>\n<\/tr>\n<tr>\n<td><strong>splo\u0161ni podatki<\/strong><\/td>\n<td><\/td>\n<\/tr>\n<tr>\n<td>EAN koda<\/td>\n<td>9120058373749<\/td>\n<\/tr>\n<\/table>\n","protected":false},"excerpt":{"rendered":"<ul>\n<li>trdna osnovna enota omare zagotavlja visoko stabilnost<\/li>\n<li>nastavljiva aluminijasta ograja, 3-no\u017eni rezkalni blok<\/li>\n<li>stranski vrtljivi sivi lito\u017eelezni mizi omogo\u010data udobno debelinsko obdelavo<\/li>\n<li>priklju\u010dek za zbiralnik prahu omogo\u010da delovno okolje brez prahu in ostru\u017ekov<\/li>\n<\/ul>\n<p><strong>vklju\u010deno v dostavo:<\/strong> no\u017ei za skobljanje, ki jih je mogo\u010de ponovno nabrusiti (3 kosi) (250x30x3mm), ograja, orodja za upravljanje, pokrov gredi<\/p><\/p>\n","protected":false},"featured_media":10977,"template":"","meta":[],"product_brand":[],"product_cat":[1031,1012],"product_tag":[],"class_list":{"0":"post-10976","1":"product","2":"type-product","3":"status-publish","4":"has-post-thumbnail","6":"product_cat-poravnalke-debelinke","7":"product_cat-stroji-za-les","9":"first","10":"instock","11":"shipping-taxable","12":"purchasable","13":"product-type-simple"},"_links":{"self":[{"href":"https:\/\/www.depoles.com\/hr\/wp-json\/wp\/v2\/product\/10976","targetHints":{"allow":["GET"]}}],"collection":[{"href":"https:\/\/www.depoles.com\/hr\/wp-json\/wp\/v2\/product"}],"about":[{"href":"https:\/\/www.depoles.com\/hr\/wp-json\/wp\/v2\/types\/product"}],"wp:featuredmedia":[{"embeddable":true,"href":"https:\/\/www.depoles.com\/hr\/wp-json\/wp\/v2\/media\/10977"}],"wp:attachment":[{"href":"https:\/\/www.depoles.com\/hr\/wp-json\/wp\/v2\/media?parent=10976"}],"wp:term":[{"taxonomy":"product_brand","embeddable":true,"href":"https:\/\/www.depoles.com\/hr\/wp-json\/wp\/v2\/product_brand?post=10976"},{"taxonomy":"product_cat","embeddable":true,"href":"https:\/\/www.depoles.com\/hr\/wp-json\/wp\/v2\/product_cat?post=10976"},{"taxonomy":"product_tag","embeddable":true,"href":"https:\/\/www.depoles.com\/hr\/wp-json\/wp\/v2\/product_tag?post=10976"}],"curies":[{"name":"wp","href":"https:\/\/api.w.org\/{rel}","templated":true}]}}