{"id":10980,"date":"2026-03-17T12:36:44","date_gmt":"2026-03-17T11:36:44","guid":{"rendered":"https:\/\/www.depoles.com\/trgovina\/kombinirana-skobeljna-in-debelinska-naprava-hob305abssmw2_230v\/"},"modified":"2026-03-17T12:36:44","modified_gmt":"2026-03-17T11:36:44","slug":"kombinirana-skobeljna-in-debelinska-naprava-hob305abssmw2_230v","status":"publish","type":"product","link":"https:\/\/www.depoles.com\/hr\/trgovina\/kombinirana-skobeljna-in-debelinska-naprava-hob305abssmw2_230v\/","title":{"rendered":"Kombinirana skobeljna in debelinska naprava HOB305ABSSMW2_230V"},"content":{"rendered":"<table>\n<tr>\n<td><strong>tehni\u010dne podrobnosti<\/strong><\/td>\n<\/tr>\n<tr>\n<td><strong>oblanje<\/strong><\/td>\n<\/tr>\n<tr>\n<td>velikost oblane mize v mm<\/td>\n<td>1075 x 305<\/td>\n<\/tr>\n<tr>\n<td>vi\u0161ina mize debelinke v mm<\/td>\n<td>925<\/td>\n<\/tr>\n<tr>\n<td>maks. globina rezanja debelinke v mm<\/td>\n<td>3<\/td>\n<\/tr>\n<tr>\n<td>vodilo oblanja v mm<\/td>\n<td>643 x 126<\/td>\n<\/tr>\n<tr>\n<td>nagib vodila<\/td>\n<td>90 -45 \u00b0<\/td>\n<\/tr>\n<tr>\n<td><strong>podatki o motorju<\/strong><\/td>\n<\/tr>\n<tr>\n<td>mo\u010d motorja s1 v W<\/td>\n<td>1800<\/td>\n<\/tr>\n<tr>\n<td>napetost<\/td>\n<td>230 V \/ 50 Hz<\/td>\n<\/tr>\n<tr>\n<td>dol\u017eina kabla<\/td>\n<td>1,8 m<\/td>\n<\/tr>\n<tr>\n<td>hitrost podajanja<\/td>\n<td>6 m\/min<\/td>\n<\/tr>\n<tr>\n<td><strong>mere<\/strong><\/td>\n<\/tr>\n<tr>\n<td>priklju\u010dek za zbiralnik prahu v mm<\/td>\n<td>\u00d8 75<\/td>\n<\/tr>\n<tr>\n<td>skupne dimenzije v mm<\/td>\n<td>1140 x 780 x 1080<\/td>\n<\/tr>\n<tr>\n<td><strong>mere obdelovanca<\/strong><\/td>\n<\/tr>\n<tr>\n<td>maks. debelina obdelovanca v mm<\/td>\n<td>160<\/td>\n<\/tr>\n<tr>\n<td><strong>debelinjenje<\/strong><\/td>\n<\/tr>\n<tr>\n<td>velikost mize v mm<\/td>\n<td>500 x 305<\/td>\n<\/tr>\n<tr>\n<td>globina rezanja v mm<\/td>\n<td>1,6<\/td>\n<\/tr>\n<tr>\n<td>vi\u0161ina debelinjenja v mm<\/td>\n<td>160<\/td>\n<\/tr>\n<tr>\n<td><strong>splo\u0161no oblanje<\/strong><\/td>\n<\/tr>\n<tr>\n<td>hitrost gredi v min-1<\/td>\n<td>6700<\/td>\n<\/tr>\n<tr>\n<td>premer gredi v mm<\/td>\n<td>\u00d8 62<\/td>\n<\/tr>\n<tr>\n<td><strong>glasnost in vibracije<\/strong><\/td>\n<\/tr>\n<tr>\n<td>mo\u010d zvoka v dB(A)<\/td>\n<td>96,2<\/td>\n<\/tr>\n<tr>\n<td>zvo\u010dni tlak v dB(A)<\/td>\n<td>83,2<\/td>\n<\/tr>\n<tr>\n<td><strong>te\u017ea<\/strong><\/td>\n<\/tr>\n<tr>\n<td>bruto te\u017ea v kg<\/td>\n<td>99<\/td>\n<\/tr>\n<tr>\n<td>neto te\u017ea v kg<\/td>\n<td>93<\/td>\n<\/tr>\n<tr>\n<td><strong>pakiranje<\/strong><\/td>\n<\/tr>\n<tr>\n<td>\u0161irina pakiranja v mm<\/td>\n<td>690<\/td>\n<\/tr>\n<tr>\n<td>dol\u017eina pakiranja v mm<\/td>\n<td>1.225<\/td>\n<\/tr>\n<tr>\n<td>vi\u0161ina pakiranja v mm<\/td>\n<td>590<\/td>\n<\/tr>\n<tr>\n<td><strong>splo\u0161ni podatki<\/strong><\/td>\n<\/tr>\n<tr>\n<td>EAN koda<\/td>\n<td>9120132141059<\/td>\n<\/tr>\n<\/table>\n","protected":false},"excerpt":{"rendered":"<p>HOLZMANN HOB305ABSSMW2_230V je kombinirani skobeljni stroj\/debelinec z integriranim zbiralnikom prahu in spiralno rezalno glavo. Prihranite prostor in stro\u0161ke za zunanji sistem zbiranja prahu. Prilo\u017eena transportna naprava omogo\u010da, da ga po uporabi hitro pospravite. Dodatna prednost, ko je prostor omejen!<\/p>\n<ul>\n<li>kombinirana skobeljna in debelinska naprava z integriranim zbiralnikom prahu<\/li>\n<li>enostavna in hitra pretvorba v funkcijo debelinskega skobljanja<\/li>\n<li>vre\u010da zbiralnika prahu omogo\u010da udobno menjavo vre\u010de<\/li>\n<li>trdna aluminijasta tla\u010dna lita miza<\/li>\n<li>nagibna aluminijasta skobeljna ograja<\/li>\n<li>pogonski mehanizem za debelinsko skobljanje se lahko izklopi<\/li>\n<li>vklju\u010dno s premikalno napravo (2x vrtljivi, 2x fiksni kolesci s funkcijo spu\u0161\u010danja in dviganja)<\/li>\n<li>spiralna rezalna glava: (2 utora, 28 x rezalnih vlo\u017ekov (15 x 15 x 2,5 mm)<\/li>\n<\/ul>\n<p><strong>Vklju\u010deno v dostavo<\/strong>: integriran zbiralnik prahu, stojalo, name\u0161\u010deni rezalni vlo\u017eki, vre\u010da za prah<\/p><\/p>\n","protected":false},"featured_media":10981,"template":"","meta":[],"product_brand":[],"product_cat":[1031,1012],"product_tag":[],"class_list":{"0":"post-10980","1":"product","2":"type-product","3":"status-publish","4":"has-post-thumbnail","6":"product_cat-poravnalke-debelinke","7":"product_cat-stroji-za-les","9":"first","10":"instock","11":"shipping-taxable","12":"purchasable","13":"product-type-simple"},"_links":{"self":[{"href":"https:\/\/www.depoles.com\/hr\/wp-json\/wp\/v2\/product\/10980","targetHints":{"allow":["GET"]}}],"collection":[{"href":"https:\/\/www.depoles.com\/hr\/wp-json\/wp\/v2\/product"}],"about":[{"href":"https:\/\/www.depoles.com\/hr\/wp-json\/wp\/v2\/types\/product"}],"wp:featuredmedia":[{"embeddable":true,"href":"https:\/\/www.depoles.com\/hr\/wp-json\/wp\/v2\/media\/10981"}],"wp:attachment":[{"href":"https:\/\/www.depoles.com\/hr\/wp-json\/wp\/v2\/media?parent=10980"}],"wp:term":[{"taxonomy":"product_brand","embeddable":true,"href":"https:\/\/www.depoles.com\/hr\/wp-json\/wp\/v2\/product_brand?post=10980"},{"taxonomy":"product_cat","embeddable":true,"href":"https:\/\/www.depoles.com\/hr\/wp-json\/wp\/v2\/product_cat?post=10980"},{"taxonomy":"product_tag","embeddable":true,"href":"https:\/\/www.depoles.com\/hr\/wp-json\/wp\/v2\/product_tag?post=10980"}],"curies":[{"name":"wp","href":"https:\/\/api.w.org\/{rel}","templated":true}]}}