{"id":11007,"date":"2026-03-17T12:40:24","date_gmt":"2026-03-17T11:40:24","guid":{"rendered":"https:\/\/www.depoles.com\/trgovina\/kombinirana-skobeljna-in-debelinska-naprava-hob305abs_400v\/"},"modified":"2026-03-17T12:40:24","modified_gmt":"2026-03-17T11:40:24","slug":"kombinirana-skobeljna-in-debelinska-naprava-hob305abs_400v","status":"publish","type":"product","link":"https:\/\/www.depoles.com\/hr\/trgovina\/kombinirana-skobeljna-in-debelinska-naprava-hob305abs_400v\/","title":{"rendered":"Kombinirana skobeljna in debelinska naprava HOB305ABS_400V"},"content":{"rendered":"<table>\n<tr>\n<th>tehni\u010dne podrobnosti<\/th>\n<th><\/th>\n<\/tr>\n<tr>\n<td>planiranje<\/td>\n<td><\/td>\n<\/tr>\n<tr>\n<td>velikost mize za planiranje v mm<\/td>\n<td>1075 x 305<\/td>\n<\/tr>\n<tr>\n<td>vi\u0161ina mize za debelinsko skobljanje v mm<\/td>\n<td>925<\/td>\n<\/tr>\n<tr>\n<td>maks. globina rezanja pri debelinskem skobljanju v mm<\/td>\n<td>3<\/td>\n<\/tr>\n<tr>\n<td>ograja za skobljanje v mm<\/td>\n<td>643 x 126<\/td>\n<\/tr>\n<tr>\n<td>nagib ograje<\/td>\n<td>90-45\u00b0<\/td>\n<\/tr>\n<tr>\n<td>podatki o motorju<\/td>\n<td><\/td>\n<\/tr>\n<tr>\n<td>mo\u010d motorja s1 v W<\/td>\n<td>1800<\/td>\n<\/tr>\n<tr>\n<td>napetost<\/td>\n<td>400 V \/ 50 Hz<\/td>\n<\/tr>\n<tr>\n<td>dol\u017eina kabla<\/td>\n<td>1,8 m<\/td>\n<\/tr>\n<tr>\n<td>hitrost podajanja<\/td>\n<td>8,3 m\/min<\/td>\n<\/tr>\n<tr>\n<td>meritve<\/td>\n<td><\/td>\n<\/tr>\n<tr>\n<td>skupne dimenzije v mm<\/td>\n<td>1140 x 780 x 1080<\/td>\n<\/tr>\n<tr>\n<td>debelinsko skobljanje<\/td>\n<td><\/td>\n<\/tr>\n<tr>\n<td>velikost mize v mm<\/td>\n<td>500 x 305<\/td>\n<\/tr>\n<tr>\n<td>globina rezanja v mm<\/td>\n<td>2<\/td>\n<\/tr>\n<tr>\n<td>vi\u0161ina debelinskega skobljanja v mm<\/td>\n<td>160<\/td>\n<\/tr>\n<tr>\n<td>splo\u0161no planiranje<\/td>\n<td><\/td>\n<\/tr>\n<tr>\n<td>premer gredi v mm<\/td>\n<td>\u00d862<\/td>\n<\/tr>\n<tr>\n<td>hitrost gredi v min-1<\/td>\n<td>6700<\/td>\n<\/tr>\n<tr>\n<td>\u0161tevilo rezil<\/td>\n<td>2<\/td>\n<\/tr>\n<tr>\n<td>nivo glasnosti in vibracije<\/td>\n<td><\/td>\n<\/tr>\n<tr>\n<td>nivo zvo\u010dne mo\u010di v dB(A)<\/td>\n<td>96,2<\/td>\n<\/tr>\n<tr>\n<td>nivo zvo\u010dnega tlaka v dB(A)<\/td>\n<td>83,2<\/td>\n<\/tr>\n<tr>\n<td>te\u017ea<\/td>\n<td><\/td>\n<\/tr>\n<tr>\n<td>bruto te\u017ea v kg<\/td>\n<td>99<\/td>\n<\/tr>\n<tr>\n<td>neto te\u017ea v kg<\/td>\n<td>93<\/td>\n<\/tr>\n<tr>\n<td>embala\u017ea<\/td>\n<td><\/td>\n<\/tr>\n<tr>\n<td>\u0161irina embala\u017ee v mm<\/td>\n<td>690<\/td>\n<\/tr>\n<tr>\n<td>dol\u017eina embala\u017ee v mm<\/td>\n<td>1.225<\/td>\n<\/tr>\n<tr>\n<td>vi\u0161ina embala\u017ee v mm<\/td>\n<td>590<\/td>\n<\/tr>\n<tr>\n<td>splo\u0161ni podatki<\/td>\n<td><\/td>\n<\/tr>\n<tr>\n<td>EAN koda<\/td>\n<td>9120132141042<\/td>\n<\/tr>\n<\/table>\n","protected":false},"excerpt":{"rendered":"<p>HOLZMANN HOB305ABS_400V je kombinirani skobeljni stroj\/debelinec z integriranim zbiralnikom prahu. Prihranite prostor in stro\u0161ke za zunanji sistem zbiranja prahu. Prilo\u017eena naprava za premikanje omogo\u010da, da ga po uporabi hitro pospravite. Dodatna prednost, ko je prostor omejen!<\/p>\n<ul>\n<li>kombinirana skobeljna debelinka z integriranim odsesovalnikom prahu<\/li>\n<li>enostavna in hitra pretvorba v funkcijo debelinskega skobljanja<\/li>\n<li>vre\u010da za odsesovalnik prahu omogo\u010da udobno menjavo vre\u010de<\/li>\n<li>trdna aluminijasta tla\u010dna lita miza<\/li>\n<li>nagibna aluminijasta skobeljna ograja<\/li>\n<li>pogonski mehanizem za debelinsko skobljanje se lahko izklopi<\/li>\n<li>vklju\u010dno z napravo za premikanje (2x vrtljivi, 2x fiksni kolesi z mo\u017enostjo spu\u0161\u010danja in dviganja)<\/li>\n<\/ul>\n<p><strong>Vklju\u010deno v dostavo<\/strong>: integriran odsesovalnik prahu, stojalo, skobeljni no\u017ei (308 x 2,5 x 20 mm), vre\u010da za prah<\/p><\/p>\n","protected":false},"featured_media":11008,"template":"","meta":[],"product_brand":[],"product_cat":[1031,1012],"product_tag":[],"class_list":{"0":"post-11007","1":"product","2":"type-product","3":"status-publish","4":"has-post-thumbnail","6":"product_cat-poravnalke-debelinke","7":"product_cat-stroji-za-les","9":"first","10":"instock","11":"shipping-taxable","12":"purchasable","13":"product-type-simple"},"_links":{"self":[{"href":"https:\/\/www.depoles.com\/hr\/wp-json\/wp\/v2\/product\/11007","targetHints":{"allow":["GET"]}}],"collection":[{"href":"https:\/\/www.depoles.com\/hr\/wp-json\/wp\/v2\/product"}],"about":[{"href":"https:\/\/www.depoles.com\/hr\/wp-json\/wp\/v2\/types\/product"}],"wp:featuredmedia":[{"embeddable":true,"href":"https:\/\/www.depoles.com\/hr\/wp-json\/wp\/v2\/media\/11008"}],"wp:attachment":[{"href":"https:\/\/www.depoles.com\/hr\/wp-json\/wp\/v2\/media?parent=11007"}],"wp:term":[{"taxonomy":"product_brand","embeddable":true,"href":"https:\/\/www.depoles.com\/hr\/wp-json\/wp\/v2\/product_brand?post=11007"},{"taxonomy":"product_cat","embeddable":true,"href":"https:\/\/www.depoles.com\/hr\/wp-json\/wp\/v2\/product_cat?post=11007"},{"taxonomy":"product_tag","embeddable":true,"href":"https:\/\/www.depoles.com\/hr\/wp-json\/wp\/v2\/product_tag?post=11007"}],"curies":[{"name":"wp","href":"https:\/\/api.w.org\/{rel}","templated":true}]}}