{"id":11015,"date":"2026-03-17T12:40:48","date_gmt":"2026-03-17T11:40:48","guid":{"rendered":"https:\/\/www.depoles.com\/trgovina\/kombinirani-skobeljni-in-debelinski-stroj-s-spiralnim-rezkarjem-hob310ecosmw2_230v\/"},"modified":"2026-03-17T12:40:48","modified_gmt":"2026-03-17T11:40:48","slug":"kombinirani-skobeljni-in-debelinski-stroj-s-spiralnim-rezkarjem-hob310ecosmw2_230v","status":"publish","type":"product","link":"https:\/\/www.depoles.com\/hr\/trgovina\/kombinirani-skobeljni-in-debelinski-stroj-s-spiralnim-rezkarjem-hob310ecosmw2_230v\/","title":{"rendered":"Kombinirani skobeljni in debelinski stroj s spiralnim rezkarjem HOB310ECOSMW2_230V&nbsp;"},"content":{"rendered":"<table>\n<tr>\n<th>tehni\u010dne podrobnosti<\/th>\n<th><\/th>\n<\/tr>\n<tr>\n<td>skobljanje<\/td>\n<td><\/td>\n<\/tr>\n<tr>\n<td>velikost mize za skobljanje v mm<\/td>\n<td>1285 x 310<\/td>\n<\/tr>\n<tr>\n<td>vi\u0161ina mize za debelinsko skobljanje v mm<\/td>\n<td>852<\/td>\n<\/tr>\n<tr>\n<td>maks. globina reza pri debelinskem skobljanju v mm<\/td>\n<td>3<\/td>\n<\/tr>\n<tr>\n<td>vodilo skobeljnega stroja v mm<\/td>\n<td>1100 x 150<\/td>\n<\/tr>\n<tr>\n<td>nagib vodila<\/td>\n<td>0 &#8211; 45\u00b0<\/td>\n<\/tr>\n<tr>\n<td>podatki o motorju<\/td>\n<td><\/td>\n<\/tr>\n<tr>\n<td>mo\u010d motorja s1 v W<\/td>\n<td>2200<\/td>\n<\/tr>\n<tr>\n<td>napetost<\/td>\n<td>230 V \/ 50 Hz<\/td>\n<\/tr>\n<tr>\n<td>hitrost podajanja<\/td>\n<td>5,5 m\/min<\/td>\n<\/tr>\n<tr>\n<td>mere<\/td>\n<td><\/td>\n<\/tr>\n<tr>\n<td>priklju\u010dek za odsesovanje prahu v mm<\/td>\n<td>\u00d8 100<\/td>\n<\/tr>\n<tr>\n<td>skupne dimenzije v mm<\/td>\n<td>1285 x 750 x 1000<\/td>\n<\/tr>\n<tr>\n<td>debelinsko skobljanje<\/td>\n<td><\/td>\n<\/tr>\n<tr>\n<td>velikost mize v mm<\/td>\n<td>545 x 308<\/td>\n<\/tr>\n<tr>\n<td>globina reza v mm<\/td>\n<td>4<\/td>\n<\/tr>\n<tr>\n<td>vi\u0161ina debelinskega skobljanja v mm<\/td>\n<td>225<\/td>\n<\/tr>\n<tr>\n<td>splo\u0161no skobljanje<\/td>\n<td><\/td>\n<\/tr>\n<tr>\n<td>premer gredi v mm<\/td>\n<td>\u00d8 70<\/td>\n<\/tr>\n<tr>\n<td>hitrost gredi v min-1<\/td>\n<td>5500<\/td>\n<\/tr>\n<tr>\n<td>raven glasnosti in vibracije<\/td>\n<td><\/td>\n<\/tr>\n<tr>\n<td>raven zvo\u010dne mo\u010di v dB(A)<\/td>\n<td>103<\/td>\n<\/tr>\n<tr>\n<td>raven zvo\u010dnega tlaka v dB(A)<\/td>\n<td>89,5<\/td>\n<\/tr>\n<tr>\n<td>te\u017ea<\/td>\n<td><\/td>\n<\/tr>\n<tr>\n<td>bruto te\u017ea v kg<\/td>\n<td>206<\/td>\n<\/tr>\n<tr>\n<td>neto te\u017ea v kg<\/td>\n<td>179,50<\/td>\n<\/tr>\n<tr>\n<td>embala\u017ea<\/td>\n<td><\/td>\n<\/tr>\n<tr>\n<td>\u0161irina embala\u017ee v mm<\/td>\n<td>565<\/td>\n<\/tr>\n<tr>\n<td>dol\u017eina embala\u017ee v mm<\/td>\n<td>1.320<\/td>\n<\/tr>\n<tr>\n<td>vi\u0161ina embala\u017ee v mm<\/td>\n<td>960<\/td>\n<\/tr>\n<tr>\n<td>splo\u0161ni podatki<\/td>\n<td><\/td>\n<\/tr>\n<tr>\n<td>EAN koda<\/td>\n<td>9120132140892<\/td>\n<\/tr>\n<\/table>\n","protected":false},"excerpt":{"rendered":"<p>Kombinirani skobeljni-stroj HOLZMANN HOB310ECOSMW2_230V z dol\u017eino rezila 310 mm, spiralnim rezkalnim blokom, funkcijo skobljanja in po \u017eelji z enoto za vrtanje, bi moral biti del na\u0161e delavnice za obdelavo lesa. Zelo enostavno preklapljanje iz na\u010dina skobljanja na debelinsko skobljanje ali iz debelinskega skobljanja na skobljanje.<\/p>\n<ul>\n<li>Gladko centralno nastavljanje vi\u0161ine mizne debelinke vklju\u010dno s \u0161tevcem<\/li>\n<li>natan\u010dno le\u017eajena spiralna rezalna glava<\/li>\n<li>spiralno nazob\u010dan podajalni valj<\/li>\n<li>nagibna ravnalna ograja<\/li>\n<li>enostavna preklopitev (celotna ravnalna miza se lahko zlo\u017ei)<\/li>\n<\/ul>\n<p><strong>vklju\u010deno v dostavo<\/strong>: ravnalna ograja, sestavljeni seti rezil (15 x 15 x 2,5 mm (30\u00b0)) 30 kosov, +5 kosov rezil kot rezervni deli, monta\u017eno orodje, drsni les<br \/>\n<strong>opcijsko<\/strong>: enota za vrtanje HOB310ECOLL, magnetna nastavitvena naprava, mazivo, zbiralniki prahu<\/p><\/p>\n","protected":false},"featured_media":11016,"template":"","meta":[],"product_brand":[],"product_cat":[1031,1012],"product_tag":[],"class_list":{"0":"post-11015","1":"product","2":"type-product","3":"status-publish","4":"has-post-thumbnail","6":"product_cat-poravnalke-debelinke","7":"product_cat-stroji-za-les","9":"first","10":"instock","11":"shipping-taxable","12":"purchasable","13":"product-type-simple"},"_links":{"self":[{"href":"https:\/\/www.depoles.com\/hr\/wp-json\/wp\/v2\/product\/11015","targetHints":{"allow":["GET"]}}],"collection":[{"href":"https:\/\/www.depoles.com\/hr\/wp-json\/wp\/v2\/product"}],"about":[{"href":"https:\/\/www.depoles.com\/hr\/wp-json\/wp\/v2\/types\/product"}],"wp:featuredmedia":[{"embeddable":true,"href":"https:\/\/www.depoles.com\/hr\/wp-json\/wp\/v2\/media\/11016"}],"wp:attachment":[{"href":"https:\/\/www.depoles.com\/hr\/wp-json\/wp\/v2\/media?parent=11015"}],"wp:term":[{"taxonomy":"product_brand","embeddable":true,"href":"https:\/\/www.depoles.com\/hr\/wp-json\/wp\/v2\/product_brand?post=11015"},{"taxonomy":"product_cat","embeddable":true,"href":"https:\/\/www.depoles.com\/hr\/wp-json\/wp\/v2\/product_cat?post=11015"},{"taxonomy":"product_tag","embeddable":true,"href":"https:\/\/www.depoles.com\/hr\/wp-json\/wp\/v2\/product_tag?post=11015"}],"curies":[{"name":"wp","href":"https:\/\/api.w.org\/{rel}","templated":true}]}}