{"id":11031,"date":"2026-03-17T12:41:24","date_gmt":"2026-03-17T11:41:24","guid":{"rendered":"https:\/\/www.depoles.com\/trgovina\/debelo-slojni-skobeljni-stroj-s-spiralno-rezalno-glavo-hob260ecosmw2_230v\/"},"modified":"2026-03-17T12:41:24","modified_gmt":"2026-03-17T11:41:24","slug":"debelo-slojni-skobeljni-stroj-s-spiralno-rezalno-glavo-hob260ecosmw2_230v","status":"publish","type":"product","link":"https:\/\/www.depoles.com\/hr\/trgovina\/debelo-slojni-skobeljni-stroj-s-spiralno-rezalno-glavo-hob260ecosmw2_230v\/","title":{"rendered":"Debelo-slojni skobeljni stroj s spiralno rezalno glavo HOB260ECOSMW2_230V&nbsp;"},"content":{"rendered":"<table>\n<tr>\n<td><strong>tehni\u010dne podrobnosti<\/strong><\/td>\n<\/tr>\n<tr>\n<td><strong>oblanje<\/strong><\/td>\n<\/tr>\n<tr>\n<td>velikost oblane mize v mm<\/td>\n<td>1085 x 256<\/td>\n<\/tr>\n<tr>\n<td>vi\u0161ina mize debelinke v mm<\/td>\n<td>850<\/td>\n<\/tr>\n<tr>\n<td>maks. globina rezanja debelinke v mm<\/td>\n<td>3<\/td>\n<\/tr>\n<tr>\n<td>vodilo oblane v mm<\/td>\n<td>730 x 130<\/td>\n<\/tr>\n<tr>\n<td>nagib vodila<\/td>\n<td>0 &#8211; 45\u00b0<\/td>\n<\/tr>\n<tr>\n<td><strong>podatki o motorju<\/strong><\/td>\n<\/tr>\n<tr>\n<td>mo\u010d motorja s1 v W<\/td>\n<td>1500<\/td>\n<\/tr>\n<tr>\n<td>napetost<\/td>\n<td>230 V \/ 50 Hz<\/td>\n<\/tr>\n<tr>\n<td><strong>mere<\/strong><\/td>\n<\/tr>\n<tr>\n<td>priklju\u010dek za odsesavanje v mm<\/td>\n<td>\u00d8 100<\/td>\n<\/tr>\n<tr>\n<td>skupne dimenzije v mm<\/td>\n<td>1150 x 490 x 750<\/td>\n<\/tr>\n<tr>\n<td><strong>debelinjenje<\/strong><\/td>\n<\/tr>\n<tr>\n<td>velikost mize v mm<\/td>\n<td>590 x 245<\/td>\n<\/tr>\n<tr>\n<td>globina rezanja v mm<\/td>\n<td>2<\/td>\n<\/tr>\n<tr>\n<td>vi\u0161ina debelinke v mm<\/td>\n<td>195<\/td>\n<\/tr>\n<tr>\n<td><strong>splo\u0161no oblanje<\/strong><\/td>\n<\/tr>\n<tr>\n<td>premer gredi v mm<\/td>\n<td>\u00d8 75 x 250 mm<\/td>\n<\/tr>\n<tr>\n<td>hitrost gredi v min-1<\/td>\n<td>4000<\/td>\n<\/tr>\n<tr>\n<td>\u0161tevilo rezil<\/td>\n<td>20<\/td>\n<\/tr>\n<tr>\n<td><strong>nivo glasnosti in vibracije<\/strong><\/td>\n<\/tr>\n<tr>\n<td>mo\u010d zvoka v dB(A)<\/td>\n<td>83<\/td>\n<\/tr>\n<tr>\n<td>zvo\u010dni tlak v dB(A)<\/td>\n<td>77,3<\/td>\n<\/tr>\n<tr>\n<td><strong>te\u017ea<\/strong><\/td>\n<\/tr>\n<tr>\n<td>bruto te\u017ea v kg<\/td>\n<td>167.50<\/td>\n<\/tr>\n<tr>\n<td>neto te\u017ea v kg<\/td>\n<td>146<\/td>\n<\/tr>\n<tr>\n<td><strong>embala\u017ea<\/strong><\/td>\n<\/tr>\n<tr>\n<td>\u0161irina embala\u017ee v mm<\/td>\n<td>490<\/td>\n<\/tr>\n<tr>\n<td>dol\u017eina embala\u017ee v mm<\/td>\n<td>1.150<\/td>\n<\/tr>\n<tr>\n<td>vi\u0161ina embala\u017ee v mm<\/td>\n<td>750<\/td>\n<\/tr>\n<tr>\n<td><strong>splo\u0161ni podatki<\/strong><\/td>\n<\/tr>\n<tr>\n<td>EAN koda<\/td>\n<td>9120058379918<\/td>\n<\/tr>\n<\/table>\n","protected":false},"excerpt":{"rendered":"<ul>\n<li>spiralna rezalna glava (2 utora)<\/li>\n<li>trdna osnovna enota omare zagotavlja visoko stabilnost<\/li>\n<li>nastavljiva aluminijasta ograja, rezalni blok s tremi no\u017ei<\/li>\n<li>stransko vrtljive sive lito\u017eelezne mize omogo\u010dajo udobno debelinsko obdelavo<\/li>\n<li>priklju\u010dek za zbiralnik prahu omogo\u010da delo brez prahu in ostru\u017ekov<\/li>\n<\/ul>\n<p><strong>vklju\u010deno v dostavo<\/strong>: 20 x vstavljene rezalne plo\u0161\u010dice (15 x 15 x 2,5 mm | 30\u00b0), 3 rezalne plo\u0161\u010dice za zamenjavo, pokrov gredi<\/p><\/p>\n","protected":false},"featured_media":11032,"template":"","meta":[],"product_brand":[],"product_cat":[1031,1012],"product_tag":[],"class_list":{"0":"post-11031","1":"product","2":"type-product","3":"status-publish","4":"has-post-thumbnail","6":"product_cat-poravnalke-debelinke","7":"product_cat-stroji-za-les","9":"first","10":"instock","11":"shipping-taxable","12":"purchasable","13":"product-type-simple"},"_links":{"self":[{"href":"https:\/\/www.depoles.com\/hr\/wp-json\/wp\/v2\/product\/11031","targetHints":{"allow":["GET"]}}],"collection":[{"href":"https:\/\/www.depoles.com\/hr\/wp-json\/wp\/v2\/product"}],"about":[{"href":"https:\/\/www.depoles.com\/hr\/wp-json\/wp\/v2\/types\/product"}],"wp:featuredmedia":[{"embeddable":true,"href":"https:\/\/www.depoles.com\/hr\/wp-json\/wp\/v2\/media\/11032"}],"wp:attachment":[{"href":"https:\/\/www.depoles.com\/hr\/wp-json\/wp\/v2\/media?parent=11031"}],"wp:term":[{"taxonomy":"product_brand","embeddable":true,"href":"https:\/\/www.depoles.com\/hr\/wp-json\/wp\/v2\/product_brand?post=11031"},{"taxonomy":"product_cat","embeddable":true,"href":"https:\/\/www.depoles.com\/hr\/wp-json\/wp\/v2\/product_cat?post=11031"},{"taxonomy":"product_tag","embeddable":true,"href":"https:\/\/www.depoles.com\/hr\/wp-json\/wp\/v2\/product_tag?post=11031"}],"curies":[{"name":"wp","href":"https:\/\/api.w.org\/{rel}","templated":true}]}}