{"id":11043,"date":"2026-03-17T12:42:00","date_gmt":"2026-03-17T11:42:00","guid":{"rendered":"https:\/\/www.depoles.com\/trgovina\/debelinski-skobeljnik-dhm330_230v\/"},"modified":"2026-03-17T12:42:00","modified_gmt":"2026-03-17T11:42:00","slug":"debelinski-skobeljnik-dhm330_230v","status":"publish","type":"product","link":"https:\/\/www.depoles.com\/hr\/trgovina\/debelinski-skobeljnik-dhm330_230v\/","title":{"rendered":"Debelinski skobeljnik DHM330_230V"},"content":{"rendered":"<table>\n<tr>\n<td><strong>Podatki o motorju<\/strong><\/td>\n<\/tr>\n<tr>\n<td>Mo\u010d motorja S1 v W<\/td>\n<td>1500<\/td>\n<\/tr>\n<tr>\n<td>Napetost<\/td>\n<td>230 V \/ 50 Hz<\/td>\n<\/tr>\n<tr>\n<td>Hitrost podajanja<\/td>\n<td>6 m\/min<\/td>\n<\/tr>\n<tr>\n<td><strong>Mere<\/strong><\/td>\n<\/tr>\n<tr>\n<td>Skupne dimenzije v mm<\/td>\n<td>630 x 580 x 485<\/td>\n<\/tr>\n<tr>\n<td><strong>Mere obdelovanca<\/strong><\/td>\n<\/tr>\n<tr>\n<td>Min. dol\u017eina obdelovanca v mm<\/td>\n<td>152<\/td>\n<\/tr>\n<tr>\n<td>Min. debelina obdelovanca v mm<\/td>\n<td>5<\/td>\n<\/tr>\n<tr>\n<td>Maks. debelina obdelovanca v mm<\/td>\n<td>152<\/td>\n<\/tr>\n<tr>\n<td><strong>Debelinsko skobljanje<\/strong><\/td>\n<\/tr>\n<tr>\n<td>Velikost mize v mm<\/td>\n<td>330 x 235<\/td>\n<\/tr>\n<tr>\n<td>Globina rezanja v mm<\/td>\n<td>0,8 | 2,8<\/td>\n<\/tr>\n<tr>\n<td>Vi\u0161ina debelinskega skobljanja v mm<\/td>\n<td>152<\/td>\n<\/tr>\n<tr>\n<td><strong>Splo\u0161no skobljanje<\/strong><\/td>\n<\/tr>\n<tr>\n<td>Premer gredi v mm<\/td>\n<td>\u00d850 x 330<\/td>\n<\/tr>\n<tr>\n<td>Hitrost gredi v min-1<\/td>\n<td>8500<\/td>\n<\/tr>\n<tr>\n<td>Koli\u010dina rezil<\/td>\n<td>2<\/td>\n<\/tr>\n<tr>\n<td><strong>Raven hrupa in vibracije<\/strong><\/td>\n<\/tr>\n<tr>\n<td>Raven zvo\u010dne mo\u010di v dB(A)<\/td>\n<td>96,8<\/td>\n<\/tr>\n<tr>\n<td>Raven zvo\u010dnega tlaka v dB(A)<\/td>\n<td>83,8<\/td>\n<\/tr>\n<tr>\n<td><strong>Te\u017ea<\/strong><\/td>\n<\/tr>\n<tr>\n<td>Bruto te\u017ea v kg<\/td>\n<td>33<\/td>\n<\/tr>\n<tr>\n<td>Neto te\u017ea v kg<\/td>\n<td>31<\/td>\n<\/tr>\n<tr>\n<td><strong>Pakiranje<\/strong><\/td>\n<\/tr>\n<tr>\n<td>\u0160irina pakiranja v mm<\/td>\n<td>410<\/td>\n<\/tr>\n<tr>\n<td>Dol\u017eina pakiranja v mm<\/td>\n<td>630<\/td>\n<\/tr>\n<tr>\n<td>Vi\u0161ina pakiranja v mm<\/td>\n<td>480<\/td>\n<\/tr>\n<tr>\n<td><strong>Splo\u0161ni podatki<\/strong><\/td>\n<\/tr>\n<tr>\n<td>EAN koda<\/td>\n<td>9120132141073<\/td>\n<\/tr>\n<\/table>\n","protected":false},"excerpt":{"rendered":"<p>Debelinski skobeljnik HOLZMANN DHM330_230V z najve\u010djo \u0161irino skobljanja 330 mm in najve\u010djo vi\u0161ino debelinskega skobljanja 152 mm poravna va\u0161e tramove\/lesene plo\u0161\u010de. Zaradi kompaktne zasnove ga je enostavno postaviti na delovno mizo in je zato tudi idealno primeren za uporabo zunaj delavnice, npr. na gradbi\u0161\u010dih.\n<\/p>\n<ul>\n<li>mizna povr\u0161ina za debelinsko skobljanje iz jeklene plo\u010devine z vhodno in izhodno skobeljno mizo<\/li>\n<li>lestvica za nastavljeno vi\u0161ino re\u017ee<\/li>\n<li>vi\u0161ina debelinskega skobljanja nastavljiva z ro\u010dno ro\u010dico<\/li>\n<li>merjenje globine rezanja (nastavitev odstranitve ostru\u017ekov za obdelovanec, ki se obdeluje)\u00a0<\/li>\n<li>maks. globina rezanja\n<ul>\n<li>2,8 mm (za \u0161irine skobljanja &lt; 152 mm)<\/li>\n<li>0,8 mm (za \u0161irine skobljanja &gt; 152 mm)\u00a0<\/li>\n<\/ul>\n<\/li>\n<li>luknje za pritrditev na delovno mizo\/delovno povr\u0161ino<\/li>\n<li>priklju\u010dek za zbiralnik prahu \u00d865,5\/101,5 mm<\/li>\n<\/ul>\n<p><strong>Vklju\u010deno v dostavo<\/strong>: skobeljni no\u017e sestavljen (333 x 12 x 1,5 mm, obojestranski no\u017e)\u00a0<br \/>\n\u00a0<\/p><\/p>\n","protected":false},"featured_media":11044,"template":"","meta":[],"product_brand":[],"product_cat":[1024,1012],"product_tag":[],"class_list":{"0":"post-11043","1":"product","2":"type-product","3":"status-publish","4":"has-post-thumbnail","6":"product_cat-debelinke","7":"product_cat-stroji-za-les","9":"first","10":"instock","11":"shipping-taxable","12":"purchasable","13":"product-type-simple"},"_links":{"self":[{"href":"https:\/\/www.depoles.com\/hr\/wp-json\/wp\/v2\/product\/11043","targetHints":{"allow":["GET"]}}],"collection":[{"href":"https:\/\/www.depoles.com\/hr\/wp-json\/wp\/v2\/product"}],"about":[{"href":"https:\/\/www.depoles.com\/hr\/wp-json\/wp\/v2\/types\/product"}],"wp:featuredmedia":[{"embeddable":true,"href":"https:\/\/www.depoles.com\/hr\/wp-json\/wp\/v2\/media\/11044"}],"wp:attachment":[{"href":"https:\/\/www.depoles.com\/hr\/wp-json\/wp\/v2\/media?parent=11043"}],"wp:term":[{"taxonomy":"product_brand","embeddable":true,"href":"https:\/\/www.depoles.com\/hr\/wp-json\/wp\/v2\/product_brand?post=11043"},{"taxonomy":"product_cat","embeddable":true,"href":"https:\/\/www.depoles.com\/hr\/wp-json\/wp\/v2\/product_cat?post=11043"},{"taxonomy":"product_tag","embeddable":true,"href":"https:\/\/www.depoles.com\/hr\/wp-json\/wp\/v2\/product_tag?post=11043"}],"curies":[{"name":"wp","href":"https:\/\/api.w.org\/{rel}","templated":true}]}}