{"id":11047,"date":"2026-03-17T12:42:17","date_gmt":"2026-03-17T11:42:17","guid":{"rendered":"https:\/\/www.depoles.com\/trgovina\/skobeljni-stroj-dhm330prosmw2_230v\/"},"modified":"2026-03-17T12:42:17","modified_gmt":"2026-03-17T11:42:17","slug":"skobeljni-stroj-dhm330prosmw2_230v","status":"publish","type":"product","link":"https:\/\/www.depoles.com\/hr\/trgovina\/skobeljni-stroj-dhm330prosmw2_230v\/","title":{"rendered":"Skobeljni stroj DHM330PROSMW2_230V"},"content":{"rendered":"<table>\n<tr>\n<td><strong>tehni\u010dni podatki<\/strong><\/td>\n<\/tr>\n<tr>\n<td><strong>podatki o motorju<\/strong><\/td>\n<\/tr>\n<tr>\n<td>mo\u010d motorja s1 v W<\/td>\n<td>1500<\/td>\n<\/tr>\n<tr>\n<td>napetost<\/td>\n<td>230 V \/ 50 Hz<\/td>\n<\/tr>\n<tr>\n<td>hitrost podajanja<\/td>\n<td>6 m\/min<\/td>\n<\/tr>\n<tr>\n<td><strong>mere<\/strong><\/td>\n<\/tr>\n<tr>\n<td>skupne dimenzije v mm<\/td>\n<td>710 x 600 x 475<\/td>\n<\/tr>\n<tr>\n<td><strong>mere obdelovanca<\/strong><\/td>\n<\/tr>\n<tr>\n<td>min. dol\u017eina obdelovanca v mm<\/td>\n<td>152<\/td>\n<\/tr>\n<tr>\n<td>min. debelina obdelovanca v mm<\/td>\n<td>5<\/td>\n<\/tr>\n<tr>\n<td>maks. debelina obdelovanca v mm<\/td>\n<td>152<\/td>\n<\/tr>\n<tr>\n<td><strong>debelenje<\/strong><\/td>\n<\/tr>\n<tr>\n<td>velikost mize v mm<\/td>\n<td>330 x 235<\/td>\n<\/tr>\n<tr>\n<td>globina rezanja v mm<\/td>\n<td>0,8 | 2,4<\/td>\n<\/tr>\n<tr>\n<td>vi\u0161ina debelenja v mm<\/td>\n<td>152<\/td>\n<\/tr>\n<tr>\n<td><strong>splo\u0161no skobljanje<\/strong><\/td>\n<\/tr>\n<tr>\n<td>premer gredi v mm<\/td>\n<td>\u00d850 x 330<\/td>\n<\/tr>\n<tr>\n<td>hitrost gredi v min-1<\/td>\n<td>8500<\/td>\n<\/tr>\n<tr>\n<td><strong>nivo glasnosti in vibracije<\/strong><\/td>\n<\/tr>\n<tr>\n<td>nivo zvo\u010dne mo\u010di v dB(A)<\/td>\n<td>96,8<\/td>\n<\/tr>\n<tr>\n<td>nivo zvo\u010dnega tlaka v dB(A)<\/td>\n<td>83,8<\/td>\n<\/tr>\n<tr>\n<td><strong>te\u017ea<\/strong><\/td>\n<\/tr>\n<tr>\n<td>bruto te\u017ea v kg<\/td>\n<td>37<\/td>\n<\/tr>\n<tr>\n<td>neto te\u017ea v kg<\/td>\n<td>34<\/td>\n<\/tr>\n<tr>\n<td><strong>embala\u017ea<\/strong><\/td>\n<\/tr>\n<tr>\n<td>\u0161irina embala\u017ee v mm<\/td>\n<td>380<\/td>\n<\/tr>\n<tr>\n<td>dol\u017eina embala\u017ee v mm<\/td>\n<td>650<\/td>\n<\/tr>\n<tr>\n<td>vi\u0161ina embala\u017ee v mm<\/td>\n<td>470<\/td>\n<\/tr>\n<tr>\n<td><strong>splo\u0161ni podatki<\/strong><\/td>\n<\/tr>\n<tr>\n<td>EAN koda<\/td>\n<td>9120132141080<\/td>\n<\/tr>\n<\/table>\n","protected":false},"excerpt":{"rendered":"<p>Debelinski skobeljnik HOLZMANN DHM330PROSMW2_230V z najve\u010djo \u0161irino skobljanja 330 mm in najve\u010djo vi\u0161ino debelinskega skobljanja 152 mm poravna va\u0161e tramove\/lesene deske. Zaradi kompaktne zasnove ga je enostavno postaviti na delovno mizo \/ delovno povr\u0161ino, zato je idealen tudi za uporabo zunaj delavnice, npr. na gradbi\u0161\u010du: gradbi\u0161\u010de.<br \/>\nS spiralno rezalno glavo, granitno debelinsko mizo in mo\u017enostjo nastavitve \u017eelene debeline obdelovanca je ta model PRO verzija. <\/p>\n<ul>\n<li>miza za debeljenje granita z vhodno in izhodno ravnalno mizo<\/li>\n<li>lestvica za nastavitev vi\u0161ine re\u017ee<\/li>\n<li>vi\u0161ina debeljenja nastavljiva s pomo\u010djo ro\u010dne ro\u010dice<\/li>\n<li>merjenje globine reza (nastavitev odstranitve ostru\u017ekov za obdelovanec)\u00a0<\/li>\n<li>nastavitev \u017eelene debeline obdelovanca<\/li>\n<li>maks. globina reza\n<ul>\n<li>2,4 mm (za \u0161irine ravnanja &lt; 152 mm)<\/li>\n<li>0,8 mm (za \u0161irine ravnanja &gt; 152 mm)\u00a0<\/li>\n<\/ul>\n<\/li>\n<li>luknje za pritrditev na delovno mizo\/delovno povr\u0161ino<\/li>\n<li>priklju\u010dek za zbiralnik prahu \u00d865,5\/101,5 mm<\/li>\n<li>spiralna rezalna glava z 2 utoroma<\/li>\n<\/ul>\n<p><strong>Vklju\u010deno v dostavo:<\/strong> vstavljeni rezalni vlo\u017eki (30 kosov 15 x 15 x 2,5 mm, 37\u00b0)\u00a0<\/p><\/p>\n","protected":false},"featured_media":11048,"template":"","meta":[],"product_brand":[],"product_cat":[1024,1012],"product_tag":[],"class_list":{"0":"post-11047","1":"product","2":"type-product","3":"status-publish","4":"has-post-thumbnail","6":"product_cat-debelinke","7":"product_cat-stroji-za-les","9":"first","10":"instock","11":"shipping-taxable","12":"purchasable","13":"product-type-simple"},"_links":{"self":[{"href":"https:\/\/www.depoles.com\/hr\/wp-json\/wp\/v2\/product\/11047","targetHints":{"allow":["GET"]}}],"collection":[{"href":"https:\/\/www.depoles.com\/hr\/wp-json\/wp\/v2\/product"}],"about":[{"href":"https:\/\/www.depoles.com\/hr\/wp-json\/wp\/v2\/types\/product"}],"wp:featuredmedia":[{"embeddable":true,"href":"https:\/\/www.depoles.com\/hr\/wp-json\/wp\/v2\/media\/11048"}],"wp:attachment":[{"href":"https:\/\/www.depoles.com\/hr\/wp-json\/wp\/v2\/media?parent=11047"}],"wp:term":[{"taxonomy":"product_brand","embeddable":true,"href":"https:\/\/www.depoles.com\/hr\/wp-json\/wp\/v2\/product_brand?post=11047"},{"taxonomy":"product_cat","embeddable":true,"href":"https:\/\/www.depoles.com\/hr\/wp-json\/wp\/v2\/product_cat?post=11047"},{"taxonomy":"product_tag","embeddable":true,"href":"https:\/\/www.depoles.com\/hr\/wp-json\/wp\/v2\/product_tag?post=11047"}],"curies":[{"name":"wp","href":"https:\/\/api.w.org\/{rel}","templated":true}]}}