{"id":11073,"date":"2026-03-17T12:43:14","date_gmt":"2026-03-17T11:43:14","guid":{"rendered":"https:\/\/www.depoles.com\/trgovina\/cnc-mizni-rezkar-ctf45p_230v\/"},"modified":"2026-03-17T12:43:14","modified_gmt":"2026-03-17T11:43:14","slug":"cnc-mizni-rezkar-ctf45p_230v","status":"publish","type":"product","link":"https:\/\/www.depoles.com\/hr\/trgovina\/cnc-mizni-rezkar-ctf45p_230v\/","title":{"rendered":"CNC mizni rezkar CTF45P_230V"},"content":{"rendered":"<table>\n<tr>\n<td><strong>tehni\u010dni podatki<\/strong><\/td>\n<\/tr>\n<tr>\n<td><strong>podatki o motorju<\/strong><\/td>\n<\/tr>\n<tr>\n<td>mo\u010d motorja s1 v W<\/td>\n<td>80<\/td>\n<\/tr>\n<tr>\n<td>napetost<\/td>\n<td>100 &#8211; 240 \/ 50 &#8211; 60 Hz<\/td>\n<\/tr>\n<tr>\n<td><strong>mere<\/strong><\/td>\n<\/tr>\n<tr>\n<td>skupne dimenzije v mm<\/td>\n<td>742 x 689 x 413<\/td>\n<\/tr>\n<tr>\n<td><strong>glasnost in vibracije<\/strong><\/td>\n<\/tr>\n<tr>\n<td>zvo\u010dna mo\u010d v dB(A)<\/td>\n<td>105<\/td>\n<\/tr>\n<tr>\n<td>zvo\u010dni tlak v dB(A)<\/td>\n<td>85<\/td>\n<\/tr>\n<tr>\n<td><strong>te\u017ea<\/strong><\/td>\n<\/tr>\n<tr>\n<td>bruto te\u017ea v kg<\/td>\n<td>20.60<\/td>\n<\/tr>\n<tr>\n<td>neto te\u017ea v kg<\/td>\n<td>15.80<\/td>\n<\/tr>\n<tr>\n<td><strong>embala\u017ea<\/strong><\/td>\n<\/tr>\n<tr>\n<td>\u0161irina embala\u017ee v mm<\/td>\n<td>740<\/td>\n<\/tr>\n<tr>\n<td>dol\u017eina embala\u017ee v mm<\/td>\n<td>760<\/td>\n<\/tr>\n<tr>\n<td>vi\u0161ina embala\u017ee v mm<\/td>\n<td>213<\/td>\n<\/tr>\n<tr>\n<td><strong>splo\u0161ni podatki<\/strong><\/td>\n<\/tr>\n<tr>\n<td>EAN koda<\/td>\n<td>9120132140991<\/td>\n<\/tr>\n<\/table>\n","protected":false},"excerpt":{"rendered":"<p>HOLZMANN CNC mizni rezkar CTF45P je ve\u010dfunkcijski in enostaven za uporabo. S svojo delovno povr\u0161ino 460 x 460 mm in \u0161tevilnimi dodatnimi mo\u017enostmi za raz\u0161irjeno uporabo je popoln stroj, \u010de \u017eelite obdelovati les\/plastiko ali aluminij.<\/p>\n<ul>\n<li>zasnova vti\u010dnega modula omogo\u010da hitro in enostavno dokon\u010danje stroja<\/li>\n<li>Delovno obmo\u010dje: 460 x 460 x 80 mm (D x \u0160 x V)<\/li>\n<li>maks. premer rezkanja 10 mm<\/li>\n<li>maks. neprekinjen delovni \u010das 6h<\/li>\n<li>maks. hitrost podajanja: 800 mm\/min<\/li>\n<li>natan\u010dnost pozicioniranja osi XY: 0,05 mm<\/li>\n<li>podprta CAM programska oprema: Candle, Carveco, Artcam, Easel<\/li>\n<li>USB vmesnik, Wifi povezava, bralnik SD kartic (+TF-Card.4GB)<\/li>\n<li>80 W motorna vretena do 8000 min-1<\/li>\n<\/ul>\n<p><strong>Vklju\u010deno v dobavo:<\/strong> V-bit rezkalnik, 2x rezkalnika, 10x rezbarskih rezil, 2 vpenjalna tulca (ER11-6mm, ER11-1\/4\u2019), sponke za obdelovance (6 kosov)&nbsp;<\/p>\n<p><strong>Dodatna oprema po izbiri:<\/strong><\/p>\n<ul>\n<li>CTF45P4x (4-osni rotacijski set za obdelavo rotacijsko simetri\u010dnih komponent)<\/li>\n<li>CTF45P500W (500W vreteno za obdelavo ALU)<\/li>\n<li>CTF45PClean (zbiralnik prahu)<\/li>\n<li>CTF45PLaser20W (diodni laser)<\/li>\n<li>CTF45PLWT (laserska satovnica za diodne laserje)<\/li>\n<\/ul>\n","protected":false},"featured_media":11074,"template":"","meta":[],"product_brand":[],"product_cat":[1032,1012],"product_tag":[],"class_list":{"0":"post-11073","1":"product","2":"type-product","3":"status-publish","4":"has-post-thumbnail","6":"product_cat-rezkarji-glodalice","7":"product_cat-stroji-za-les","9":"first","10":"instock","11":"shipping-taxable","12":"purchasable","13":"product-type-simple"},"_links":{"self":[{"href":"https:\/\/www.depoles.com\/hr\/wp-json\/wp\/v2\/product\/11073","targetHints":{"allow":["GET"]}}],"collection":[{"href":"https:\/\/www.depoles.com\/hr\/wp-json\/wp\/v2\/product"}],"about":[{"href":"https:\/\/www.depoles.com\/hr\/wp-json\/wp\/v2\/types\/product"}],"wp:featuredmedia":[{"embeddable":true,"href":"https:\/\/www.depoles.com\/hr\/wp-json\/wp\/v2\/media\/11074"}],"wp:attachment":[{"href":"https:\/\/www.depoles.com\/hr\/wp-json\/wp\/v2\/media?parent=11073"}],"wp:term":[{"taxonomy":"product_brand","embeddable":true,"href":"https:\/\/www.depoles.com\/hr\/wp-json\/wp\/v2\/product_brand?post=11073"},{"taxonomy":"product_cat","embeddable":true,"href":"https:\/\/www.depoles.com\/hr\/wp-json\/wp\/v2\/product_cat?post=11073"},{"taxonomy":"product_tag","embeddable":true,"href":"https:\/\/www.depoles.com\/hr\/wp-json\/wp\/v2\/product_tag?post=11073"}],"curies":[{"name":"wp","href":"https:\/\/api.w.org\/{rel}","templated":true}]}}