{"id":11084,"date":"2026-03-17T12:43:37","date_gmt":"2026-03-17T11:43:37","guid":{"rendered":"https:\/\/www.depoles.com\/trgovina\/set-za-nadgradnjo-vretena-ctf45p500w\/"},"modified":"2026-03-17T12:43:37","modified_gmt":"2026-03-17T11:43:37","slug":"set-za-nadgradnjo-vretena-ctf45p500w","status":"publish","type":"product","link":"https:\/\/www.depoles.com\/hr\/trgovina\/set-za-nadgradnjo-vretena-ctf45p500w\/","title":{"rendered":"Set za nadgradnjo vretena CTF45P500W"},"content":{"rendered":"<table>\n<tr>\n<th colspan=\"2\">tehni\u010dne podrobnosti<\/th>\n<\/tr>\n<tr>\n<td colspan=\"2\"><strong>podatki o motorju<\/strong><\/td>\n<\/tr>\n<tr>\n<td>mo\u010d motorja s1 v W<\/td>\n<td>500<\/td>\n<\/tr>\n<tr>\n<td>napetost<\/td>\n<td>100 &#8211; 240 V \/ 50-60 Hz<\/td>\n<\/tr>\n<tr>\n<td>hitrost v min-1<\/td>\n<td>0-12000<\/td>\n<\/tr>\n<tr>\n<td colspan=\"2\"><strong>te\u017ea<\/strong><\/td>\n<\/tr>\n<tr>\n<td>bruto te\u017ea v kg<\/td>\n<td>3<\/td>\n<\/tr>\n<tr>\n<td>neto te\u017ea v kg<\/td>\n<td>2.80<\/td>\n<\/tr>\n<tr>\n<td colspan=\"2\"><strong>embala\u017ea<\/strong><\/td>\n<\/tr>\n<tr>\n<td>\u0161irina embala\u017ee v mm<\/td>\n<td>260<\/td>\n<\/tr>\n<tr>\n<td>dol\u017eina embala\u017ee v mm<\/td>\n<td>265<\/td>\n<\/tr>\n<tr>\n<td>vi\u0161ina embala\u017ee v mm<\/td>\n<td>95<\/td>\n<\/tr>\n<tr>\n<td colspan=\"2\"><strong>splo\u0161ni podatki<\/strong><\/td>\n<\/tr>\n<tr>\n<td>EAN koda<\/td>\n<td>9120132141004<\/td>\n<\/tr>\n<\/table>\n","protected":false},"excerpt":{"rendered":"<p>Komplet za nadgradnjo vretena HOLZMANN CTF45P500W omogo\u010da namestitev mo\u010dnej\u0161ega vretena z mo\u010djo 500 W (namesto 80 W) na CNC mizni rezkalnik CTF45P_230V.<br \/>\nZa ve\u010djo mo\u010d, npr. za obdelavo aluminija<\/p>\n<ul>\n<li>enostavna namestitev na CTF45P_230V<\/li>\n<li>dodatna oprema za CTF45P_230V<\/li>\n<\/ul>\n","protected":false},"featured_media":11085,"template":"","meta":[],"product_brand":[],"product_cat":[1032,1012],"product_tag":[],"class_list":{"0":"post-11084","1":"product","2":"type-product","3":"status-publish","4":"has-post-thumbnail","6":"product_cat-rezkarji-glodalice","7":"product_cat-stroji-za-les","9":"first","10":"instock","11":"shipping-taxable","12":"purchasable","13":"product-type-simple"},"_links":{"self":[{"href":"https:\/\/www.depoles.com\/hr\/wp-json\/wp\/v2\/product\/11084","targetHints":{"allow":["GET"]}}],"collection":[{"href":"https:\/\/www.depoles.com\/hr\/wp-json\/wp\/v2\/product"}],"about":[{"href":"https:\/\/www.depoles.com\/hr\/wp-json\/wp\/v2\/types\/product"}],"wp:featuredmedia":[{"embeddable":true,"href":"https:\/\/www.depoles.com\/hr\/wp-json\/wp\/v2\/media\/11085"}],"wp:attachment":[{"href":"https:\/\/www.depoles.com\/hr\/wp-json\/wp\/v2\/media?parent=11084"}],"wp:term":[{"taxonomy":"product_brand","embeddable":true,"href":"https:\/\/www.depoles.com\/hr\/wp-json\/wp\/v2\/product_brand?post=11084"},{"taxonomy":"product_cat","embeddable":true,"href":"https:\/\/www.depoles.com\/hr\/wp-json\/wp\/v2\/product_cat?post=11084"},{"taxonomy":"product_tag","embeddable":true,"href":"https:\/\/www.depoles.com\/hr\/wp-json\/wp\/v2\/product_tag?post=11084"}],"curies":[{"name":"wp","href":"https:\/\/api.w.org\/{rel}","templated":true}]}}