{"id":11090,"date":"2026-03-17T12:43:49","date_gmt":"2026-03-17T11:43:49","guid":{"rendered":"https:\/\/www.depoles.com\/trgovina\/sesalnik-ctf45pclean\/"},"modified":"2026-03-17T12:43:49","modified_gmt":"2026-03-17T11:43:49","slug":"sesalnik-ctf45pclean","status":"publish","type":"product","link":"https:\/\/www.depoles.com\/hr\/trgovina\/sesalnik-ctf45pclean\/","title":{"rendered":"Sesalnik CTF45PCLEAN"},"content":{"rendered":"<table>\n<tr>\n<td><strong>tehni\u010dni podatki<\/strong><\/td>\n<\/tr>\n<tr>\n<td><strong>podatki o motorju<\/strong><\/td>\n<\/tr>\n<tr>\n<td>mo\u010d motorja s1 v W<\/td>\n<td>72<\/td>\n<\/tr>\n<tr>\n<td>napetost<\/td>\n<td>100 &#8211; 240 V \/ 50-60 Hz<\/td>\n<\/tr>\n<tr>\n<td><strong>mere<\/strong><\/td>\n<\/tr>\n<tr>\n<td>skupne dimenzije v mm<\/td>\n<td>180 x 170 x 245<\/td>\n<\/tr>\n<tr>\n<td><strong>zbiralniki prahu<\/strong><\/td>\n<\/tr>\n<tr>\n<td>podtlak v Pa<\/td>\n<td>6000<\/td>\n<\/tr>\n<tr>\n<td><strong>te\u017ea<\/strong><\/td>\n<\/tr>\n<tr>\n<td>bruto te\u017ea v kg<\/td>\n<td>1.90<\/td>\n<\/tr>\n<tr>\n<td>neto te\u017ea v kg<\/td>\n<td>1.50<\/td>\n<\/tr>\n<tr>\n<td><strong>embala\u017ea<\/strong><\/td>\n<\/tr>\n<tr>\n<td>\u0161irina embala\u017ee v mm<\/td>\n<td>230<\/td>\n<\/tr>\n<tr>\n<td>dol\u017eina embala\u017ee v mm<\/td>\n<td>295<\/td>\n<\/tr>\n<tr>\n<td>vi\u0161ina embala\u017ee v mm<\/td>\n<td>275<\/td>\n<\/tr>\n<tr>\n<td><strong>splo\u0161ni podatki<\/strong><\/td>\n<\/tr>\n<tr>\n<td>EAN koda<\/td>\n<td>9120132141011<\/td>\n<\/tr>\n<\/table>\n","protected":false},"excerpt":{"rendered":"<p>Sesalnik CTF45PClean je primeren za CNC rezkalno mizo CTF45P_230V.<br \/>\nLahko se namesti na obe vrsti vreten (standardno in 500W) za zmanj\u0161ano izpostavljenost prahu.<\/p>\n<ul>\n<li>kapaciteta vre\u010dke za prah 2,8 litra<\/li>\n<li>dimenzija priklju\u010dka za zbiralnik prahu: \u00d832 mm<\/li>\n<li>dol\u017eina cevi zbiralnika prahu: 1,2 m<\/li>\n<li>LED delovna lu\u010d<\/li>\n<li>glava \u0161\u010detke z magnetnim pritrdilom na ohi\u0161je<\/li>\n<li>2 nivoja mo\u010di, izbirna prek stikala<\/li>\n<li>plo\u0161\u010data \u0161oba za \u010di\u0161\u010denje tudi samostojno<\/li>\n<\/ul>\n<p><strong>Vklju\u010deno v dostavo<\/strong>: 2 x vre\u010dka za ostru\u017eke, glava \u0161\u010detke (1 x L=25mm, 1 x L=50mm) <\/p><\/p>\n","protected":false},"featured_media":11091,"template":"","meta":[],"product_brand":[],"product_cat":[1032,1012],"product_tag":[],"class_list":{"0":"post-11090","1":"product","2":"type-product","3":"status-publish","4":"has-post-thumbnail","6":"product_cat-rezkarji-glodalice","7":"product_cat-stroji-za-les","9":"first","10":"instock","11":"shipping-taxable","12":"purchasable","13":"product-type-simple"},"_links":{"self":[{"href":"https:\/\/www.depoles.com\/hr\/wp-json\/wp\/v2\/product\/11090","targetHints":{"allow":["GET"]}}],"collection":[{"href":"https:\/\/www.depoles.com\/hr\/wp-json\/wp\/v2\/product"}],"about":[{"href":"https:\/\/www.depoles.com\/hr\/wp-json\/wp\/v2\/types\/product"}],"wp:featuredmedia":[{"embeddable":true,"href":"https:\/\/www.depoles.com\/hr\/wp-json\/wp\/v2\/media\/11091"}],"wp:attachment":[{"href":"https:\/\/www.depoles.com\/hr\/wp-json\/wp\/v2\/media?parent=11090"}],"wp:term":[{"taxonomy":"product_brand","embeddable":true,"href":"https:\/\/www.depoles.com\/hr\/wp-json\/wp\/v2\/product_brand?post=11090"},{"taxonomy":"product_cat","embeddable":true,"href":"https:\/\/www.depoles.com\/hr\/wp-json\/wp\/v2\/product_cat?post=11090"},{"taxonomy":"product_tag","embeddable":true,"href":"https:\/\/www.depoles.com\/hr\/wp-json\/wp\/v2\/product_tag?post=11090"}],"curies":[{"name":"wp","href":"https:\/\/api.w.org\/{rel}","templated":true}]}}