{"id":11126,"date":"2026-03-17T12:45:29","date_gmt":"2026-03-17T11:45:29","guid":{"rendered":"https:\/\/www.depoles.com\/trgovina\/kombiniran-5-operacijski-stroj-k5260l_230v\/"},"modified":"2026-03-17T12:45:29","modified_gmt":"2026-03-17T11:45:29","slug":"kombiniran-5-operacijski-stroj-k5260l_230v","status":"publish","type":"product","link":"https:\/\/www.depoles.com\/hr\/trgovina\/kombiniran-5-operacijski-stroj-k5260l_230v\/","title":{"rendered":"Kombiniran 5-operacijski stroj K5260L_230V&nbsp;"},"content":{"rendered":"<table>\n<tr>\n<td><strong>tehni\u010dne podrobnosti<\/strong><\/td>\n<td><\/td>\n<\/tr>\n<tr>\n<td><strong>oblanje<\/strong><\/td>\n<td><\/td>\n<\/tr>\n<tr>\n<td>maks. globina rezanja pri debeljenju v mm<\/td>\n<td>5<\/td>\n<\/tr>\n<tr>\n<td>vodilo oblanja v mm<\/td>\n<td>715&#215;130<\/td>\n<\/tr>\n<tr>\n<td>nagib vodila<\/td>\n<td>90-45\u00b0<\/td>\n<\/tr>\n<tr>\n<td>dovodna dol\u017eina mize v mm<\/td>\n<td>1090<\/td>\n<\/tr>\n<tr>\n<td><strong>podatki o motorju<\/strong><\/td>\n<td><\/td>\n<\/tr>\n<tr>\n<td>mo\u010d motorja s6 v W<\/td>\n<td>3100 \/ 2100 \/ 2100<\/td>\n<\/tr>\n<tr>\n<td>mo\u010d motorja s1 v W<\/td>\n<td>2200 \/ 1500 \/ 1500<\/td>\n<\/tr>\n<tr>\n<td>hitrost podajanja<\/td>\n<td>8<\/td>\n<\/tr>\n<tr>\n<td>napetost<\/td>\n<td>230V<\/td>\n<\/tr>\n<tr>\n<td><strong>mere<\/strong><\/td>\n<td><\/td>\n<\/tr>\n<tr>\n<td>velikost mize v mm<\/td>\n<td>980&#215;470<\/td>\n<\/tr>\n<tr>\n<td>vi\u0161ina mize v mm<\/td>\n<td>840<\/td>\n<\/tr>\n<tr>\n<td>priklju\u010dek za zbiralnik prahu v mm<\/td>\n<td>100<\/td>\n<\/tr>\n<tr>\n<td>drsna miza v mm<\/td>\n<td>250&#215;400<\/td>\n<\/tr>\n<tr>\n<td><strong>zmogljivost rezanja<\/strong><\/td>\n<td><\/td>\n<\/tr>\n<tr>\n<td>maks. vi\u0161ina rezanja 90\u00b0 v mm<\/td>\n<td>78<\/td>\n<\/tr>\n<tr>\n<td>maks. vi\u0161ina rezanja 45\u00b0 v mm<\/td>\n<td>60<\/td>\n<\/tr>\n<tr>\n<td>maks. \u0161irina rezanja pri vzporednem vodilu v mm<\/td>\n<td>510<\/td>\n<\/tr>\n<tr>\n<td><strong>debeljenje<\/strong><\/td>\n<td><\/td>\n<\/tr>\n<tr>\n<td>vi\u0161ina debeljenja v mm<\/td>\n<td>5-195<\/td>\n<\/tr>\n<tr>\n<td><strong>splo\u0161no oblanje<\/strong><\/td>\n<td><\/td>\n<\/tr>\n<tr>\n<td>premer gredi v mm<\/td>\n<td>75<\/td>\n<\/tr>\n<tr>\n<td>hitrost gredi v min-1<\/td>\n<td>4500<\/td>\n<\/tr>\n<tr>\n<td>\u0161tevilo rezil<\/td>\n<td>3<\/td>\n<\/tr>\n<tr>\n<td><strong>tehni\u010dne specifikacije<\/strong><\/td>\n<td><\/td>\n<\/tr>\n<tr>\n<td>premer vretena za rezkanje v mm<\/td>\n<td>30<\/td>\n<\/tr>\n<tr>\n<td>hitrost vretena za rezkanje v min-1<\/td>\n<td>6500<\/td>\n<\/tr>\n<tr>\n<td>hod vretena v mm<\/td>\n<td>100<\/td>\n<\/tr>\n<tr>\n<td>maks. vi\u0161ina vpenjanja v mm<\/td>\n<td>80<\/td>\n<\/tr>\n<tr>\n<td>maks. premer orodja pod mizo v mm<\/td>\n<td>140<\/td>\n<\/tr>\n<tr>\n<td>odprtina mize v mm<\/td>\n<td>145<\/td>\n<\/tr>\n<tr>\n<td>koti vodila v mm<\/td>\n<td>350&#215;125<\/td>\n<\/tr>\n<tr>\n<td>maks. premer orodja nad mizo<\/td>\n<td>160<\/td>\n<\/tr>\n<tr>\n<td><strong>kro\u017ene \u017eage<\/strong><\/td>\n<td><\/td>\n<\/tr>\n<tr>\n<td>\u017eagin list v mm<\/td>\n<td>254<\/td>\n<\/tr>\n<tr>\n<td>hitrost \u017eaginega lista v min-1<\/td>\n<td>4750<\/td>\n<\/tr>\n<tr>\n<td><strong>te\u017ea<\/strong><\/td>\n<td><\/td>\n<\/tr>\n<tr>\n<td>neto te\u017ea v kg<\/td>\n<td>375<\/td>\n<\/tr>\n<tr>\n<td>bruto te\u017ea v kg<\/td>\n<td>390<\/td>\n<\/tr>\n<tr>\n<td><strong>pakiranje<\/strong><\/td>\n<td><\/td>\n<\/tr>\n<tr>\n<td>vi\u0161ina pakiranja v mm<\/td>\n<td>970<\/td>\n<\/tr>\n<tr>\n<td>\u0161irina pakiranja v mm<\/td>\n<td>1.170<\/td>\n<\/tr>\n<tr>\n<td>dol\u017eina pakiranja v mm<\/td>\n<td>1.300<\/td>\n<\/tr>\n<tr>\n<td><strong>splo\u0161ni podatki<\/strong><\/td>\n<td><\/td>\n<\/tr>\n<tr>\n<td>EAN koda<\/td>\n<td>9120039902890<\/td>\n<\/tr>\n<\/table>\n","protected":false},"excerpt":{"rendered":"<ul>\n<li>kompaktna univerzalna kombinirana naprava z majhno prostorsko zahtevo in optimalnim razmerjem med ceno in zmogljivostjo, najbolj\u0161a izbira za ljubitelje obdelave lesa z omejenim<\/li>\n<li>prostorom v delavnici<\/li>\n<li>\u017eagin list se lahko nagiba z ro\u010dnim kolesom od 90 &#8211; 45&deg;<\/li>\n<li>velika in natan\u010dno bru\u0161ena lito\u017eelezna miza z vodilom za kot (+-45&deg;) vodena v T-re\u017ei<\/li>\n<li>hitro in priro\u010dno preklapljanje med na\u010dini delovanja s stikalom<\/li>\n<li>vsaka enota stroja je poganjana z neodvisnim motorjem, ki zagotavlja dolgotrajno zmogljivost pri delu<\/li>\n<li>trdna 3-no\u017ena rezkalna glava s predhodno name\u0161\u010denimi HSS rezili za skobljanje<\/li>\n<li>mo\u010d motorja kro\u017ene \u017eage S1 (100%) \/ S6: 2,2 kW \/ 3,1 kW<\/li>\n<li>mo\u010d motorja vretenastega rezkarja S1 (100%) \/ S6: 1,5 kW \/ 2,1 kW<\/li>\n<li>mo\u010d motorja skobeljnega stroja S1 (100%) \/ S6: 1,5 kW \/ 2,1 kW<\/li>\n<\/ul>\n<p><strong>vklju\u010deno v dostavo:<\/strong> rezkalna kapuca vklj. vodilo in za\u0161\u010ditna plo\u0161\u010da, kotni vodnik vklj. vpenjalo za obdelovanec, kotna ograja vklj. kon\u010dna postaja, paralelna ograja, nagibna (90-45&deg;) skobeljna ograja, skobeljni merilnik, orodje.<\/p>\n<p><strong>enota za vrtanje (K260LLL) na voljo opcijsko<\/strong><\/p>\n","protected":false},"featured_media":11127,"template":"","meta":[],"product_brand":[],"product_cat":[1026,1012],"product_tag":[],"class_list":{"0":"post-11126","1":"product","2":"type-product","3":"status-publish","4":"has-post-thumbnail","6":"product_cat-kombinirke-5-operacij","7":"product_cat-stroji-za-les","9":"first","10":"instock","11":"shipping-taxable","12":"purchasable","13":"product-type-simple"},"_links":{"self":[{"href":"https:\/\/www.depoles.com\/hr\/wp-json\/wp\/v2\/product\/11126","targetHints":{"allow":["GET"]}}],"collection":[{"href":"https:\/\/www.depoles.com\/hr\/wp-json\/wp\/v2\/product"}],"about":[{"href":"https:\/\/www.depoles.com\/hr\/wp-json\/wp\/v2\/types\/product"}],"wp:featuredmedia":[{"embeddable":true,"href":"https:\/\/www.depoles.com\/hr\/wp-json\/wp\/v2\/media\/11127"}],"wp:attachment":[{"href":"https:\/\/www.depoles.com\/hr\/wp-json\/wp\/v2\/media?parent=11126"}],"wp:term":[{"taxonomy":"product_brand","embeddable":true,"href":"https:\/\/www.depoles.com\/hr\/wp-json\/wp\/v2\/product_brand?post=11126"},{"taxonomy":"product_cat","embeddable":true,"href":"https:\/\/www.depoles.com\/hr\/wp-json\/wp\/v2\/product_cat?post=11126"},{"taxonomy":"product_tag","embeddable":true,"href":"https:\/\/www.depoles.com\/hr\/wp-json\/wp\/v2\/product_tag?post=11126"}],"curies":[{"name":"wp","href":"https:\/\/api.w.org\/{rel}","templated":true}]}}