{"id":11132,"date":"2026-03-17T12:46:01","date_gmt":"2026-03-17T11:46:01","guid":{"rendered":"https:\/\/www.depoles.com\/trgovina\/5-operacijski-kombinirani-stroj-k5260psmw2_230v\/"},"modified":"2026-03-17T12:46:01","modified_gmt":"2026-03-17T11:46:01","slug":"5-operacijski-kombinirani-stroj-k5260psmw2_230v","status":"publish","type":"product","link":"https:\/\/www.depoles.com\/hr\/trgovina\/5-operacijski-kombinirani-stroj-k5260psmw2_230v\/","title":{"rendered":"5 operacijski kombinirani stroj K5260PSMW2_230V&nbsp;"},"content":{"rendered":"<table>\n<tr>\n<td><strong>tehni\u010dne podrobnosti<\/strong><\/td>\n<\/tr>\n<tr>\n<td><strong>skoblji\u010denje<\/strong><\/td>\n<\/tr>\n<tr>\n<td>velikost skobeljne mize v mm<\/td>\n<td>1090 x 260<\/td>\n<\/tr>\n<tr>\n<td>maks. globina rezanja pri debeljenju v mm<\/td>\n<td>3<\/td>\n<\/tr>\n<tr>\n<td>vodilo skobeljnika v mm<\/td>\n<td>700 x 123<\/td>\n<\/tr>\n<tr>\n<td>nagib vodila<\/td>\n<td>90-45\u00b0<\/td>\n<\/tr>\n<tr>\n<td><strong>podatki o motorju<\/strong><\/td>\n<\/tr>\n<tr>\n<td>mo\u010d motorja s1 v W<\/td>\n<td>2200 | 1500 | 2200<\/td>\n<\/tr>\n<tr>\n<td>napetost<\/td>\n<td>230 V \/ 50 Hz<\/td>\n<\/tr>\n<tr>\n<td><strong>dimenzije<\/strong><\/td>\n<\/tr>\n<tr>\n<td>velikost mize v mm<\/td>\n<td>920 x 410<\/td>\n<\/tr>\n<tr>\n<td>vi\u0161ina mize v mm<\/td>\n<td>850<\/td>\n<\/tr>\n<tr>\n<td>drsna miza v mm<\/td>\n<td>1320 x 238<\/td>\n<\/tr>\n<tr>\n<td>stranska miza v mm<\/td>\n<td>680 x 530<\/td>\n<\/tr>\n<tr>\n<td>priklju\u010dek za odsesovanje v mm<\/td>\n<td>100 \/ 100 \/ 32<\/td>\n<\/tr>\n<tr>\n<td>skupne dimenzije v mm<\/td>\n<td>1320 x 2330 x 1090<\/td>\n<\/tr>\n<tr>\n<td><strong>zmogljivost rezanja<\/strong><\/td>\n<\/tr>\n<tr>\n<td>maks. vi\u0161ina reza 90\u00b0 v mm<\/td>\n<td>78<\/td>\n<\/tr>\n<tr>\n<td>maks. vi\u0161ina reza 45\u00b0 v mm<\/td>\n<td>63<\/td>\n<\/tr>\n<tr>\n<td>maks. obrezovanje v mm<\/td>\n<td>1300<\/td>\n<\/tr>\n<tr>\n<td>maks. \u0161irina reza pri vzporednem vodilu v mm<\/td>\n<td>710<\/td>\n<\/tr>\n<tr>\n<td><strong>debeljenje<\/strong><\/td>\n<\/tr>\n<tr>\n<td>velikost mize v mm<\/td>\n<td>545 x 258<\/td>\n<\/tr>\n<tr>\n<td>globina reza v mm<\/td>\n<td>4<\/td>\n<\/tr>\n<tr>\n<td>vi\u0161ina debeljenja v mm<\/td>\n<td>225<\/td>\n<\/tr>\n<tr>\n<td><strong>splo\u0161no skobljanje<\/strong><\/td>\n<\/tr>\n<tr>\n<td>premer gredi v mm<\/td>\n<td>70<\/td>\n<\/tr>\n<tr>\n<td>hitrost gredi v min-1<\/td>\n<td>5500<\/td>\n<\/tr>\n<tr>\n<td><strong>tehni\u010dna specifikacija<\/strong><\/td>\n<\/tr>\n<tr>\n<td>premer vretena za rezkanje v mm<\/td>\n<td>30<\/td>\n<\/tr>\n<tr>\n<td>hitrost vretena za rezkanje v min-1<\/td>\n<td>1400 | 4000 | 6000 | 9000<\/td>\n<\/tr>\n<tr>\n<td>hod vretena v mm<\/td>\n<td>110<\/td>\n<\/tr>\n<tr>\n<td>odprtina mize v mm<\/td>\n<td>160<\/td>\n<\/tr>\n<tr>\n<td>maks. premer orodja pod mizo v mm<\/td>\n<td>160<\/td>\n<\/tr>\n<tr>\n<td>maks. premer orodja nad mizo<\/td>\n<td>180<\/td>\n<\/tr>\n<tr>\n<td><strong>kro\u017ene \u017eage<\/strong><\/td>\n<\/tr>\n<tr>\n<td>\u017eagin list v mm<\/td>\n<td>254 x 30 x 3\/2,2<\/td>\n<\/tr>\n<tr>\n<td>hitrost \u017eaginega lista v min-1<\/td>\n<td>4000<\/td>\n<\/tr>\n<tr>\n<td>nagib \u017eaginega lista<\/td>\n<td>0-45\u00b0<\/td>\n<\/tr>\n<tr>\n<td><strong>glasnost in vibracije<\/strong><\/td>\n<\/tr>\n<tr>\n<td>zvo\u010dna mo\u010d v dB(A)<\/td>\n<td>103<\/td>\n<\/tr>\n<tr>\n<td>zvo\u010dni tlak v dB(A)<\/td>\n<td>89,5<\/td>\n<\/tr>\n<tr>\n<td><strong>te\u017ea<\/strong><\/td>\n<\/tr>\n<tr>\n<td>bruto te\u017ea v kg<\/td>\n<td>420<\/td>\n<\/tr>\n<tr>\n<td>neto te\u017ea v kg<\/td>\n<td>362<\/td>\n<\/tr>\n<tr>\n<td><strong>pakiranje<\/strong><\/td>\n<\/tr>\n<tr>\n<td>\u0161irina pakiranja v mm<\/td>\n<td>1.155<\/td>\n<\/tr>\n<tr>\n<td>dol\u017eina pakiranja v mm<\/td>\n<td>1.160<\/td>\n<\/tr>\n<tr>\n<td>vi\u0161ina pakiranja v mm<\/td>\n<td>970<\/td>\n<\/tr>\n<tr>\n<td><strong>splo\u0161ni podatki<\/strong><\/td>\n<\/tr>\n<tr>\n<td>EAN koda<\/td>\n<td>9120132141493<\/td>\n<\/tr>\n<\/table>\n","protected":false},"excerpt":{"rendered":"<p><strong>Kompaktna mo\u010d za va\u0161o delavnico: HOLZMANN K5260PSMW2_230V \u2013 Vse-v-enem stroj za zahtevne ljubitelje DIY projektov<\/strong> <\/p>\n<p>Za tiste, ki cenijo kratke delovne procese in dobro organizirano delavnico, HOLZMANN K5260PSMW2_230V ponuja prostorsko var\u010dno, ve\u010dnamensko re\u0161itev, ki zdru\u017euje ve\u010d mo\u010dnih orodij v eni robustni enoti \u2013 popolno za ambiciozne ljubitelje obdelave lesa.<\/p>\n<p>Ta inteligentno zasnovan stroj zdru\u017euje kro\u017eno \u017eago, enoto za oblikovanje vretena, skoblji\u010d in debelinski skoblji\u010d v eni kompaktni napravi. Izstopajo\u010da lastnost je spiralni rezalni blok na skoblji\u010du, ki je zdru\u017een s formatno drsno mizo za natan\u010dne in profesionalne rezultate.<\/p>\n<p>Tri neodvisno gnani motorji poganjajo vsako enoto, kar zagotavlja mo\u010dno in zanesljivo delovanje za vsako uporabo \u2013 ne glede na to, ali \u017eagate, skobljate ali rezkate. Za \u0161e ve\u010djo vsestranskost je mogo\u010de stroj opcijsko nadgraditi s priklju\u010dkom za utorno rezkanje HOB310ECOLL.<br \/>\nVse skupaj: Kompaktna mo\u010d, ki zadovolji skoraj vse potrebe delavnice v eni pametni, ve\u010dnamenski enoti.<\/p>\n<ul>\n<li>\u017eagin list se lahko zavrti do 45\u00b0 z uporabo ro\u010dnega kolesa<\/li>\n<li>spiralna rezkalna gred za skobljanje in debelinsko skobljanje z 2 utoroma in 24 rezalnimi plo\u0161\u010dicami<\/li>\n<li>drsna miza z raz\u0161iritveno mizo in pre\u010dno ograjo (1225-2100 mm)<\/li>\n<li>izbira funkcije preko vrtljivega stikala<\/li>\n<li>mo\u010d motorja vretenastega rezkarja 1,5 kW<\/li>\n<li>mo\u010d motorja kro\u017ene \u017eage 2,2 kW<\/li>\n<li>mo\u010d motorja skobeljnega-debelinskega skobeljnega stroja 2,2 kW<\/li>\n<li>debelinski skobeljni stroj z ro\u010dico za aktiviranje\/deaktiviranje podajanja: hitrost podajanja najve\u010d 7 m\/min<\/li>\n<\/ul>\n<p><strong>Vklju\u010deno v dostavo:<\/strong> TCT \u017eagin list (254 x 30 x 3,0\/2,2 mm), cev za odsesavanje prahu (pokrov za prah \u017eaginega lista do priklju\u010dnega kosa), 24 x rezkalni vlo\u017eki predhodno sestavljeni (15x15x2,5-R150 mm)<\/p>\n<p><strong>neobvezni dodatki:<\/strong> premikalna naprava UFE5K, enota za vrtanje lukenj HOB310ECOLL<\/p><\/p>\n","protected":false},"featured_media":11133,"template":"","meta":[],"product_brand":[],"product_cat":[1026,1012],"product_tag":[],"class_list":{"0":"post-11132","1":"product","2":"type-product","3":"status-publish","4":"has-post-thumbnail","6":"product_cat-kombinirke-5-operacij","7":"product_cat-stroji-za-les","9":"first","10":"instock","11":"shipping-taxable","12":"purchasable","13":"product-type-simple"},"_links":{"self":[{"href":"https:\/\/www.depoles.com\/hr\/wp-json\/wp\/v2\/product\/11132","targetHints":{"allow":["GET"]}}],"collection":[{"href":"https:\/\/www.depoles.com\/hr\/wp-json\/wp\/v2\/product"}],"about":[{"href":"https:\/\/www.depoles.com\/hr\/wp-json\/wp\/v2\/types\/product"}],"wp:featuredmedia":[{"embeddable":true,"href":"https:\/\/www.depoles.com\/hr\/wp-json\/wp\/v2\/media\/11133"}],"wp:attachment":[{"href":"https:\/\/www.depoles.com\/hr\/wp-json\/wp\/v2\/media?parent=11132"}],"wp:term":[{"taxonomy":"product_brand","embeddable":true,"href":"https:\/\/www.depoles.com\/hr\/wp-json\/wp\/v2\/product_brand?post=11132"},{"taxonomy":"product_cat","embeddable":true,"href":"https:\/\/www.depoles.com\/hr\/wp-json\/wp\/v2\/product_cat?post=11132"},{"taxonomy":"product_tag","embeddable":true,"href":"https:\/\/www.depoles.com\/hr\/wp-json\/wp\/v2\/product_tag?post=11132"}],"curies":[{"name":"wp","href":"https:\/\/api.w.org\/{rel}","templated":true}]}}