{"id":11164,"date":"2026-03-17T12:47:25","date_gmt":"2026-03-17T11:47:25","guid":{"rendered":"https:\/\/www.depoles.com\/trgovina\/5-operacijski-kombinirani-stroj-k5260smart_400v\/"},"modified":"2026-03-17T12:47:25","modified_gmt":"2026-03-17T11:47:25","slug":"5-operacijski-kombinirani-stroj-k5260smart_400v","status":"publish","type":"product","link":"https:\/\/www.depoles.com\/hr\/trgovina\/5-operacijski-kombinirani-stroj-k5260smart_400v\/","title":{"rendered":"5 operacijski kombinirani stroj K5260SMART_400V&nbsp;"},"content":{"rendered":"<table>\n<tr>\n<td><strong>tehni\u010dni podatki<\/strong><\/td>\n<\/tr>\n<tr>\n<td><strong>podatki o motorju<\/strong><\/td>\n<\/tr>\n<tr>\n<td>mo\u010d motorja s1 v W<\/td>\n<td>2200 | 1500 | 2200<\/td>\n<\/tr>\n<tr>\n<td>napetost<\/td>\n<td>400 V \/ 50Hz<\/td>\n<\/tr>\n<tr>\n<td><strong>mere<\/strong><\/td>\n<\/tr>\n<tr>\n<td>velikost mize v mm<\/td>\n<td>920 x 500<\/td>\n<\/tr>\n<tr>\n<td>vi\u0161ina mize v mm<\/td>\n<td>850<\/td>\n<\/tr>\n<tr>\n<td>priklju\u010dek za zbiralnik prahu v mm<\/td>\n<td>100 \/ 100 \/ 32<\/td>\n<\/tr>\n<tr>\n<td>skupne dimenzije v mm<\/td>\n<td>1640 x 1350 x 1150<\/td>\n<\/tr>\n<tr>\n<td><strong>zmogljivost rezanja<\/strong><\/td>\n<\/tr>\n<tr>\n<td>maks. vi\u0161ina rezanja 90\u00b0 v mm<\/td>\n<td>78<\/td>\n<\/tr>\n<tr>\n<td>maks. vi\u0161ina rezanja 45\u00b0 v mm<\/td>\n<td>63<\/td>\n<\/tr>\n<tr>\n<td>maks. obrezovanje v mm<\/td>\n<td>380<\/td>\n<\/tr>\n<tr>\n<td>maks. \u0161irina rezanja pri vzporedni ograji v mm<\/td>\n<td>710<\/td>\n<\/tr>\n<tr>\n<td><strong>debelenje<\/strong><\/td>\n<\/tr>\n<tr>\n<td>velikost mize v mm<\/td>\n<td>545 x 258<\/td>\n<\/tr>\n<tr>\n<td>globina rezanja v mm<\/td>\n<td>4<\/td>\n<\/tr>\n<tr>\n<td>vi\u0161ina debelenja v mm<\/td>\n<td>225<\/td>\n<\/tr>\n<tr>\n<td><strong>splo\u0161no skobljanje<\/strong><\/td>\n<\/tr>\n<tr>\n<td>premer gredi v mm<\/td>\n<td>\u00d8 70<\/td>\n<\/tr>\n<tr>\n<td>hitrost gredi v min-1<\/td>\n<td>5500<\/td>\n<\/tr>\n<tr>\n<td>\u0161tevilo no\u017eev rezkarja<\/td>\n<td>3<\/td>\n<\/tr>\n<tr>\n<td><strong>tehni\u010dne specifikacije<\/strong><\/td>\n<\/tr>\n<tr>\n<td>premer rezkalne vretena v mm<\/td>\n<td>30<\/td>\n<\/tr>\n<tr>\n<td>hitrost rezkalne vretena v min-1<\/td>\n<td>1400 | 4000 | 6000 | 9000<\/td>\n<\/tr>\n<tr>\n<td>hod vretena v mm<\/td>\n<td>110<\/td>\n<\/tr>\n<tr>\n<td>odprtina mize v mm<\/td>\n<td>160<\/td>\n<\/tr>\n<tr>\n<td>maks. premer orodja pod mizo v mm<\/td>\n<td>160<\/td>\n<\/tr>\n<tr>\n<td>maks. premer orodja nad mizo<\/td>\n<td>180<\/td>\n<\/tr>\n<tr>\n<td><strong>kro\u017ene \u017eage<\/strong><\/td>\n<\/tr>\n<tr>\n<td>\u017eagin list v mm<\/td>\n<td>254 x 30 x 3\/2,2<\/td>\n<\/tr>\n<tr>\n<td>hitrost \u017eaginega lista v min-1<\/td>\n<td>4000<\/td>\n<\/tr>\n<tr>\n<td>nagib \u017eaginega lista<\/td>\n<td>0-45\u00b0<\/td>\n<\/tr>\n<tr>\n<td><strong>nivo glasnosti in vibracije<\/strong><\/td>\n<\/tr>\n<tr>\n<td>nivo zvo\u010dne mo\u010di v dB(A)<\/td>\n<td>103<\/td>\n<\/tr>\n<tr>\n<td>nivo zvo\u010dnega tlaka v dB(A)<\/td>\n<td>89,5<\/td>\n<\/tr>\n<tr>\n<td><strong>te\u017ea<\/strong><\/td>\n<\/tr>\n<tr>\n<td>bruto te\u017ea v kg<\/td>\n<td>393<\/td>\n<\/tr>\n<tr>\n<td>neto te\u017ea v kg<\/td>\n<td>335<\/td>\n<\/tr>\n<tr>\n<td><strong>embala\u017ea<\/strong><\/td>\n<\/tr>\n<tr>\n<td>\u0161irina embala\u017ee v mm<\/td>\n<td>1.155<\/td>\n<\/tr>\n<tr>\n<td>dol\u017eina embala\u017ee v mm<\/td>\n<td>1.160<\/td>\n<\/tr>\n<tr>\n<td>vi\u0161ina embala\u017ee v mm<\/td>\n<td>970<\/td>\n<\/tr>\n<tr>\n<td><strong>splo\u0161ni podatki<\/strong><\/td>\n<\/tr>\n<tr>\n<td>EAN koda<\/td>\n<td>9120132141486<\/td>\n<\/tr>\n<\/table>\n","protected":false},"excerpt":{"rendered":"<p>Kompaktna mo\u010d za va\u0161o delavnico: HOLZMANN K5260SMART_400V \u2013 Vse-v-enem stroj Za tiste, ki cenijo kratke delovne procese in dobro organizirano delavnico, HOLZMANN K5260SMART_400V ponuja prostorsko var\u010dno, ve\u010dnamensko re\u0161itev, ki zdru\u017euje ve\u010d mo\u010dnih orodij v eni robustni enoti \u2013 popolno za ambiciozne ljubiteljske obdelovalce lesa. Ta inteligentno zasnovan stroj zdru\u017euje kro\u017eno \u017eago, enoto za oblikovanje vretena, skobeljnik in debelinski skobeljnik v eni kompaktni napravi. Trije neodvisno gnani motorji poganjajo vsako enoto, kar zagotavlja mo\u010dno in zanesljivo delovanje za vsako uporabo \u2013 ne glede na to, ali \u017eagate, skobljate ali rezkate. Za \u0161e ve\u010djo vsestranskost je stroj mogo\u010de opcijsko nadgraditi s priklju\u010dkom za utorno dletenje HOB310ECOLL. Skratka: Kompaktna mo\u010d, ki zadovolji skoraj vse potrebe delavnice v eni pametni, ve\u010dnamenski enoti.<\/p>\n<ul>\n<li>\u017eagin list se lahko zasu\u010de do 45\u00b0 s pomo\u010djo ro\u010dnega kolesa<\/li>\n<li>skobeljni stroj\/debelo skobeljni stroj s 3 skobeljni no\u017ei<\/li>\n<li>kompaktna drsna miza (400 x 250 mm)<\/li>\n<li>izbira funkcije preko vrtljivega stikala<\/li>\n<li>mo\u010d motorja vretenastega rezkarja 1,5 kW<\/li>\n<li>mo\u010d motorja kro\u017ene \u017eage 2,2 kW<\/li>\n<li>mo\u010d motorja skobeljnega-debelo skobeljnega stroja 2,2 kW<\/li>\n<li>debelo skobeljni stroj z ro\u010dico za vklop\/izklop podajanja: hitrost podajanja max. 7 m\/min<\/li>\n<\/ul>\n<p><strong>Vklju\u010deno v dostavo<\/strong>: TCT \u017eagin list (254 x 30 x 3,0\/2,2 mm), cev za odsesavanje prahu (pokrov za prah \u017eaginega lista do priklju\u010dnega kosa), 3 predhodno name\u0161\u010deni skobeljni no\u017ei (260x25x3 mm)<\/p>\n<p><strong>neobvezni dodatki:<\/strong>\u00a0premi\u010dna naprava UFE5K, enota za vrtanje HOB310ECOLL<\/p>\n","protected":false},"featured_media":11165,"template":"","meta":[],"product_brand":[],"product_cat":[1026,1012],"product_tag":[],"class_list":{"0":"post-11164","1":"product","2":"type-product","3":"status-publish","4":"has-post-thumbnail","6":"product_cat-kombinirke-5-operacij","7":"product_cat-stroji-za-les","9":"first","10":"instock","11":"shipping-taxable","12":"purchasable","13":"product-type-simple"},"_links":{"self":[{"href":"https:\/\/www.depoles.com\/hr\/wp-json\/wp\/v2\/product\/11164","targetHints":{"allow":["GET"]}}],"collection":[{"href":"https:\/\/www.depoles.com\/hr\/wp-json\/wp\/v2\/product"}],"about":[{"href":"https:\/\/www.depoles.com\/hr\/wp-json\/wp\/v2\/types\/product"}],"wp:featuredmedia":[{"embeddable":true,"href":"https:\/\/www.depoles.com\/hr\/wp-json\/wp\/v2\/media\/11165"}],"wp:attachment":[{"href":"https:\/\/www.depoles.com\/hr\/wp-json\/wp\/v2\/media?parent=11164"}],"wp:term":[{"taxonomy":"product_brand","embeddable":true,"href":"https:\/\/www.depoles.com\/hr\/wp-json\/wp\/v2\/product_brand?post=11164"},{"taxonomy":"product_cat","embeddable":true,"href":"https:\/\/www.depoles.com\/hr\/wp-json\/wp\/v2\/product_cat?post=11164"},{"taxonomy":"product_tag","embeddable":true,"href":"https:\/\/www.depoles.com\/hr\/wp-json\/wp\/v2\/product_tag?post=11164"}],"curies":[{"name":"wp","href":"https:\/\/api.w.org\/{rel}","templated":true}]}}