{"id":1117,"date":"2024-07-01T11:44:20","date_gmt":"2024-07-01T09:44:20","guid":{"rendered":"https:\/\/nova.depoles.com\/trgovina\/electric-tapping-machine-gsm30e_r30_230v\/"},"modified":"2025-12-17T23:18:45","modified_gmt":"2025-12-17T22:18:45","slug":"electric-tapping-machine-gsm30e_r30_230v","status":"publish","type":"product","link":"https:\/\/www.depoles.com\/hr\/trgovina\/electric-tapping-machine-gsm30e_r30_230v\/","title":{"rendered":"Elektri\u010dna ma\u0161ina za tapkanje GSM30E_R30_230V"},"content":{"rendered":"<p><strong>Tehni\u010dni podatki:<\/strong><\/p>\n<ul>\n<li><strong>Motor:<\/strong>\n<ul>\n<li>Mo\u010d motorja S1: 1200 W<\/li>\n<li>Napetost: 230 V \/ 50 Hz<\/li>\n<li>Hitrost: 0-200 min\u207b\u00b9<\/li>\n<\/ul>\n<\/li>\n<li><strong>Hrup in vibracije:<\/strong>\n<ul>\n<li>Raven zvo\u010dnega tlaka: &lt;70 dB(A)<\/li>\n<\/ul>\n<\/li>\n<li><strong>Te\u017ea:<\/strong>\n<ul>\n<li>Bruto te\u017ea: 54 kg<\/li>\n<li>Netto te\u017ea: 46 kg<\/li>\n<\/ul>\n<\/li>\n<li><strong>Pakiranje:<\/strong>\n<ul>\n<li>\u0160irina pakiranja: 730 mm<\/li>\n<li>Dol\u017eina pakiranja: 870 mm<\/li>\n<li>Vi\u0161ina pakiranja: 230 mm<\/li>\n<\/ul>\n<\/li>\n<li><strong>Splo\u0161ni podatki:<\/strong>\n<ul>\n<li>EAN koda: 9120132140113<\/li>\n<\/ul>\n<\/li>\n<\/ul>\n","protected":false},"excerpt":{"rendered":"<h3>Izpostavljeno<\/h3>\n<ul>\n<li>nastavljiv komplet s kle\u0161\u010dami z omejevalnikom navora<\/li>\n<li>obseg premera navoja: M3-M30 (jeklo); M3-M36 (aluminij)<\/li>\n<li>zaslon na dotik za nastavitev delovanja stroja (nastavitev velikosti navoja, globine rezanja &#8230;)<\/li>\n<li>izbira med dvema na\u010dinoma rezanja: ro\u010dni (smer naprej\/nazaj se aktivira ro\u010dno); samodejni (smer nazaj se aktivira samodejno po dosegu prednastavljene globine navoja)<\/li>\n<li>rezalna glava se lahko zavrti za 90\u00b0<\/li>\n<li>na voljo hladilni sistem (hlajenje z zrak-oljem), delovni tlak: 6-8 bar, volumen olja pribli\u017eno 200 ml<\/li>\n<li>maksimalni delovni doseg roke: 1100 mm, maksimalna nastavitvena vi\u0161ina: 520 mm<\/li>\n<\/ul>\n<p><strong>Vklju\u010deno v dobavo<\/strong>: komplet kle\u0161\u010d (DIN371: M6, M8, M10; DIN376: M12, M14, M16, M18, M20, M24, M27, M30)<\/p>\n<p><strong>Izbirna dodatna oprema<\/strong>: stojalo za stroj GMMS<\/p>\n","protected":false},"featured_media":1118,"template":"","meta":[],"product_brand":[],"product_cat":[1043,1061],"product_tag":[],"class_list":{"0":"post-1117","1":"product","2":"type-product","3":"status-publish","4":"has-post-thumbnail","6":"product_cat-stroji-za-kovine","7":"product_cat-vrtalni-stroji-za-kovino","9":"first","10":"instock","11":"shipping-taxable","12":"purchasable","13":"product-type-simple"},"_links":{"self":[{"href":"https:\/\/www.depoles.com\/hr\/wp-json\/wp\/v2\/product\/1117","targetHints":{"allow":["GET"]}}],"collection":[{"href":"https:\/\/www.depoles.com\/hr\/wp-json\/wp\/v2\/product"}],"about":[{"href":"https:\/\/www.depoles.com\/hr\/wp-json\/wp\/v2\/types\/product"}],"wp:featuredmedia":[{"embeddable":true,"href":"https:\/\/www.depoles.com\/hr\/wp-json\/wp\/v2\/media\/1118"}],"wp:attachment":[{"href":"https:\/\/www.depoles.com\/hr\/wp-json\/wp\/v2\/media?parent=1117"}],"wp:term":[{"taxonomy":"product_brand","embeddable":true,"href":"https:\/\/www.depoles.com\/hr\/wp-json\/wp\/v2\/product_brand?post=1117"},{"taxonomy":"product_cat","embeddable":true,"href":"https:\/\/www.depoles.com\/hr\/wp-json\/wp\/v2\/product_cat?post=1117"},{"taxonomy":"product_tag","embeddable":true,"href":"https:\/\/www.depoles.com\/hr\/wp-json\/wp\/v2\/product_tag?post=1117"}],"curies":[{"name":"wp","href":"https:\/\/api.w.org\/{rel}","templated":true}]}}