{"id":11175,"date":"2026-03-17T12:47:59","date_gmt":"2026-03-17T11:47:59","guid":{"rendered":"https:\/\/www.depoles.com\/trgovina\/5-operacijski-kombinirani-stroj-k5310vpsmw2_230v\/"},"modified":"2026-03-17T12:47:59","modified_gmt":"2026-03-17T11:47:59","slug":"5-operacijski-kombinirani-stroj-k5310vpsmw2_230v","status":"publish","type":"product","link":"https:\/\/www.depoles.com\/hr\/trgovina\/5-operacijski-kombinirani-stroj-k5310vpsmw2_230v\/","title":{"rendered":"5 operacijski kombinirani stroj K5310VPSMW2_230V&nbsp;"},"content":{"rendered":"<table>\n<tr>\n<td><strong>tehni\u010dne podrobnosti<\/strong><\/td>\n<\/tr>\n<tr>\n<td><strong>skobljanje<\/strong><\/td>\n<\/tr>\n<tr>\n<td>velikost skobeljne mize v mm<\/td>\n<td>1300 x 310<\/td>\n<\/tr>\n<tr>\n<td>maks. globina rezanja pri debeljenju v mm<\/td>\n<td>3<\/td>\n<\/tr>\n<tr>\n<td>vodilo skobeljnika v mm<\/td>\n<td>1100 x 150<\/td>\n<\/tr>\n<tr>\n<td>nagib vodila<\/td>\n<td>90-45<\/td>\n<\/tr>\n<tr>\n<td><strong>podatki o motorju<\/strong><\/td>\n<\/tr>\n<tr>\n<td>mo\u010d motorja s1 v W<\/td>\n<td>3000 | 3000 | 2200<\/td>\n<\/tr>\n<tr>\n<td>napetost<\/td>\n<td>230 V \/ 50 Hz<\/td>\n<\/tr>\n<tr>\n<td><strong>meritve<\/strong><\/td>\n<\/tr>\n<tr>\n<td>velikost mize v mm<\/td>\n<td>950 x 380<\/td>\n<\/tr>\n<tr>\n<td>vi\u0161ina mize v mm<\/td>\n<td>860<\/td>\n<\/tr>\n<tr>\n<td>drsna miza v mm<\/td>\n<td>2000 x 270<\/td>\n<\/tr>\n<tr>\n<td>miza z izravnalnikom v mm<\/td>\n<td>730 x 580<\/td>\n<\/tr>\n<tr>\n<td>priklju\u010dek za zbiralnik prahu v mm<\/td>\n<td>\u00d8100\/100\/40<\/td>\n<\/tr>\n<tr>\n<td>skupne dimenzije v mm<\/td>\n<td>2000 x 2370 x 1100<\/td>\n<\/tr>\n<tr>\n<td><strong>zmogljivost rezanja<\/strong><\/td>\n<\/tr>\n<tr>\n<td>maks. vi\u0161ina rezanja 90\u00b0 v mm<\/td>\n<td>100<\/td>\n<\/tr>\n<tr>\n<td>maks. vi\u0161ina rezanja 45\u00b0 v mm<\/td>\n<td>80<\/td>\n<\/tr>\n<tr>\n<td>maks. dol\u017eina obreza v mm<\/td>\n<td>2000<\/td>\n<\/tr>\n<tr>\n<td>maks. \u0161irina rezanja pri vzporednem vodilu v mm<\/td>\n<td>780<\/td>\n<\/tr>\n<tr>\n<td><strong>debeljenje<\/strong><\/td>\n<\/tr>\n<tr>\n<td>velikost mize v mm<\/td>\n<td>545 x 308<\/td>\n<\/tr>\n<tr>\n<td>globina rezanja v mm<\/td>\n<td>4<\/td>\n<\/tr>\n<tr>\n<td>vi\u0161ina debeljenja v mm<\/td>\n<td>225<\/td>\n<\/tr>\n<tr>\n<td><strong>splo\u0161no skobljanje<\/strong><\/td>\n<\/tr>\n<tr>\n<td>premer gredi v mm<\/td>\n<td>70<\/td>\n<\/tr>\n<tr>\n<td>hitrost gredi v min-1<\/td>\n<td>5500<\/td>\n<\/tr>\n<tr>\n<td><strong>tehni\u010dne specifikacije<\/strong><\/td>\n<\/tr>\n<tr>\n<td>premer rezkalne vretena v mm<\/td>\n<td>30<\/td>\n<\/tr>\n<tr>\n<td>hitrost rezkalne vretena v min-1<\/td>\n<td>3000 | 6000 | 8000 | 10000<\/td>\n<\/tr>\n<tr>\n<td>hod vretena v mm<\/td>\n<td>100<\/td>\n<\/tr>\n<tr>\n<td>odprtina mize v mm<\/td>\n<td>180<\/td>\n<\/tr>\n<tr>\n<td>maks. premer orodja pod mizo v mm<\/td>\n<td>180<\/td>\n<\/tr>\n<tr>\n<td>maks. premer orodja nad mizo<\/td>\n<td>180<\/td>\n<\/tr>\n<tr>\n<td><strong>kro\u017ene \u017eage<\/strong><\/td>\n<\/tr>\n<tr>\n<td>\u017eagin list v mm<\/td>\n<td>\u00d8315 (\/30)<\/td>\n<\/tr>\n<tr>\n<td>hitrost \u017eaginega lista v min-1<\/td>\n<td>4500<\/td>\n<\/tr>\n<tr>\n<td>\u017eagin list za zareze v mm<\/td>\n<td>\u00d8100 (\/20)<\/td>\n<\/tr>\n<tr>\n<td>hitrost enote za zareze v min-1<\/td>\n<td>850<\/td>\n<\/tr>\n<tr>\n<td>nagib \u017eaginega lista<\/td>\n<td>0-45\u00b0<\/td>\n<\/tr>\n<tr>\n<td><strong>nivo glasnosti in vibracije<\/strong><\/td>\n<\/tr>\n<tr>\n<td>mo\u010d zvoka v dB(A)<\/td>\n<td>103<\/td>\n<\/tr>\n<tr>\n<td>nivo zvo\u010dnega tlaka v dB(A)<\/td>\n<td>89,5<\/td>\n<\/tr>\n<tr>\n<td><strong>te\u017ea<\/strong><\/td>\n<\/tr>\n<tr>\n<td>bruto te\u017ea v kg<\/td>\n<td>608<\/td>\n<\/tr>\n<tr>\n<td>neto te\u017ea v kg<\/td>\n<td>516<\/td>\n<\/tr>\n<tr>\n<td><strong>embala\u017ea<\/strong><\/td>\n<\/tr>\n<tr>\n<td>\u0161irina embala\u017ee v mm<\/td>\n<td>1.310<\/td>\n<\/tr>\n<tr>\n<td>dol\u017eina embala\u017ee v mm<\/td>\n<td>1.540<\/td>\n<\/tr>\n<tr>\n<td>vi\u0161ina embala\u017ee v mm<\/td>\n<td>970<\/td>\n<\/tr>\n<tr>\n<td><strong>splo\u0161ni podatki<\/strong><\/td>\n<\/tr>\n<tr>\n<td>EAN koda<\/td>\n<td>9120132142063<\/td>\n<\/tr>\n<\/table>\n","protected":false},"excerpt":{"rendered":"<p><strong>Kompaktna mo\u010d za delavnico: HOLZMANN K5310VPSMW2_230V<br \/><\/strong> <\/p>\n<p>Ve\u010dnamenski stroj s \u0161irino skobljanja 300 mm in utorno \u017eago na vrhu<\/p>\n<p>Za vse, ki cenijo kratke razdalje in popolnoma organizirano delavnico, je HOLZMANN K5310VPSMW2_230V idealna re\u0161itev. Ta dobro zasnovan ve\u010dnamenski stroj zdru\u017euje ve\u010d mo\u010dnih lesnoobdelovalnih strojev v enem kompaktnem vsestranskem stroju \u2013 popoln za ambiciozne doma\u010de mojstre z visokimi standardi kakovosti.<\/p>\n<p><strong>4 funkcije \u2013 1 stroj \u2013 maksimalna u\u010dinkovitost <\/strong><\/p>\n<p>K5310VPSMW2_230V zdru\u017euje:<br \/>\nKro\u017eno \u017eago z utorno \u017eago za \u010diste, breztr\u017ene reze<br \/>\nRezkalnik za natan\u010dno obdelavo profilov in robov<br \/>\nSkoblji\u010d s spiralnim rezalnim blokom za popoln povr\u0161inski zaklju\u010dek<br \/>\nDebelinski skoblji\u010d s \u0161irino skobljanja 300 mm za natan\u010dne debeline materiala<br \/>\nPolna drsna miza omogo\u010da natan\u010dno in udobno delo \u2013 tudi z ve\u010djimi obdelovanci.<\/p>\n<p>Mo\u010dan in dobro zasnovan<\/p>\n<p>Trije lo\u010deno gnani motorji zagotavljajo mo\u010dno zmogljivost na vsaki enoti \u2013 ne glede na to, ali gre za \u017eaganje, skobljanje ali rezkanje. To pomeni dosledno zmogljivost in optimalne rezultate za vsako uporabo. Opcijsko raz\u0161irljiv Za \u0161e ve\u010djo prilagodljivost je stroj mogo\u010de raz\u0161iriti z napravo za vrtanje dolgih lukenj HOB310ECOLL \u2013 idealno za zahtevne lesne spoje.<\/p>\n<p>Trije lo\u010deno gnani motorji zagotavljajo mo\u010dno zmogljivost na vsaki enoti \u2013 ne glede na to, ali gre za \u017eaganje, skobljanje ali rezkanje. To pomeni dosledno zmogljivost in optimalne rezultate za vsako uporabo. Opcijsko raz\u0161irljiv Za \u0161e ve\u010djo prilagodljivost je stroj mogo\u010de raz\u0161iriti z napravo za vrtanje dolgih lukenj HOB310ECOLL \u2013 idealno za zahtevne lesne spoje.<br \/>\nZaklju\u010dek: (Skoraj) vse, kar potrebuje hobi mizar \u2013 zdru\u017eeno v enem mo\u010dnem stroju. Prostorsko var\u010den, vsestranski in brezkompromisno natan\u010den.<\/p>\n<ul>\n<li>\u017eagin list se lahko zavrti do 45\u00b0 z uporabo ro\u010dnega kolesa<\/li>\n<li>spiralna rezkalna gred za skobljanje in debelinsko skobljanje z 2 utoroma in 24 rezalnimi plo\u0161\u010dicami<\/li>\n<li>drsna miza s podalj\u0161kom mize in pre\u010dno ograjo (1225-2320 mm)<\/li>\n<li>izbira funkcije preko vrtljivega stikala<\/li>\n<li>mo\u010d motorja vretenastega rezkarja 3,0 kW<\/li>\n<li>mo\u010d motorja kro\u017ene \u017eage 3,0 kW<\/li>\n<li>mo\u010d motorja skobeljnega-debelinskega skobeljnega stroja 2,2 kW<\/li>\n<li>debelinski skobeljni stroj z vzvodom za aktiviranje\/deaktiviranje podajanja: hitrost podajanja max. 5,5 m\/min<\/li>\n<\/ul>\n<p><strong>Vklju\u010deno v dobavo<\/strong>: TCT \u017eagin list (315 x 30 x 3,0\/2,2 mm), cev za odsesavanje prahu (od pokrova za prah \u017eaginega lista do priklju\u010dnega kosa), 30 x rezkalnih vlo\u017ekov predhodno sestavljenih (15x15x2,5 mm)<\/p>\n<p><strong>opcijski dodatki<\/strong>: premi\u010dna naprava UFE5K, enota za vrtanje HOB310ECOLL<\/p><\/p>\n","protected":false},"featured_media":11176,"template":"","meta":[],"product_brand":[],"product_cat":[1026,1012],"product_tag":[],"class_list":{"0":"post-11175","1":"product","2":"type-product","3":"status-publish","4":"has-post-thumbnail","6":"product_cat-kombinirke-5-operacij","7":"product_cat-stroji-za-les","9":"first","10":"instock","11":"shipping-taxable","12":"purchasable","13":"product-type-simple"},"_links":{"self":[{"href":"https:\/\/www.depoles.com\/hr\/wp-json\/wp\/v2\/product\/11175","targetHints":{"allow":["GET"]}}],"collection":[{"href":"https:\/\/www.depoles.com\/hr\/wp-json\/wp\/v2\/product"}],"about":[{"href":"https:\/\/www.depoles.com\/hr\/wp-json\/wp\/v2\/types\/product"}],"wp:featuredmedia":[{"embeddable":true,"href":"https:\/\/www.depoles.com\/hr\/wp-json\/wp\/v2\/media\/11176"}],"wp:attachment":[{"href":"https:\/\/www.depoles.com\/hr\/wp-json\/wp\/v2\/media?parent=11175"}],"wp:term":[{"taxonomy":"product_brand","embeddable":true,"href":"https:\/\/www.depoles.com\/hr\/wp-json\/wp\/v2\/product_brand?post=11175"},{"taxonomy":"product_cat","embeddable":true,"href":"https:\/\/www.depoles.com\/hr\/wp-json\/wp\/v2\/product_cat?post=11175"},{"taxonomy":"product_tag","embeddable":true,"href":"https:\/\/www.depoles.com\/hr\/wp-json\/wp\/v2\/product_tag?post=11175"}],"curies":[{"name":"wp","href":"https:\/\/api.w.org\/{rel}","templated":true}]}}