{"id":11178,"date":"2026-03-17T12:48:28","date_gmt":"2026-03-17T11:48:28","guid":{"rendered":"https:\/\/www.depoles.com\/trgovina\/5-operacijska-kombinirana-naprava-k5310vpsmw2_400v\/"},"modified":"2026-03-17T12:48:28","modified_gmt":"2026-03-17T11:48:28","slug":"5-operacijska-kombinirana-naprava-k5310vpsmw2_400v","status":"publish","type":"product","link":"https:\/\/www.depoles.com\/hr\/trgovina\/5-operacijska-kombinirana-naprava-k5310vpsmw2_400v\/","title":{"rendered":"5 operacijska kombinirana naprava K5310VPSMW2_400V&nbsp;"},"content":{"rendered":"<table>\n<tr>\n<td><strong>tehni\u010dne podrobnosti<\/strong><\/td>\n<td><\/td>\n<\/tr>\n<tr>\n<td>velikost mize za skobljanje v mm<\/td>\n<td>1300 x 310<\/td>\n<\/tr>\n<tr>\n<td>maks. globina reza pri debeljenju v mm<\/td>\n<td>3<\/td>\n<\/tr>\n<tr>\n<td>vodilo skobeljnega stroja v mm<\/td>\n<td>1100 x 150<\/td>\n<\/tr>\n<tr>\n<td>nagib vodila<\/td>\n<td>90-45\u00b0<\/td>\n<\/tr>\n<tr>\n<td><strong>podatki o motorju<\/strong><\/td>\n<td><\/td>\n<\/tr>\n<tr>\n<td>mo\u010d motorja s1 v W<\/td>\n<td>3000 | 3000 | 2200<\/td>\n<\/tr>\n<tr>\n<td>napetost<\/td>\n<td>400 V \/ 50 Hz<\/td>\n<\/tr>\n<tr>\n<td><strong>mere<\/strong><\/td>\n<td><\/td>\n<\/tr>\n<tr>\n<td>velikost mize v mm<\/td>\n<td>950 x 380<\/td>\n<\/tr>\n<tr>\n<td>vi\u0161ina mize v mm<\/td>\n<td>860<\/td>\n<\/tr>\n<tr>\n<td>drsna miza v mm<\/td>\n<td>2000 x 270<\/td>\n<\/tr>\n<tr>\n<td>miza za podajanje v mm<\/td>\n<td>730 x 580<\/td>\n<\/tr>\n<tr>\n<td>priklju\u010dek za odsesavanje v mm<\/td>\n<td>\u00d8100 \/ 100 \/ 40<\/td>\n<\/tr>\n<tr>\n<td>skupne dimenzije v mm<\/td>\n<td>2000 x 2370 x 1100<\/td>\n<\/tr>\n<tr>\n<td><strong>zmogljivost rezanja<\/strong><\/td>\n<td><\/td>\n<\/tr>\n<tr>\n<td>maks. vi\u0161ina reza 90\u00b0 v mm<\/td>\n<td>100<\/td>\n<\/tr>\n<tr>\n<td>maks. vi\u0161ina reza 45\u00b0 v mm<\/td>\n<td>80<\/td>\n<\/tr>\n<tr>\n<td>maks. obrezovanje v mm<\/td>\n<td>2000<\/td>\n<\/tr>\n<tr>\n<td>maks. \u0161irina reza pri vzporednem vodilu v mm<\/td>\n<td>780<\/td>\n<\/tr>\n<tr>\n<td><strong>debeljenje<\/strong><\/td>\n<td><\/td>\n<\/tr>\n<tr>\n<td>velikost mize v mm<\/td>\n<td>545 x 308<\/td>\n<\/tr>\n<tr>\n<td>globina reza v mm<\/td>\n<td>4<\/td>\n<\/tr>\n<tr>\n<td>vi\u0161ina debeljenja v mm<\/td>\n<td>225<\/td>\n<\/tr>\n<tr>\n<td><strong>tehni\u010dne specifikacije<\/strong><\/td>\n<td><\/td>\n<\/tr>\n<tr>\n<td>premer vretena za rezkanje v mm<\/td>\n<td>30<\/td>\n<\/tr>\n<tr>\n<td>hitrost vretena za rezkanje v min-1<\/td>\n<td>3000 | 6000 | 8000 | 10000<\/td>\n<\/tr>\n<tr>\n<td>hod vretena v mm<\/td>\n<td>100<\/td>\n<\/tr>\n<tr>\n<td>odprtina mize v mm<\/td>\n<td>180<\/td>\n<\/tr>\n<tr>\n<td>maks. premer orodja pod mizo v mm<\/td>\n<td>180<\/td>\n<\/tr>\n<tr>\n<td>maks. premer orodja nad mizo<\/td>\n<td>180<\/td>\n<\/tr>\n<tr>\n<td><strong>kro\u017ene \u017eage<\/strong><\/td>\n<td><\/td>\n<\/tr>\n<tr>\n<td>\u017eagin list v mm<\/td>\n<td>\u00d8315 (\/30)<\/td>\n<\/tr>\n<tr>\n<td>hitrost \u017eaginega lista v min-1<\/td>\n<td>4500<\/td>\n<\/tr>\n<tr>\n<td>rezilni \u017eagin list v mm<\/td>\n<td>\u00d8100 (\/20)<\/td>\n<\/tr>\n<tr>\n<td>hitrost rezilne enote v min-1<\/td>\n<td>8500<\/td>\n<\/tr>\n<tr>\n<td>nagib \u017eaginega lista<\/td>\n<td>0-45\u00b0<\/td>\n<\/tr>\n<tr>\n<td><strong>nivo glasnosti in vibracije<\/strong><\/td>\n<td><\/td>\n<\/tr>\n<tr>\n<td>zvo\u010dna mo\u010d v dB(A)<\/td>\n<td>103<\/td>\n<\/tr>\n<tr>\n<td>zvo\u010dni tlak v dB(A)<\/td>\n<td>89,5<\/td>\n<\/tr>\n<tr>\n<td><strong>te\u017ea<\/strong><\/td>\n<td><\/td>\n<\/tr>\n<tr>\n<td>bruto te\u017ea v kg<\/td>\n<td>608<\/td>\n<\/tr>\n<tr>\n<td>neto te\u017ea v kg<\/td>\n<td>516<\/td>\n<\/tr>\n<tr>\n<td><strong>embala\u017ea<\/strong><\/td>\n<td><\/td>\n<\/tr>\n<tr>\n<td>\u0161irina embala\u017ee v mm<\/td>\n<td>1.310<\/td>\n<\/tr>\n<tr>\n<td>dol\u017eina embala\u017ee v mm<\/td>\n<td>1.540<\/td>\n<\/tr>\n<tr>\n<td>vi\u0161ina embala\u017ee v mm<\/td>\n<td>970<\/td>\n<\/tr>\n<tr>\n<td><strong>splo\u0161ni podatki<\/strong><\/td>\n<td><\/td>\n<\/tr>\n<tr>\n<td>EAN koda<\/td>\n<td>9120132142070<\/td>\n<\/tr>\n<\/table>\n","protected":false},"excerpt":{"rendered":"<p><strong>Kompaktna mo\u010d za delavnico: HOLZMANN K5310VPSMW2_400V<br \/><\/strong> <br \/>\nVe\u010dnamenski stroj s 300 mm \u0161irino skobljanja in rezilom za zarezovanje na vrhu<\/p>\n<p>Za vse, ki cenijo kratke razdalje in popolnoma organizirano delavnico, je HOLZMANN K5310VPSMW2_230V idealna re\u0161itev. Ta dobro zasnovan ve\u010dnamenski stroj zdru\u017euje ve\u010d zmogljivih lesnoobdelovalnih strojev v enem kompaktnem vsestranskem stroju \u2013 popolno za ambiciozne doma\u010de mojstre z visokimi standardi kakovosti.<br \/>\n<strong>5 funkcij \u2013 1 stroj \u2013 najve\u010dja u\u010dinkovitost <\/strong><br \/>\nK5310VPSMW2_230V zdru\u017euje:<\/p>\n<li>kro\u017eno \u017eago z rezilom za zarezovanje za \u010diste, breztr\u017ene reze<\/li>\n<li>rezkalnik za natan\u010dno obdelavo profilov in robov<\/li>\n<li>skoblji\u010d s spiralnim rezalnim blokom za popoln povr\u0161inski zaklju\u010dek<\/li>\n<li>debelo skoblji\u010d s 300 mm \u0161irino skobljanja za natan\u010dne debeline materiala<\/li>\n<li>opcijsko enoto za vrtanje<\/li>\n<p>Polna drsna miza omogo\u010da natan\u010dno in udobno delo \u2013 tudi z ve\u010djimi obdelovanci.<\/p>\n<p>Mo\u010dan in dobro zasnovan<br \/>\nTrije lo\u010deno gnani motorji zagotavljajo mo\u010dno zmogljivost na vsaki enoti \u2013 ne glede na to, ali \u017eagate, skobljate ali rezkate. To pomeni dosledno zmogljivost in optimalne rezultate za vsako uporabo. Opcijsko raz\u0161irljiv Za \u0161e ve\u010djo prilagodljivost lahko stroj raz\u0161irite z napravo za vrtanje dolgih lukenj HOB310ECOLL \u2013 idealno za zahtevne lesne spoje.<br \/>\nTrije lo\u010deno gnani motorji zagotavljajo mo\u010dno zmogljivost na vsaki enoti \u2013 ne glede na to, ali \u017eagate, skobljate ali rezkate. To pomeni dosledno zmogljivost in optimalne rezultate za vsako uporabo. Opcijsko raz\u0161irljiv Za \u0161e ve\u010djo prilagodljivost lahko stroj raz\u0161irite z napravo za vrtanje dolgih lukenj HOB310ECOLL \u2013 idealno za zahtevne lesne spoje.<br \/>\nZaklju\u010dek: (Skoraj) vse, kar potrebuje hobi mizar \u2013 zdru\u017eeno v enem, mo\u010dnem stroju. Prostorsko var\u010den, vsestranski in brezkompromisno natan\u010den.<\/p>\n<ul>\n<li>\u017eagin list se lahko zavrti do 45\u00b0 s pomo\u010djo ro\u010dnega kolesa<\/li>\n<li>spiralna rezkalna gred za skobljanje in debelinsko skobljanje z 2 utoroma in 24 rezalnimi plo\u0161\u010dami<\/li>\n<li>drsna miza z raz\u0161iritveno mizo in pre\u010dno ograjo (1225-2320 mm)<\/li>\n<li>izbira funkcije preko vrtljivega stikala<\/li>\n<li>mo\u010d motorja vretenastega rezkarja 3,0 kW<\/li>\n<li>mo\u010d motorja kro\u017ene \u017eage 3,0 kW<\/li>\n<li>mo\u010d motorja skobeljnega-debelinskega skobeljnega stroja 2,2 kW<\/li>\n<li>debelinski skobeljni stroj z vzvodom za vklop\/izklop podajanja: hitrost podajanja max. 5,5 m\/min<\/li>\n<\/ul>\n<p><strong>Vklju\u010deno v dostavo:<\/strong> TCT \u017eagin list (315 x 30 x 3,0\/2,2 mm), cev za odsesavanje prahu (pokrov za prah \u017eaginega lista do priklju\u010dnega kosa), 30 x rezalni vlo\u017eki predhodno sestavljeni (15x15x2,5 mm)<\/p>\n<p><strong>neobvezni <\/strong>dodatki: premi\u010dna naprava UFE5K, enota za vrtanje HOB310ECOLL<\/p><\/p>\n","protected":false},"featured_media":11179,"template":"","meta":[],"product_brand":[],"product_cat":[1026,1012],"product_tag":[],"class_list":{"0":"post-11178","1":"product","2":"type-product","3":"status-publish","4":"has-post-thumbnail","6":"product_cat-kombinirke-5-operacij","7":"product_cat-stroji-za-les","9":"first","10":"instock","11":"shipping-taxable","12":"purchasable","13":"product-type-simple"},"_links":{"self":[{"href":"https:\/\/www.depoles.com\/hr\/wp-json\/wp\/v2\/product\/11178","targetHints":{"allow":["GET"]}}],"collection":[{"href":"https:\/\/www.depoles.com\/hr\/wp-json\/wp\/v2\/product"}],"about":[{"href":"https:\/\/www.depoles.com\/hr\/wp-json\/wp\/v2\/types\/product"}],"wp:featuredmedia":[{"embeddable":true,"href":"https:\/\/www.depoles.com\/hr\/wp-json\/wp\/v2\/media\/11179"}],"wp:attachment":[{"href":"https:\/\/www.depoles.com\/hr\/wp-json\/wp\/v2\/media?parent=11178"}],"wp:term":[{"taxonomy":"product_brand","embeddable":true,"href":"https:\/\/www.depoles.com\/hr\/wp-json\/wp\/v2\/product_brand?post=11178"},{"taxonomy":"product_cat","embeddable":true,"href":"https:\/\/www.depoles.com\/hr\/wp-json\/wp\/v2\/product_cat?post=11178"},{"taxonomy":"product_tag","embeddable":true,"href":"https:\/\/www.depoles.com\/hr\/wp-json\/wp\/v2\/product_tag?post=11178"}],"curies":[{"name":"wp","href":"https:\/\/api.w.org\/{rel}","templated":true}]}}