{"id":11189,"date":"2026-03-17T12:48:53","date_gmt":"2026-03-17T11:48:53","guid":{"rendered":"https:\/\/www.depoles.com\/trgovina\/stojalo-za-struznico-d460ug2\/"},"modified":"2026-03-17T12:48:53","modified_gmt":"2026-03-17T11:48:53","slug":"stojalo-za-struznico-d460ug2","status":"publish","type":"product","link":"https:\/\/www.depoles.com\/hr\/trgovina\/stojalo-za-struznico-d460ug2\/","title":{"rendered":"Stojalo za stru\u017enico D460UG2"},"content":{"rendered":"<table>\n<tr>\n<th colspan=\"2\">tehni\u010dne podrobnosti<\/th>\n<\/tr>\n<tr>\n<td><strong>mere<\/strong><\/td>\n<td><\/td>\n<\/tr>\n<tr>\n<td>skupne dimenzije v mm<\/td>\n<td>596-960 \u00d7 708\u00d7 690-790<\/td>\n<\/tr>\n<tr>\n<td><strong>te\u017ea<\/strong><\/td>\n<td><\/td>\n<\/tr>\n<tr>\n<td>bruto te\u017ea v kg<\/td>\n<td>17<\/td>\n<\/tr>\n<tr>\n<td>neto te\u017ea v kg<\/td>\n<td>15.90<\/td>\n<\/tr>\n<tr>\n<td><strong>embala\u017ea<\/strong><\/td>\n<td><\/td>\n<\/tr>\n<tr>\n<td>\u0161irina embala\u017ee v mm<\/td>\n<td>500<\/td>\n<\/tr>\n<tr>\n<td>dol\u017eina embala\u017ee v mm<\/td>\n<td>840<\/td>\n<\/tr>\n<tr>\n<td>vi\u0161ina embala\u017ee v mm<\/td>\n<td>145<\/td>\n<\/tr>\n<tr>\n<td><strong>splo\u0161ni podatki<\/strong><\/td>\n<td><\/td>\n<\/tr>\n<tr>\n<td>EAN koda<\/td>\n<td>9120132141707<\/td>\n<\/tr>\n<\/table>\n","protected":false},"excerpt":{"rendered":"<p>Stojalo za stru\u017enico HOLZMANN D460UG2 je primerno za serijo stru\u017enic D460 (D460-D460F, D460FXL).<\/p>\n<ul>\n<li>maks. nosilnost 100 kg<\/li>\n<li>delovna vi\u0161ina nastavljiva od 690 \/ 740 \/ 790 mm<\/li>\n<li>dol\u017eina prilagodljiva v razponu 596-960 mm<\/li>\n<li>dimenzija monta\u017ene plo\u0161\u010de: 265 x 105 mm<\/li>\n<\/ul>\n","protected":false},"featured_media":11190,"template":"","meta":[],"product_brand":[],"product_cat":[1012,1037],"product_tag":[],"class_list":{"0":"post-11189","1":"product","2":"type-product","3":"status-publish","4":"has-post-thumbnail","6":"product_cat-stroji-za-les","7":"product_cat-struznice-za-les","9":"first","10":"instock","11":"shipping-taxable","12":"purchasable","13":"product-type-simple"},"_links":{"self":[{"href":"https:\/\/www.depoles.com\/hr\/wp-json\/wp\/v2\/product\/11189","targetHints":{"allow":["GET"]}}],"collection":[{"href":"https:\/\/www.depoles.com\/hr\/wp-json\/wp\/v2\/product"}],"about":[{"href":"https:\/\/www.depoles.com\/hr\/wp-json\/wp\/v2\/types\/product"}],"wp:featuredmedia":[{"embeddable":true,"href":"https:\/\/www.depoles.com\/hr\/wp-json\/wp\/v2\/media\/11190"}],"wp:attachment":[{"href":"https:\/\/www.depoles.com\/hr\/wp-json\/wp\/v2\/media?parent=11189"}],"wp:term":[{"taxonomy":"product_brand","embeddable":true,"href":"https:\/\/www.depoles.com\/hr\/wp-json\/wp\/v2\/product_brand?post=11189"},{"taxonomy":"product_cat","embeddable":true,"href":"https:\/\/www.depoles.com\/hr\/wp-json\/wp\/v2\/product_cat?post=11189"},{"taxonomy":"product_tag","embeddable":true,"href":"https:\/\/www.depoles.com\/hr\/wp-json\/wp\/v2\/product_tag?post=11189"}],"curies":[{"name":"wp","href":"https:\/\/api.w.org\/{rel}","templated":true}]}}