{"id":11197,"date":"2026-03-17T12:49:13","date_gmt":"2026-03-17T11:49:13","guid":{"rendered":"https:\/\/www.depoles.com\/trgovina\/ciklonski-zbiralnik-prahu-rle2200_400v\/"},"modified":"2026-03-17T12:49:13","modified_gmt":"2026-03-17T11:49:13","slug":"ciklonski-zbiralnik-prahu-rle2200_400v","status":"publish","type":"product","link":"https:\/\/www.depoles.com\/hr\/trgovina\/ciklonski-zbiralnik-prahu-rle2200_400v\/","title":{"rendered":"Ciklonski zbiralnik prahu RLE2200_400V"},"content":{"rendered":"<table>\n<tr>\n<th colspan=\"2\">Tehni\u010dne podrobnosti<\/th>\n<\/tr>\n<tr>\n<td><strong>Podatki o motorju<\/strong><\/td>\n<td><\/td>\n<\/tr>\n<tr>\n<td>Mo\u010d motorja S1 v W<\/td>\n<td>2200<\/td>\n<\/tr>\n<tr>\n<td>Napetost<\/td>\n<td>400 V \/ 50 Hz<\/td>\n<\/tr>\n<tr>\n<td><strong>Mere<\/strong><\/td>\n<td><\/td>\n<\/tr>\n<tr>\n<td>Priklju\u010dek za odsesavanje v mm<\/td>\n<td>1x \u00d8200 | 3 x \u00d8100<\/td>\n<\/tr>\n<tr>\n<td>Skupne dimenzije v mm<\/td>\n<td>1320 x 900 x 1840<\/td>\n<\/tr>\n<tr>\n<td><strong>Odsesovalniki<\/strong><\/td>\n<td><\/td>\n<\/tr>\n<tr>\n<td>Zmogljivost sesanja v m\u00b3\/h<\/td>\n<td>2800<\/td>\n<\/tr>\n<tr>\n<td>Premer ventilatorskega kolesa v mm<\/td>\n<td>\u00d8 365<\/td>\n<\/tr>\n<tr>\n<td>Podtlak v Pa<\/td>\n<td>2220<\/td>\n<\/tr>\n<tr>\n<td>Kapaciteta vre\u010de za odrezke v l<\/td>\n<td>151 | 80<\/td>\n<\/tr>\n<tr>\n<td><strong>Raven hrupa in vibracije<\/strong><\/td>\n<td><\/td>\n<\/tr>\n<tr>\n<td>Raven zvo\u010dne mo\u010di v dB(A)<\/td>\n<td>87<\/td>\n<\/tr>\n<tr>\n<td>Raven zvo\u010dnega tlaka v dB(A)<\/td>\n<td>74<\/td>\n<\/tr>\n<tr>\n<td><strong>Te\u017ea<\/strong><\/td>\n<td><\/td>\n<\/tr>\n<tr>\n<td>Bruto te\u017ea v kg<\/td>\n<td>170<\/td>\n<\/tr>\n<tr>\n<td>Neto te\u017ea v kg<\/td>\n<td>136<\/td>\n<\/tr>\n<tr>\n<td><strong>Pakiranje<\/strong><\/td>\n<td><\/td>\n<\/tr>\n<tr>\n<td>\u0160irina pakiranja v mm<\/td>\n<td>760<\/td>\n<\/tr>\n<tr>\n<td>Dol\u017eina pakiranja v mm<\/td>\n<td>1.240<\/td>\n<\/tr>\n<tr>\n<td>Vi\u0161ina pakiranja v mm<\/td>\n<td>960<\/td>\n<\/tr>\n<tr>\n<td><strong>Splo\u0161ni podatki<\/strong><\/td>\n<td><\/td>\n<\/tr>\n<tr>\n<td>EAN koda<\/td>\n<td>9120132141127<\/td>\n<\/tr>\n<\/table>\n","protected":false},"excerpt":{"rendered":"<p>Ciklon za zbiranje prahu HOLZMANN RLE2200_400V z daljinskim upravljanjem, stati\u010dnim vakuumskim manometrom, ciklonskim separatorjem in filtrsko kartu\u0161o je idealen sistem za zbiranje prahu za va\u0161e lesnoobdelovalne stroje.<\/p>\n<ul>\n<li>lo\u010devanje v ciklonskem separatorju s filtrsko kartu\u0161o<\/li>\n<li>vhodni adapter za priklju\u010ditev najve\u010d 3 lesnoobdelovalnih strojev<\/li>\n<li>daljinski upravljalnik za vklop\/izklop zbiralnika prahu<\/li>\n<li>vklj. transportna naprava (kolesa)<\/li>\n<li>prikazovalnik \u010dasa delovanja stroja<\/li>\n<li>samodejno \u010di\u0161\u010denje filtrske kartu\u0161e po izklopu zbiralnika prahu za zagotovitev dosledne zmogljivosti zbiralnika prahu (vklj. zbiralna filtrska vre\u010dka)<\/li>\n<li>zbiralna posoda s kolesi in kontrolnim steklom za preverjanje nivoja napolnjenosti zbranih lesnih ostru\u017ekov\/prahu<\/li>\n<\/ul>\n","protected":false},"featured_media":11198,"template":"","meta":[],"product_brand":[],"product_cat":[1035,1012],"product_tag":[],"class_list":{"0":"post-11197","1":"product","2":"type-product","3":"status-publish","4":"has-post-thumbnail","6":"product_cat-sesalci","7":"product_cat-stroji-za-les","9":"first","10":"instock","11":"shipping-taxable","12":"purchasable","13":"product-type-simple"},"_links":{"self":[{"href":"https:\/\/www.depoles.com\/hr\/wp-json\/wp\/v2\/product\/11197","targetHints":{"allow":["GET"]}}],"collection":[{"href":"https:\/\/www.depoles.com\/hr\/wp-json\/wp\/v2\/product"}],"about":[{"href":"https:\/\/www.depoles.com\/hr\/wp-json\/wp\/v2\/types\/product"}],"wp:featuredmedia":[{"embeddable":true,"href":"https:\/\/www.depoles.com\/hr\/wp-json\/wp\/v2\/media\/11198"}],"wp:attachment":[{"href":"https:\/\/www.depoles.com\/hr\/wp-json\/wp\/v2\/media?parent=11197"}],"wp:term":[{"taxonomy":"product_brand","embeddable":true,"href":"https:\/\/www.depoles.com\/hr\/wp-json\/wp\/v2\/product_brand?post=11197"},{"taxonomy":"product_cat","embeddable":true,"href":"https:\/\/www.depoles.com\/hr\/wp-json\/wp\/v2\/product_cat?post=11197"},{"taxonomy":"product_tag","embeddable":true,"href":"https:\/\/www.depoles.com\/hr\/wp-json\/wp\/v2\/product_tag?post=11197"}],"curies":[{"name":"wp","href":"https:\/\/api.w.org\/{rel}","templated":true}]}}