{"id":11211,"date":"2026-03-17T12:49:44","date_gmt":"2026-03-17T11:49:44","guid":{"rendered":"https:\/\/www.depoles.com\/trgovina\/odsesovalna-naprava-abs4500mf_230v\/"},"modified":"2026-03-17T12:49:44","modified_gmt":"2026-03-17T11:49:44","slug":"odsesovalna-naprava-abs4500mf_230v","status":"publish","type":"product","link":"https:\/\/www.depoles.com\/hr\/trgovina\/odsesovalna-naprava-abs4500mf_230v\/","title":{"rendered":"Odsesovalna naprava ABS4500MF_230V"},"content":{"rendered":"<table>\n<tr>\n<th>Tehni\u010dne podrobnosti<\/th>\n<th><\/th>\n<\/tr>\n<tr>\n<td><strong>Podatki o motorju<\/strong><\/td>\n<td><\/td>\n<\/tr>\n<tr>\n<td>Mo\u010d motorja S1 v W<\/td>\n<td>3000<\/td>\n<\/tr>\n<tr>\n<td>Napetost<\/td>\n<td>230 V \/ 50Hz<\/td>\n<\/tr>\n<tr>\n<td><strong>Mere<\/strong><\/td>\n<td><\/td>\n<\/tr>\n<tr>\n<td>Priklju\u010dek za zbiralnik prahu v mm<\/td>\n<td>200<\/td>\n<\/tr>\n<tr>\n<td><strong>Zbiralniki prahu<\/strong><\/td>\n<td><\/td>\n<\/tr>\n<tr>\n<td>Sesalna zmogljivost v m\u00b3\/h<\/td>\n<td>4500<\/td>\n<\/tr>\n<tr>\n<td>Prostornina vre\u010de za odrezke v l<\/td>\n<td>185<\/td>\n<\/tr>\n<tr>\n<td>Premer vre\u010de za odrezke v mm<\/td>\n<td>500<\/td>\n<\/tr>\n<tr>\n<td>Dol\u017eina vre\u010de za odrezke v mm<\/td>\n<td>900<\/td>\n<\/tr>\n<tr>\n<td>Premer ventilatorskega kolesa v mm<\/td>\n<td>400<\/td>\n<\/tr>\n<tr>\n<td>Podtlak v Pa<\/td>\n<td>2690<\/td>\n<\/tr>\n<tr>\n<td><strong>Raven glasnosti in vibracije<\/strong><\/td>\n<td><\/td>\n<\/tr>\n<tr>\n<td>Raven zvo\u010dne mo\u010di v dB(A)<\/td>\n<td>108<\/td>\n<\/tr>\n<tr>\n<td>Raven zvo\u010dnega tlaka v dB(A)<\/td>\n<td>89,8<\/td>\n<\/tr>\n<tr>\n<td><strong>Te\u017ea<\/strong><\/td>\n<td><\/td>\n<\/tr>\n<tr>\n<td>Bruto te\u017ea v kg<\/td>\n<td>193<\/td>\n<\/tr>\n<tr>\n<td>Neto te\u017ea v kg<\/td>\n<td>143<\/td>\n<\/tr>\n<tr>\n<td><strong>Pakiranje<\/strong><\/td>\n<td><\/td>\n<\/tr>\n<tr>\n<td>\u0160irina pakiranja v mm<\/td>\n<td>720<\/td>\n<\/tr>\n<tr>\n<td>Dol\u017eina pakiranja v mm<\/td>\n<td>1.860<\/td>\n<\/tr>\n<tr>\n<td>Vi\u0161ina pakiranja v mm<\/td>\n<td>560<\/td>\n<\/tr>\n<tr>\n<td><strong>Splo\u0161ni podatki<\/strong><\/td>\n<td><\/td>\n<\/tr>\n<tr>\n<td>EAN koda<\/td>\n<td>9120132141714<\/td>\n<\/tr>\n<\/table>\n","protected":false},"excerpt":{"rendered":"<p><strong>HOLZMANN sistem za odsesavanje prahu ABS4500MF_230V \u2013 zmogljiva tehnologija za odsesavanje prahu za va\u0161o delavnico<\/strong><\/p>\n<p>HOLZMANN ABS4500MF_230V je idealna re\u0161itev za vsakogar, ki ceni u\u010dinkovito in mo\u010dno odsesavanje prahu pri obdelavi lesa.<br \/>\nZ impresivno kapaciteto odsesavanja prahu 4500 m\u00b3\/h in stati\u010dnim vakuumskim tlakom 2690 Pa ta sistem za odsesavanje prahu zagotavlja ve\u010d kot dovolj mo\u010di za zanesljivo odstranjevanje ostankov lesa, ki jih ustvarjajo va\u0161i stroji za obdelavo lesa.<\/p>\n<p>Opremljen z 18 filtrskimi vre\u010dami in skupno filtrsko povr\u0161ino 8,46 m\u00b2 zagotavlja odli\u010dno filtracijsko zmogljivost.<br \/>\nTa robustna enota je popolnoma primerna za uporabo z ve\u010d stroji za obdelavo lesa hkrati, kar jo naredi odli\u010dno izbiro za va\u0161o delavnico za obdelavo lesa.<\/p>\n<ul>\n<li>trdna konstrukcija zagotavlja idealne pogoje pretoka<\/li>\n<li>odporen ventilatorski rotor<\/li>\n<li>stalna sesalna mo\u010d tudi pri neprekinjeni uporabi<\/li>\n<li>dobro vakuumsko delovanje (dimenzije filtra: \u00f8160 x 945mm x 18 = ve\u010dfiltrski)<\/li>\n<li>vgrajena naprava za premikanje za enostavno manevriranje<\/li>\n<\/ul>\n<p><strong>Vklju\u010deno v dostavo<\/strong>: naprava za premikanje, 18 filtrov in 2 vre\u010di za odrezke<\/p><\/p>\n","protected":false},"featured_media":11212,"template":"","meta":[],"product_brand":[],"product_cat":[1035,1012],"product_tag":[],"class_list":{"0":"post-11211","1":"product","2":"type-product","3":"status-publish","4":"has-post-thumbnail","6":"product_cat-sesalci","7":"product_cat-stroji-za-les","9":"first","10":"instock","11":"shipping-taxable","12":"purchasable","13":"product-type-simple"},"_links":{"self":[{"href":"https:\/\/www.depoles.com\/hr\/wp-json\/wp\/v2\/product\/11211","targetHints":{"allow":["GET"]}}],"collection":[{"href":"https:\/\/www.depoles.com\/hr\/wp-json\/wp\/v2\/product"}],"about":[{"href":"https:\/\/www.depoles.com\/hr\/wp-json\/wp\/v2\/types\/product"}],"wp:featuredmedia":[{"embeddable":true,"href":"https:\/\/www.depoles.com\/hr\/wp-json\/wp\/v2\/media\/11212"}],"wp:attachment":[{"href":"https:\/\/www.depoles.com\/hr\/wp-json\/wp\/v2\/media?parent=11211"}],"wp:term":[{"taxonomy":"product_brand","embeddable":true,"href":"https:\/\/www.depoles.com\/hr\/wp-json\/wp\/v2\/product_brand?post=11211"},{"taxonomy":"product_cat","embeddable":true,"href":"https:\/\/www.depoles.com\/hr\/wp-json\/wp\/v2\/product_cat?post=11211"},{"taxonomy":"product_tag","embeddable":true,"href":"https:\/\/www.depoles.com\/hr\/wp-json\/wp\/v2\/product_tag?post=11211"}],"curies":[{"name":"wp","href":"https:\/\/api.w.org\/{rel}","templated":true}]}}