{"id":11218,"date":"2026-03-17T12:50:02","date_gmt":"2026-03-17T11:50:02","guid":{"rendered":"https:\/\/www.depoles.com\/trgovina\/miza-za-brusenje-ssat2200_230v\/"},"modified":"2026-03-17T12:50:02","modified_gmt":"2026-03-17T11:50:02","slug":"miza-za-brusenje-ssat2200_230v","status":"publish","type":"product","link":"https:\/\/www.depoles.com\/hr\/trgovina\/miza-za-brusenje-ssat2200_230v\/","title":{"rendered":"Miza za bru\u0161enje SSAT2200_230V"},"content":{"rendered":"<table>\n<tr>\n<td><strong>tehni\u010dni podatki<\/strong><\/td>\n<\/tr>\n<tr>\n<td><strong>podatki o motorju<\/strong><\/td>\n<\/tr>\n<tr>\n<td>mo\u010d motorja s1 v W<\/td>\n<td>2 x 1000 W<\/td>\n<\/tr>\n<tr>\n<td>napetost<\/td>\n<td>230 V \/ 50 Hz<\/td>\n<\/tr>\n<tr>\n<td><strong>mere<\/strong><\/td>\n<\/tr>\n<tr>\n<td>skupne dimenzije v mm<\/td>\n<td>2200 x 600 x 850<\/td>\n<\/tr>\n<tr>\n<td><strong>zbiralniki prahu<\/strong><\/td>\n<\/tr>\n<tr>\n<td>zmogljivost sesanja v m\u00b3\/h<\/td>\n<td>8000<\/td>\n<\/tr>\n<tr>\n<td>premer kolesa ventilatorja v mm<\/td>\n<td>\u00d8 250<\/td>\n<\/tr>\n<tr>\n<td>velikost sprednjega filtra<\/td>\n<td>4 x (395x495x24)<\/td>\n<\/tr>\n<tr>\n<td><strong>nivo glasnosti in vibracije<\/strong><\/td>\n<\/tr>\n<tr>\n<td>nivo zvo\u010dnega tlaka v dB(A)<\/td>\n<td>&lt; 73,5<\/td>\n<\/tr>\n<tr>\n<td><strong>te\u017ea<\/strong><\/td>\n<\/tr>\n<tr>\n<td>bruto te\u017ea v kg<\/td>\n<td>160<\/td>\n<\/tr>\n<tr>\n<td>neto te\u017ea v kg<\/td>\n<td>130<\/td>\n<\/tr>\n<tr>\n<td><strong>pakiranje<\/strong><\/td>\n<\/tr>\n<tr>\n<td>\u0161irina pakiranja v mm<\/td>\n<td>690<\/td>\n<\/tr>\n<tr>\n<td>dol\u017eina pakiranja v mm<\/td>\n<td>2.250<\/td>\n<\/tr>\n<tr>\n<td>vi\u0161ina pakiranja v mm<\/td>\n<td>730<\/td>\n<\/tr>\n<tr>\n<td><strong>splo\u0161ni podatki<\/strong><\/td>\n<\/tr>\n<tr>\n<td>EAN koda<\/td>\n<td>9120132140717<\/td>\n<\/tr>\n<\/table>\n","protected":false},"excerpt":{"rendered":"<p>HOLZMANN SSAT2200_230V brusilna miza \u2013 bru\u0161enje brez prahu postane enostavno <br \/>\nZ brusilno mizo HOLZMANN SSAT2200_230V lahko kon\u010dno delate \u010disto, u\u010dinkovito in brez po\u0161kodb povr\u0161in. Prostorna delovna miza je opremljena s petimi kovinskimi vlo\u017enimi plo\u0161\u010dami, ki zagotavljajo povr\u0161ino brez po\u0161kodb zahvaljujo\u010d plasti\u010dnim distan\u010dnikom.<br \/>\nMo\u010dan sistem za odsesavanje prahu deluje tako zadaj kot spodaj, zanesljivo zajema in odstranjuje brusni prah. Integriran ventilator s filtrirnim sistemom zagotavlja mo\u010dno odsesavanje neposredno na delovnem mestu in \u010disti zrak med bru\u0161enjem.<br \/>\nPopolnoma primerna za delavnice ali va\u0161o doma\u010do delavnico.<\/p>\n<ul>\n<li>omogo\u010da bru\u0161enje brez prahu &#8211; ni potreben dodaten zbiralnik prahu<\/li>\n<li>primerno za vse vrste lesenih obdelovancev<\/li>\n<li>opremljeno z zlo\u017eljivimi stranskimi plo\u0161\u010dami za dalj\u0161e obdelovance<\/li>\n<li>brez prask zaradi za\u0161\u010dite mize z gumijasto prevleko<\/li>\n<li>velika filtrirna povr\u0161ina omogo\u010da visoko sesalno zmogljivost<\/li>\n<li>vgrajen ventilator<\/li>\n<li>raztegljiv predal za odrezke spredaj za enostavno praznjenje brusnega prahu<\/li>\n<li>filtriran zrak se vra\u010da v delovni prostor in zagotavlja \u010disto delovno okolje<\/li>\n<\/ul>\n","protected":false},"featured_media":11219,"template":"","meta":[],"product_brand":[],"product_cat":[1035,1012],"product_tag":[],"class_list":{"0":"post-11218","1":"product","2":"type-product","3":"status-publish","4":"has-post-thumbnail","6":"product_cat-sesalci","7":"product_cat-stroji-za-les","9":"first","10":"instock","11":"shipping-taxable","12":"purchasable","13":"product-type-simple"},"_links":{"self":[{"href":"https:\/\/www.depoles.com\/hr\/wp-json\/wp\/v2\/product\/11218","targetHints":{"allow":["GET"]}}],"collection":[{"href":"https:\/\/www.depoles.com\/hr\/wp-json\/wp\/v2\/product"}],"about":[{"href":"https:\/\/www.depoles.com\/hr\/wp-json\/wp\/v2\/types\/product"}],"wp:featuredmedia":[{"embeddable":true,"href":"https:\/\/www.depoles.com\/hr\/wp-json\/wp\/v2\/media\/11219"}],"wp:attachment":[{"href":"https:\/\/www.depoles.com\/hr\/wp-json\/wp\/v2\/media?parent=11218"}],"wp:term":[{"taxonomy":"product_brand","embeddable":true,"href":"https:\/\/www.depoles.com\/hr\/wp-json\/wp\/v2\/product_brand?post=11218"},{"taxonomy":"product_cat","embeddable":true,"href":"https:\/\/www.depoles.com\/hr\/wp-json\/wp\/v2\/product_cat?post=11218"},{"taxonomy":"product_tag","embeddable":true,"href":"https:\/\/www.depoles.com\/hr\/wp-json\/wp\/v2\/product_tag?post=11218"}],"curies":[{"name":"wp","href":"https:\/\/api.w.org\/{rel}","templated":true}]}}