{"id":11224,"date":"2026-03-17T12:50:16","date_gmt":"2026-03-17T11:50:16","guid":{"rendered":"https:\/\/www.depoles.com\/trgovina\/ciklonski-zbiralnik-prahu-rle1500_230v\/"},"modified":"2026-03-17T12:50:16","modified_gmt":"2026-03-17T11:50:16","slug":"ciklonski-zbiralnik-prahu-rle1500_230v","status":"publish","type":"product","link":"https:\/\/www.depoles.com\/hr\/trgovina\/ciklonski-zbiralnik-prahu-rle1500_230v\/","title":{"rendered":"Ciklonski zbiralnik prahu RLE1500_230V"},"content":{"rendered":"<table>\n<tr>\n<td><strong>tehni\u010dni podatki<\/strong><\/td>\n<\/tr>\n<tr>\n<td><strong>podatki o motorju<\/strong><\/td>\n<\/tr>\n<tr>\n<td>mo\u010d motorja s1 v W<\/td>\n<td>1500<\/td>\n<\/tr>\n<tr>\n<td>napetost<\/td>\n<td>230 V \/ 50 Hz<\/td>\n<\/tr>\n<tr>\n<td><strong>meritve<\/strong><\/td>\n<\/tr>\n<tr>\n<td>priklju\u010dek za zbiranje prahu v mm<\/td>\n<td>1x \u00d8150 | 3 x \u00d8100<\/td>\n<\/tr>\n<tr>\n<td>skupne dimenzije v mm<\/td>\n<td>1280 x 790 x 1740<\/td>\n<\/tr>\n<tr>\n<td><strong>zbiralniki prahu<\/strong><\/td>\n<\/tr>\n<tr>\n<td>zmogljivost sesanja v m\u00b3\/h<\/td>\n<td>1900<\/td>\n<\/tr>\n<tr>\n<td>kapaciteta vre\u010de za ostru\u017eke v l<\/td>\n<td>110 | 80<\/td>\n<\/tr>\n<tr>\n<td>premer ventilatorskega kolesa v mm<\/td>\n<td>365<\/td>\n<\/tr>\n<tr>\n<td>podtlak v Pa<\/td>\n<td>2040<\/td>\n<\/tr>\n<tr>\n<td><strong>glasnost in vibracije<\/strong><\/td>\n<\/tr>\n<tr>\n<td>zvo\u010dna mo\u010d v dB(A)<\/td>\n<td>84<\/td>\n<\/tr>\n<tr>\n<td>zvo\u010dni tlak v dB(A)<\/td>\n<td>71<\/td>\n<\/tr>\n<tr>\n<td><strong>te\u017ea<\/strong><\/td>\n<\/tr>\n<tr>\n<td>bruto te\u017ea v kg<\/td>\n<td>135<\/td>\n<\/tr>\n<tr>\n<td>neto te\u017ea v kg<\/td>\n<td>97<\/td>\n<\/tr>\n<tr>\n<td><strong>embala\u017ea<\/strong><\/td>\n<\/tr>\n<tr>\n<td>\u0161irina embala\u017ee v mm<\/td>\n<td>1.135<\/td>\n<\/tr>\n<tr>\n<td>dol\u017eina embala\u017ee v mm<\/td>\n<td>1.170<\/td>\n<\/tr>\n<tr>\n<td>vi\u0161ina embala\u017ee v mm<\/td>\n<td>720<\/td>\n<\/tr>\n<tr>\n<td><strong>splo\u0161ni podatki<\/strong><\/td>\n<\/tr>\n<tr>\n<td>EAN koda<\/td>\n<td>9120132141110<\/td>\n<\/tr>\n<\/table>\n","protected":false},"excerpt":{"rendered":"<p>Ciklonski odsesovalnik prahu HOLZMANN RLE1500_230V z daljinskim upravljanjem, ciklonskim separatorjem in filtrsko kartu\u0161o je idealen sistem za odsesavanje prahu za va\u0161e lesnoobdelovalne stroje.<\/p>\n<ul>\n<li>lo\u010devanje v ciklonskem separatorju s filtrsko kartu\u0161o<\/li>\n<li>vhodni adapter za priklju\u010ditev najve\u010d 3 lesnoobdelovalnih strojev<\/li>\n<li>daljinski upravljalnik za vklop\/izklop zbiralnika prahu<\/li>\n<li>vklj. transportna naprava (kolesa)<\/li>\n<li>prikazovalnik \u010dasa delovanja stroja<\/li>\n<li>samodejno \u010di\u0161\u010denje filtrske kartu\u0161e po izklopu zbiralnika prahu za zagotavljanje dosledne zmogljivosti zbiralnika prahu (vklj. zbiralna filtrska vre\u010dka)<\/li>\n<li>zbiralna posoda s kolesi in preglednim steklom za preverjanje nivoja napolnjenosti zbranih lesnih ostru\u017ekov\/prahu<\/li>\n<\/ul>\n","protected":false},"featured_media":11225,"template":"","meta":[],"product_brand":[],"product_cat":[1035,1012],"product_tag":[],"class_list":{"0":"post-11224","1":"product","2":"type-product","3":"status-publish","4":"has-post-thumbnail","6":"product_cat-sesalci","7":"product_cat-stroji-za-les","9":"first","10":"instock","11":"shipping-taxable","12":"purchasable","13":"product-type-simple"},"_links":{"self":[{"href":"https:\/\/www.depoles.com\/hr\/wp-json\/wp\/v2\/product\/11224","targetHints":{"allow":["GET"]}}],"collection":[{"href":"https:\/\/www.depoles.com\/hr\/wp-json\/wp\/v2\/product"}],"about":[{"href":"https:\/\/www.depoles.com\/hr\/wp-json\/wp\/v2\/types\/product"}],"wp:featuredmedia":[{"embeddable":true,"href":"https:\/\/www.depoles.com\/hr\/wp-json\/wp\/v2\/media\/11225"}],"wp:attachment":[{"href":"https:\/\/www.depoles.com\/hr\/wp-json\/wp\/v2\/media?parent=11224"}],"wp:term":[{"taxonomy":"product_brand","embeddable":true,"href":"https:\/\/www.depoles.com\/hr\/wp-json\/wp\/v2\/product_brand?post=11224"},{"taxonomy":"product_cat","embeddable":true,"href":"https:\/\/www.depoles.com\/hr\/wp-json\/wp\/v2\/product_cat?post=11224"},{"taxonomy":"product_tag","embeddable":true,"href":"https:\/\/www.depoles.com\/hr\/wp-json\/wp\/v2\/product_tag?post=11224"}],"curies":[{"name":"wp","href":"https:\/\/api.w.org\/{rel}","templated":true}]}}