{"id":11229,"date":"2026-03-17T12:50:35","date_gmt":"2026-03-17T11:50:35","guid":{"rendered":"https:\/\/www.depoles.com\/trgovina\/odsesovalna-naprava-abs7500mf_400v\/"},"modified":"2026-03-17T12:50:35","modified_gmt":"2026-03-17T11:50:35","slug":"odsesovalna-naprava-abs7500mf_400v","status":"publish","type":"product","link":"https:\/\/www.depoles.com\/hr\/trgovina\/odsesovalna-naprava-abs7500mf_400v\/","title":{"rendered":"Odsesovalna naprava ABS7500MF_400V"},"content":{"rendered":"<table>\n<tr>\n<th colspan=\"2\">tehni\u010dne podrobnosti<\/th>\n<\/tr>\n<tr>\n<th colspan=\"2\">podatki o motorju<\/th>\n<\/tr>\n<tr>\n<td>mo\u010d motorja s1 v W<\/td>\n<td>5500<\/td>\n<\/tr>\n<tr>\n<td>napetost<\/td>\n<td>400 V \/ 50 Hz<\/td>\n<\/tr>\n<tr>\n<th colspan=\"2\">meritve<\/th>\n<\/tr>\n<tr>\n<td>priklju\u010dek za zbiralnik prahu v mm<\/td>\n<td>280<\/td>\n<\/tr>\n<tr>\n<td>skupne dimenzije v mm<\/td>\n<td>2110 x 1140 x 2260<\/td>\n<\/tr>\n<tr>\n<th colspan=\"2\">zbiralniki prahu<\/th>\n<\/tr>\n<tr>\n<td>zmogljivost sesanja v m\u00b3\/h<\/td>\n<td>7500<\/td>\n<\/tr>\n<tr>\n<td>kapaciteta vre\u010de za odrezke v l<\/td>\n<td>265<\/td>\n<\/tr>\n<tr>\n<td>premer vre\u010de za odrezke v mm<\/td>\n<td>610<\/td>\n<\/tr>\n<tr>\n<td>dol\u017eina vre\u010de za odrezke v mm<\/td>\n<td>900<\/td>\n<\/tr>\n<tr>\n<td>premer kolesa ventilatorja v mm<\/td>\n<td>460<\/td>\n<\/tr>\n<tr>\n<td>podtlak v Pa<\/td>\n<td>3835<\/td>\n<\/tr>\n<tr>\n<th colspan=\"2\">nivo glasnosti in vibracije<\/th>\n<\/tr>\n<tr>\n<td>nivo zvo\u010dne mo\u010di v dB(A)<\/td>\n<td>99,8<\/td>\n<\/tr>\n<tr>\n<td>nivo zvo\u010dnega tlaka v dB(A)<\/td>\n<td>88,8<\/td>\n<\/tr>\n<tr>\n<th colspan=\"2\">te\u017ea<\/th>\n<\/tr>\n<tr>\n<td>bruto te\u017ea v kg<\/td>\n<td>320<\/td>\n<\/tr>\n<tr>\n<td>neto te\u017ea v kg<\/td>\n<td>243<\/td>\n<\/tr>\n<tr>\n<th colspan=\"2\">pakiranje<\/th>\n<\/tr>\n<tr>\n<td>\u0161irina pakiranja v mm<\/td>\n<td>1.040<\/td>\n<\/tr>\n<tr>\n<td>dol\u017eina pakiranja v mm<\/td>\n<td>2.150<\/td>\n<\/tr>\n<tr>\n<td>vi\u0161ina pakiranja v mm<\/td>\n<td>630<\/td>\n<\/tr>\n<tr>\n<th colspan=\"2\">splo\u0161ni podatki<\/th>\n<\/tr>\n<tr>\n<td>EAN koda<\/td>\n<td>9120132141721<\/td>\n<\/tr>\n<\/table>\n","protected":false},"excerpt":{"rendered":"<p><strong>HOLZMANN sistem za zbiranje prahu ABS7500MF_400V \u2013 zmogljiva tehnologija za zbiranje prahu za va\u0161o delavnico<\/strong><\/p>\n<p>HOLZMANN ABS7500MF_400V je idealna re\u0161itev za vsakogar, ki ceni u\u010dinkovito in zmogljivo odsesavanje prahu med obdelavo lesa.<br \/>\nS impresivno kapaciteto zbiranja prahu 7500 m\u00b3\/h in stati\u010dnim vakuumskim tlakom 3835 Pa, ta zbiralnik prahu zagotavlja ve\u010d kot dovolj mo\u010di za zanesljivo odstranjevanje ostankov lesa, ki jih ustvarijo va\u0161i stroji za obdelavo lesa.<\/p>\n<p>Opremljen s 35 filtrskimi vre\u010dami in skupno filtrsko povr\u0161ino 16,45 m\u00b2 zagotavlja odli\u010dno filtracijsko zmogljivost.<br \/>\nTa robustna enota je popolnoma primerna za uporabo z ve\u010d stroji za obdelavo lesa hkrati, kar jo naredi odli\u010dno izbiro za va\u0161o delavnico za obdelavo lesa.\n<\/p>\n<ul>\n<li>trdna konstrukcija zagotavlja idealne pogoje pretoka<\/li>\n<li>odporen ventilatorski rotor<\/li>\n<li>stalna sesalna mo\u010d tudi pri neprekinjeni uporabi<\/li>\n<li>dobro vakuumsko delovanje (dimenzije filtra: \u00f8160x945mm x 35 = ve\u010dfiltrski)<\/li>\n<li>vgrajen premi\u010dni pripomo\u010dek za enostavno manevriranje<\/li>\n<\/ul>\n<p><strong>Vklju\u010deno v dostavo<\/strong>: premi\u010dni pripomo\u010dek, 35 filtrov in 2 vre\u010di za odrezke<\/p><\/p>\n","protected":false},"featured_media":11230,"template":"","meta":[],"product_brand":[],"product_cat":[1035,1012],"product_tag":[],"class_list":{"0":"post-11229","1":"product","2":"type-product","3":"status-publish","4":"has-post-thumbnail","6":"product_cat-sesalci","7":"product_cat-stroji-za-les","9":"first","10":"instock","11":"shipping-taxable","12":"purchasable","13":"product-type-simple"},"_links":{"self":[{"href":"https:\/\/www.depoles.com\/hr\/wp-json\/wp\/v2\/product\/11229","targetHints":{"allow":["GET"]}}],"collection":[{"href":"https:\/\/www.depoles.com\/hr\/wp-json\/wp\/v2\/product"}],"about":[{"href":"https:\/\/www.depoles.com\/hr\/wp-json\/wp\/v2\/types\/product"}],"wp:featuredmedia":[{"embeddable":true,"href":"https:\/\/www.depoles.com\/hr\/wp-json\/wp\/v2\/media\/11230"}],"wp:attachment":[{"href":"https:\/\/www.depoles.com\/hr\/wp-json\/wp\/v2\/media?parent=11229"}],"wp:term":[{"taxonomy":"product_brand","embeddable":true,"href":"https:\/\/www.depoles.com\/hr\/wp-json\/wp\/v2\/product_brand?post=11229"},{"taxonomy":"product_cat","embeddable":true,"href":"https:\/\/www.depoles.com\/hr\/wp-json\/wp\/v2\/product_cat?post=11229"},{"taxonomy":"product_tag","embeddable":true,"href":"https:\/\/www.depoles.com\/hr\/wp-json\/wp\/v2\/product_tag?post=11229"}],"curies":[{"name":"wp","href":"https:\/\/api.w.org\/{rel}","templated":true}]}}