{"id":11236,"date":"2026-03-17T12:50:43","date_gmt":"2026-03-17T11:50:43","guid":{"rendered":"https:\/\/www.depoles.com\/trgovina\/komplet-za-brusenje-kovin-ssat2200_mt\/"},"modified":"2026-03-17T12:50:43","modified_gmt":"2026-03-17T11:50:43","slug":"komplet-za-brusenje-kovin-ssat2200_mt","status":"publish","type":"product","link":"https:\/\/www.depoles.com\/hr\/trgovina\/komplet-za-brusenje-kovin-ssat2200_mt\/","title":{"rendered":"Komplet za bru\u0161enje kovin SSAT2200_MT"},"content":{"rendered":"<table>\n<tr>\n<th>Te\u017ea<\/th>\n<\/tr>\n<tr>\n<td>Bruto te\u017ea v kg<\/td>\n<td>12<\/td>\n<\/tr>\n<tr>\n<td>Neto te\u017ea v kg<\/td>\n<td>10.50<\/td>\n<\/tr>\n<tr>\n<th>Pakiranje<\/th>\n<\/tr>\n<tr>\n<td>\u0160irina pakiranja v mm<\/td>\n<td>500<\/td>\n<\/tr>\n<tr>\n<td>Dol\u017eina pakiranja v mm<\/td>\n<td>500<\/td>\n<\/tr>\n<tr>\n<td>Vi\u0161ina pakiranja v mm<\/td>\n<td>300<\/td>\n<\/tr>\n<tr>\n<th>Splo\u0161ni podatki<\/th>\n<\/tr>\n<tr>\n<td>EAN koda<\/td>\n<td>9120132140724<\/td>\n<\/tr>\n<\/table>\n","protected":false},"excerpt":{"rendered":"<ul>\n<li>Pretvorbeni komplet za SSAT2200 za uporabo kot zbiralnik kovinskega prahu, vklju\u010dno s 4 filtri in 11 vlo\u017eki iz nerjave\u010dega jekla.<\/li>\n<\/ul>\n","protected":false},"featured_media":11237,"template":"","meta":[],"product_brand":[],"product_cat":[1035,1012],"product_tag":[],"class_list":{"0":"post-11236","1":"product","2":"type-product","3":"status-publish","4":"has-post-thumbnail","6":"product_cat-sesalci","7":"product_cat-stroji-za-les","9":"first","10":"instock","11":"shipping-taxable","12":"purchasable","13":"product-type-simple"},"_links":{"self":[{"href":"https:\/\/www.depoles.com\/hr\/wp-json\/wp\/v2\/product\/11236","targetHints":{"allow":["GET"]}}],"collection":[{"href":"https:\/\/www.depoles.com\/hr\/wp-json\/wp\/v2\/product"}],"about":[{"href":"https:\/\/www.depoles.com\/hr\/wp-json\/wp\/v2\/types\/product"}],"wp:featuredmedia":[{"embeddable":true,"href":"https:\/\/www.depoles.com\/hr\/wp-json\/wp\/v2\/media\/11237"}],"wp:attachment":[{"href":"https:\/\/www.depoles.com\/hr\/wp-json\/wp\/v2\/media?parent=11236"}],"wp:term":[{"taxonomy":"product_brand","embeddable":true,"href":"https:\/\/www.depoles.com\/hr\/wp-json\/wp\/v2\/product_brand?post=11236"},{"taxonomy":"product_cat","embeddable":true,"href":"https:\/\/www.depoles.com\/hr\/wp-json\/wp\/v2\/product_cat?post=11236"},{"taxonomy":"product_tag","embeddable":true,"href":"https:\/\/www.depoles.com\/hr\/wp-json\/wp\/v2\/product_tag?post=11236"}],"curies":[{"name":"wp","href":"https:\/\/api.w.org\/{rel}","templated":true}]}}