{"id":11243,"date":"2026-03-17T12:51:19","date_gmt":"2026-03-17T11:51:19","guid":{"rendered":"https:\/\/www.depoles.com\/trgovina\/stroj-za-lepljenje-robov-kam35all_400v\/"},"modified":"2026-03-17T12:51:19","modified_gmt":"2026-03-17T11:51:19","slug":"stroj-za-lepljenje-robov-kam35all_400v","status":"publish","type":"product","link":"https:\/\/www.depoles.com\/hr\/trgovina\/stroj-za-lepljenje-robov-kam35all_400v\/","title":{"rendered":"Stroj za lepljenje robov KAM35ALL_400V&nbsp;"},"content":{"rendered":"<table>\n<tr>\n<th colspan=\"2\">tehni\u010dne podrobnosti<\/th>\n<\/tr>\n<tr>\n<td><strong>podatki o motorju<\/strong><\/td>\n<td><\/td>\n<\/tr>\n<tr>\n<td>mo\u010d motorja s1 v W<\/td>\n<td>6900<\/td>\n<\/tr>\n<tr>\n<td>napetost<\/td>\n<td>400 V \/ 50 Hz<\/td>\n<\/tr>\n<tr>\n<td>hitrost podajanja<\/td>\n<td>8 m\/min<\/td>\n<\/tr>\n<tr>\n<td><strong>meritve<\/strong><\/td>\n<td><\/td>\n<\/tr>\n<tr>\n<td>priklju\u010dek za odsesavanje v mm<\/td>\n<td>5 x \u00d8 100<\/td>\n<\/tr>\n<tr>\n<td>skupne dimenzije v mm<\/td>\n<td>3705 x 1360 x 1585<\/td>\n<\/tr>\n<tr>\n<td>vi\u0161ina mize v mm<\/td>\n<td>850<\/td>\n<\/tr>\n<tr>\n<td><strong>mere obdelovanca<\/strong><\/td>\n<td><\/td>\n<\/tr>\n<tr>\n<td>min. dol\u017eina obdelovanca v mm<\/td>\n<td>70<\/td>\n<\/tr>\n<tr>\n<td>min. \u0161irina obdelovanca v mm<\/td>\n<td>80<\/td>\n<\/tr>\n<tr>\n<td>min. debelina obdelovanca v mm<\/td>\n<td>12<\/td>\n<\/tr>\n<tr>\n<td>maks. debelina obdelovanca v mm<\/td>\n<td>50<\/td>\n<\/tr>\n<tr>\n<td><strong>robljenje<\/strong><\/td>\n<td><\/td>\n<\/tr>\n<tr>\n<td>\u0161irina roba v mm<\/td>\n<td>15-55<\/td>\n<\/tr>\n<tr>\n<td>debelina roba v mm<\/td>\n<td>0,4-3<\/td>\n<\/tr>\n<tr>\n<td>potreben zra\u010dni tlak v bar<\/td>\n<td>6-7<\/td>\n<\/tr>\n<tr>\n<td><strong>nivo glasnosti in vibracije<\/strong><\/td>\n<td><\/td>\n<\/tr>\n<tr>\n<td>nivo zvo\u010dne mo\u010di v dB(A)<\/td>\n<td>78<\/td>\n<\/tr>\n<tr>\n<td><strong>te\u017ea<\/strong><\/td>\n<td><\/td>\n<\/tr>\n<tr>\n<td>bruto te\u017ea v kg<\/td>\n<td>1.062<\/td>\n<\/tr>\n<tr>\n<td>neto te\u017ea v kg<\/td>\n<td>945<\/td>\n<\/tr>\n<tr>\n<td>XL-po\u0161iljanje<\/td>\n<td>17<\/td>\n<\/tr>\n<tr>\n<td><strong>pakiranje<\/strong><\/td>\n<td><\/td>\n<\/tr>\n<tr>\n<td>\u0161irina pakiranja v mm<\/td>\n<td>725<\/td>\n<\/tr>\n<tr>\n<td>dol\u017eina pakiranja v mm<\/td>\n<td>3.265<\/td>\n<\/tr>\n<tr>\n<td>vi\u0161ina pakiranja v mm<\/td>\n<td>1.448<\/td>\n<\/tr>\n<tr>\n<td><strong>splo\u0161ni podatki<\/strong><\/td>\n<td><\/td>\n<\/tr>\n<tr>\n<td>EAN koda<\/td>\n<td>9120132141516<\/td>\n<\/tr>\n<\/table>\n","protected":false},"excerpt":{"rendered":"<p>XL \u010dlanek <br \/>\n<strong>HOLZMANN KAM35ALL_400V robna lepilka \u2013 U\u010dinkovita obdelava robov v kompaktni velikosti stroja<\/strong><br \/>\nKAM35ALL_400V iz serije HOLZMANN KAM35 je vrhunski model v tej seriji in idealna re\u0161itev za natan\u010dno in ekonomi\u010dno lepljenje robov \u2013 popolnoma primerna za mala do srednje velika podjetja.<br \/>\nOpremljena je s predrezalno enoto za popolno pripravo robov, lepilnim sistemom za \u010disto in enakomerno lepljenje, stiskanjem in rezanjem robov za natan\u010dne konce, enoto za fino obrezovanje in strgalno enoto za natan\u010dno dodelavo ter enoto za obrezovanje vogalov, ki zagotavlja popolnoma zaobljene vogale.<br \/>\nZaradi kompaktne zasnove stroj zavzame zelo malo prostora v delavnici, vendar zagotavlja profesionalne rezultate industrijske kakovosti.<br \/>\n\u0160iroka paleta modelov v seriji KAM35 vam omogo\u010da, da izberete to\u010dno pravi stroj za potrebe va\u0161ega podjetja.\n<\/p>\n<ul>\n<li>zaslon na dotik<\/li>\n<li>enostranski avtomatski stroj za lepljenje robov z<\/li>\n<li>enoto za predrezovanje (dvojni rezkar z levo\/desno rotacijo) z rezkarjem \u00f880 mm; motor 1,1 kW na enoto in hitrost rezkarja 12000 min-1<\/li>\n<li>posoda za lepilo s kontrolo ogrevanja in neposredno dostavo lepila na ravne obdelovance<\/li>\n<li>enota za pre\u010dno \u017eaganje za rezanje robnega traku (ena enota za sprednjo in zadnjo stran) motor 0,37 kW in 12000 min-1 (hitrost \u017eaginega lista)<\/li>\n<li>dvojna enota za obrezovanje za obrezovanje previsa roba na obdelovancu (zgoraj\/spodaj); motor 0,35 kW na enoto in 12000 min-1<\/li>\n<li>enota za r-strganje (zgoraj\/spodaj)&#8230;lahko se aktivira ali deaktivira s stikalom<\/li>\n<li>razpr\u0161ilna enota pred polirno enoto za dodajanje detergenta<\/li>\n<li>enota za ravno strganje (zgoraj\/spodaj)<\/li>\n<li>polirna enota (zgoraj\/spodaj) 0,18 kW na enoto in 1400 min-1<\/li>\n<li>samodejno in konstantno podajanje plo\u0161\u010d zahvaljujo\u010d pogonu s transportno verigo in mo\u010dnemu motorju<\/li>\n<li>temperaturo lepljenja je mogo\u010de nastaviti elektronsko na zaslonu na dotik<\/li>\n<li>miza za podporo robnega traku<\/li>\n<\/ul>\n<p><strong>Vklju\u010deno v dostavo<\/strong>: 2x predrezovalna rezkarja (\u00f880x\u00f820&#215;55 mm), 2x \u017eagin list (\u00f8104x\u00f822&#215;3), 2x polirni disk (\u00f8150 mm), 2x r-strgalo, 2x ravno strgalo, 2x rezkarja za dvojno rezkalno enoto<\/p><\/p>\n","protected":false},"featured_media":11244,"template":"","meta":[],"product_brand":[],"product_cat":[1033,1012],"product_tag":[],"class_list":{"0":"post-11243","1":"product","2":"type-product","3":"status-publish","4":"has-post-thumbnail","6":"product_cat-robne-lepilke","7":"product_cat-stroji-za-les","9":"first","10":"instock","11":"shipping-taxable","12":"purchasable","13":"product-type-simple"},"_links":{"self":[{"href":"https:\/\/www.depoles.com\/hr\/wp-json\/wp\/v2\/product\/11243","targetHints":{"allow":["GET"]}}],"collection":[{"href":"https:\/\/www.depoles.com\/hr\/wp-json\/wp\/v2\/product"}],"about":[{"href":"https:\/\/www.depoles.com\/hr\/wp-json\/wp\/v2\/types\/product"}],"wp:featuredmedia":[{"embeddable":true,"href":"https:\/\/www.depoles.com\/hr\/wp-json\/wp\/v2\/media\/11244"}],"wp:attachment":[{"href":"https:\/\/www.depoles.com\/hr\/wp-json\/wp\/v2\/media?parent=11243"}],"wp:term":[{"taxonomy":"product_brand","embeddable":true,"href":"https:\/\/www.depoles.com\/hr\/wp-json\/wp\/v2\/product_brand?post=11243"},{"taxonomy":"product_cat","embeddable":true,"href":"https:\/\/www.depoles.com\/hr\/wp-json\/wp\/v2\/product_cat?post=11243"},{"taxonomy":"product_tag","embeddable":true,"href":"https:\/\/www.depoles.com\/hr\/wp-json\/wp\/v2\/product_tag?post=11243"}],"curies":[{"name":"wp","href":"https:\/\/api.w.org\/{rel}","templated":true}]}}