{"id":1126,"date":"2024-07-01T11:44:15","date_gmt":"2024-07-01T09:44:15","guid":{"rendered":"https:\/\/nova.depoles.com\/trgovina\/milling-machine-zx7045pro_400v\/"},"modified":"2025-12-17T14:14:52","modified_gmt":"2025-12-17T13:14:52","slug":"milling-machine-zx7045pro_400v","status":"publish","type":"product","link":"https:\/\/www.depoles.com\/hr\/trgovina\/milling-machine-zx7045pro_400v\/","title":{"rendered":"Elektri\u010dni navojni stroj ZX7045PRO_400V"},"content":{"rendered":"<p><strong>Tehni\u010dna specifikacija izdelka<\/strong><\/p>\n<ul>\n<li><strong>Podatki o motorju<\/strong>\n<ul>\n<li>Mo\u010d motorja S1: 1500 W<\/li>\n<li>Napetost: 400 V \/ 50 Hz<\/li>\n<\/ul>\n<\/li>\n<li><strong>Dimenzije<\/strong>\n<ul>\n<li>Skupne dimenzije (\u0160 x G x V): 1360 x 960 x 2110 mm<\/li>\n<\/ul>\n<\/li>\n<li><strong>Tehni\u010dni podatki<\/strong>\n<ul>\n<li>Maksimalna zmogljivost vrtanja v jeklu: \u00d832 mm<\/li>\n<li>Maksimalna zmogljivost vrtanja v litini: \u00d845 mm<\/li>\n<li>Maksimalna velikost navoja: M20<\/li>\n<li>Adaptar za rezkanje: MK4\/MT4<\/li>\n<li>Hitrost vretena pri rezkanju (min-1): (I) 75-438, (II) 438-2500<\/li>\n<li>Hod vretena: 110 mm<\/li>\n<li>Maksimalna razdalja med vretenom in mizo: 445 mm<\/li>\n<li>Maksimalni premer kon\u010dnega rezkarja: \u00d828 mm<\/li>\n<li>Maksimalni premer plo\u0161\u010datega rezkarja: \u00d880 mm<\/li>\n<li>V-dinice (T utori): 14 mm<\/li>\n<li>Nagib vretena pri rezkanju: +\/- 90\u00b0<\/li>\n<li>Hod osi X: 560 mm (ro\u010dno) \/ 480 mm (avtomatsko)<\/li>\n<li>Hod osi Y: 190 mm<\/li>\n<li>Hod osi Z: 420 mm (ro\u010dno) \/ 350 mm (avtomatsko)<\/li>\n<\/ul>\n<\/li>\n<li><strong>Raven hrupa in vibracije<\/strong>\n<ul>\n<li>Raven zvo\u010dnega tlaka: 78,2 dB(A)<\/li>\n<\/ul>\n<\/li>\n<li><strong>Te\u017ea<\/strong>\n<ul>\n<li>Bruto te\u017ea: 435 kg<\/li>\n<li>Netto te\u017ea: 400 kg<\/li>\n<\/ul>\n<\/li>\n<li><strong>Embalaza<\/strong>\n<ul>\n<li>\u0160irina embala\u017ee: 920 mm<\/li>\n<li>Dol\u017eina embala\u017ee: 1265 mm<\/li>\n<li>Vi\u0161ina embala\u017ee: 1240 mm<\/li>\n<\/ul>\n<\/li>\n<li><strong>Splo\u0161ni podatki<\/strong>\n<ul>\n<li>EAN koda: 9120132140083<\/li>\n<\/ul>\n<\/li>\n<\/ul>\n","protected":false},"excerpt":{"rendered":"<h3>Lastnosti<\/h3>\n<ul>\n<li>Motor za dvig rezalne glave: 90 W<\/li>\n<li>\u010crpalka za hladilno teko\u010dino: 40 W<\/li>\n<li>Motor za premik po X-osi: 90 W, ro\u010dni hod mize po X-osi: 560 mm, avtomatski hod: 480 mm<\/li>\n<li>Hod mize po Y-osi: 190 mm<\/li>\n<li>Hod mize po Z-osi: 420 mm (ro\u010dni), 350 mm (avtomatski)<\/li>\n<li>Dimenzije mize: 820 x 240 mm<\/li>\n<\/ul>\n<p><strong>Vklju\u010deno v dostavo:<\/strong> M16 napenjalna gred, B18 svedrski dr\u017ealo (\u00d81-16 mm), redukcijske tulke MK4-3 in MK3-2.<\/p>\n","protected":false},"featured_media":1127,"template":"","meta":[],"product_brand":[],"product_cat":[1056,1043],"product_tag":[],"class_list":{"0":"post-1126","1":"product","2":"type-product","3":"status-publish","4":"has-post-thumbnail","6":"product_cat-rezkalni-stroji-za-kovino","7":"product_cat-stroji-za-kovine","9":"first","10":"instock","11":"shipping-taxable","12":"purchasable","13":"product-type-simple"},"_links":{"self":[{"href":"https:\/\/www.depoles.com\/hr\/wp-json\/wp\/v2\/product\/1126","targetHints":{"allow":["GET"]}}],"collection":[{"href":"https:\/\/www.depoles.com\/hr\/wp-json\/wp\/v2\/product"}],"about":[{"href":"https:\/\/www.depoles.com\/hr\/wp-json\/wp\/v2\/types\/product"}],"wp:featuredmedia":[{"embeddable":true,"href":"https:\/\/www.depoles.com\/hr\/wp-json\/wp\/v2\/media\/1127"}],"wp:attachment":[{"href":"https:\/\/www.depoles.com\/hr\/wp-json\/wp\/v2\/media?parent=1126"}],"wp:term":[{"taxonomy":"product_brand","embeddable":true,"href":"https:\/\/www.depoles.com\/hr\/wp-json\/wp\/v2\/product_brand?post=1126"},{"taxonomy":"product_cat","embeddable":true,"href":"https:\/\/www.depoles.com\/hr\/wp-json\/wp\/v2\/product_cat?post=1126"},{"taxonomy":"product_tag","embeddable":true,"href":"https:\/\/www.depoles.com\/hr\/wp-json\/wp\/v2\/product_tag?post=1126"}],"curies":[{"name":"wp","href":"https:\/\/api.w.org\/{rel}","templated":true}]}}