{"id":11279,"date":"2026-03-17T12:52:18","date_gmt":"2026-03-17T11:52:18","guid":{"rendered":"https:\/\/www.depoles.com\/trgovina\/set-dlet-za-lesni-struznik-z-izmenljivimi-karbidnimi-konicami-h4tlgxl\/"},"modified":"2026-03-17T12:52:18","modified_gmt":"2026-03-17T11:52:18","slug":"set-dlet-za-lesni-struznik-z-izmenljivimi-karbidnimi-konicami-h4tlgxl","status":"publish","type":"product","link":"https:\/\/www.depoles.com\/hr\/trgovina\/set-dlet-za-lesni-struznik-z-izmenljivimi-karbidnimi-konicami-h4tlgxl\/","title":{"rendered":"Set dlet za lesni stru\u017enik z izmenljivimi karbidnimi konicami H4TLGXL"},"content":{"rendered":"<table>\n<tr>\n<td><strong>te\u017ea<\/strong><\/td>\n<\/tr>\n<tr>\n<td>bruto te\u017ea v kg<\/td>\n<td>2.77<\/td>\n<\/tr>\n<tr>\n<td>neto te\u017ea v kg<\/td>\n<td>2.60<\/td>\n<\/tr>\n<tr>\n<td><strong>embala\u017ea<\/strong><\/td>\n<\/tr>\n<tr>\n<td>\u0161irina embala\u017ee v mm<\/td>\n<td>198<\/td>\n<\/tr>\n<tr>\n<td>dol\u017eina embala\u017ee v mm<\/td>\n<td>650<\/td>\n<\/tr>\n<tr>\n<td>vi\u0161ina embala\u017ee v mm<\/td>\n<td>63<\/td>\n<\/tr>\n<tr>\n<td><strong>splo\u0161ni podatki<\/strong><\/td>\n<\/tr>\n<tr>\n<td>EAN koda<\/td>\n<td>9120132140304<\/td>\n<\/tr>\n<\/table>\n","protected":false},"excerpt":{"rendered":"<p>HOLZMANN 4-delni komplet dlet za stru\u017enico lesa (velikost XL) z zamenljivimi karbidnimi vlo\u017eki je idealen za va\u0161e delo z obdelavo lesa. Komplet vsebuje dleto s kvadratno karbidno konico, karbidno konico z okroglimi vlo\u017eki (ravna \/ kljukasta gred) in karbidno konico v obliki diamanta.<\/p>\n<ul>\n<li>skupna dol\u017eina: 602 mm<\/li>\n<li>dol\u017eina ro\u010daja: 402 mm<\/li>\n<li>premer ro\u010daja: \u00d8 40 mm<\/li>\n<li>ro\u010daj iz bukovega lesa<\/li>\n<\/ul>\n<p><strong>Vklju\u010deno v dostavo<\/strong>: 1x karbidna konica, vsa Ti prevle\u010dena (kvadrat: 15 x 15x \u00d82,5mm-30\u00b0; okrogla \u00d812x \u00d84,3 x2,5 mm, okrogla \u00d816x3mm -30\u00b0R8; diamant 28x10mm), 1 x Torx klju\u010d<\/p>\n<p>Nadomestni vlo\u017eki so na voljo kot dodatki v kompletu 9 kosov<\/p>\n","protected":false},"featured_media":11280,"template":"","meta":[],"product_brand":[],"product_cat":[1021,1012],"product_tag":[],"class_list":{"0":"post-11279","1":"product","2":"type-product","3":"status-publish","4":"has-post-thumbnail","6":"product_cat-orodja-za-struznice","7":"product_cat-stroji-za-les","9":"first","10":"instock","11":"shipping-taxable","12":"purchasable","13":"product-type-simple"},"_links":{"self":[{"href":"https:\/\/www.depoles.com\/hr\/wp-json\/wp\/v2\/product\/11279","targetHints":{"allow":["GET"]}}],"collection":[{"href":"https:\/\/www.depoles.com\/hr\/wp-json\/wp\/v2\/product"}],"about":[{"href":"https:\/\/www.depoles.com\/hr\/wp-json\/wp\/v2\/types\/product"}],"wp:featuredmedia":[{"embeddable":true,"href":"https:\/\/www.depoles.com\/hr\/wp-json\/wp\/v2\/media\/11280"}],"wp:attachment":[{"href":"https:\/\/www.depoles.com\/hr\/wp-json\/wp\/v2\/media?parent=11279"}],"wp:term":[{"taxonomy":"product_brand","embeddable":true,"href":"https:\/\/www.depoles.com\/hr\/wp-json\/wp\/v2\/product_brand?post=11279"},{"taxonomy":"product_cat","embeddable":true,"href":"https:\/\/www.depoles.com\/hr\/wp-json\/wp\/v2\/product_cat?post=11279"},{"taxonomy":"product_tag","embeddable":true,"href":"https:\/\/www.depoles.com\/hr\/wp-json\/wp\/v2\/product_tag?post=11279"}],"curies":[{"name":"wp","href":"https:\/\/api.w.org\/{rel}","templated":true}]}}