{"id":11284,"date":"2026-03-17T12:52:27","date_gmt":"2026-03-17T11:52:27","guid":{"rendered":"https:\/\/www.depoles.com\/trgovina\/set-dlet-za-struznico-za-les-z-izmenljivimi-karbidnimi-konicami-h4tlgm\/"},"modified":"2026-03-17T12:52:27","modified_gmt":"2026-03-17T11:52:27","slug":"set-dlet-za-struznico-za-les-z-izmenljivimi-karbidnimi-konicami-h4tlgm","status":"publish","type":"product","link":"https:\/\/www.depoles.com\/hr\/trgovina\/set-dlet-za-struznico-za-les-z-izmenljivimi-karbidnimi-konicami-h4tlgm\/","title":{"rendered":"Set dlet za stru\u017enico za les z izmenljivimi karbidnimi konicami H4TLGM"},"content":{"rendered":"<table>\n<tr>\n<th colspan=\"2\">tehni\u010dne podrobnosti<\/th>\n<\/tr>\n<tr>\n<td><strong>te\u017ea<\/strong><\/td>\n<td><\/td>\n<\/tr>\n<tr>\n<td>bruto te\u017ea v kg<\/td>\n<td>2.17<\/td>\n<\/tr>\n<tr>\n<td>neto te\u017ea v kg<\/td>\n<td>2.04<\/td>\n<\/tr>\n<tr>\n<td><strong>embala\u017ea<\/strong><\/td>\n<td><\/td>\n<\/tr>\n<tr>\n<td>\u0161irina embala\u017ee v mm<\/td>\n<td>195<\/td>\n<\/tr>\n<tr>\n<td>dol\u017eina embala\u017ee v mm<\/td>\n<td>545<\/td>\n<\/tr>\n<tr>\n<td>vi\u0161ina embala\u017ee v mm<\/td>\n<td>61<\/td>\n<\/tr>\n<tr>\n<td><strong>splo\u0161ni podatki<\/strong><\/td>\n<td><\/td>\n<\/tr>\n<tr>\n<td>EAN koda<\/td>\n<td>9120132140311<\/td>\n<\/tr>\n<\/table>\n","protected":false},"excerpt":{"rendered":"<p>HOLZMANN 4-delni set dlet za stru\u017eenje lesa (velikost M) z zamenljivimi karbidnimi vlo\u017eki je idealen za va\u0161e delo z lesom. Set vsebuje dleto s kvadratno karbidno konico, karbidno konico z okroglimi vlo\u017eki (ravna \/ kaveljasta gred) in karbidno konico v obliki diamanta.<\/p>\n<ul>\n<li>skupna dol\u017eina: 506 mm<\/li>\n<li>dol\u017eina ro\u010daja: 338 mm<\/li>\n<li>premer ro\u010daja: \u00d8 40 mm<\/li>\n<li>Ro\u010daj iz bukovega lesa<\/li>\n<\/ul>\n<p><strong>Vklju\u010deno v dostavo<\/strong>: 1x karbidna konica (kvadrat: 11,3&#215;11,1x\u00d84,5mm-35\u00b0-2R50; diamant (Ti-prevle\u010den) 28x10mm) 2x karbidna konica (Ti-prevle\u010den) \u00d812x\u00d84,3&#215;2,5; , 1 x Torx klju\u010d<\/p>\n<p>Nadomestni vlo\u017eki so na voljo kot dodatki v kompletu 9 kosov<\/p>\n","protected":false},"featured_media":11285,"template":"","meta":[],"product_brand":[],"product_cat":[1021,1012],"product_tag":[],"class_list":{"0":"post-11284","1":"product","2":"type-product","3":"status-publish","4":"has-post-thumbnail","6":"product_cat-orodja-za-struznice","7":"product_cat-stroji-za-les","9":"first","10":"instock","11":"shipping-taxable","12":"purchasable","13":"product-type-simple"},"_links":{"self":[{"href":"https:\/\/www.depoles.com\/hr\/wp-json\/wp\/v2\/product\/11284","targetHints":{"allow":["GET"]}}],"collection":[{"href":"https:\/\/www.depoles.com\/hr\/wp-json\/wp\/v2\/product"}],"about":[{"href":"https:\/\/www.depoles.com\/hr\/wp-json\/wp\/v2\/types\/product"}],"wp:featuredmedia":[{"embeddable":true,"href":"https:\/\/www.depoles.com\/hr\/wp-json\/wp\/v2\/media\/11285"}],"wp:attachment":[{"href":"https:\/\/www.depoles.com\/hr\/wp-json\/wp\/v2\/media?parent=11284"}],"wp:term":[{"taxonomy":"product_brand","embeddable":true,"href":"https:\/\/www.depoles.com\/hr\/wp-json\/wp\/v2\/product_brand?post=11284"},{"taxonomy":"product_cat","embeddable":true,"href":"https:\/\/www.depoles.com\/hr\/wp-json\/wp\/v2\/product_cat?post=11284"},{"taxonomy":"product_tag","embeddable":true,"href":"https:\/\/www.depoles.com\/hr\/wp-json\/wp\/v2\/product_tag?post=11284"}],"curies":[{"name":"wp","href":"https:\/\/api.w.org\/{rel}","templated":true}]}}