{"id":11289,"date":"2026-03-17T12:52:36","date_gmt":"2026-03-17T11:52:36","guid":{"rendered":"https:\/\/www.depoles.com\/trgovina\/set-dlet-za-struznico-za-les-z-izmenljivimi-karbidnimi-konicami-h4tlgs\/"},"modified":"2026-03-17T12:52:36","modified_gmt":"2026-03-17T11:52:36","slug":"set-dlet-za-struznico-za-les-z-izmenljivimi-karbidnimi-konicami-h4tlgs","status":"publish","type":"product","link":"https:\/\/www.depoles.com\/hr\/trgovina\/set-dlet-za-struznico-za-les-z-izmenljivimi-karbidnimi-konicami-h4tlgs\/","title":{"rendered":"Set dlet za stru\u017enico za les z izmenljivimi karbidnimi konicami H4TLGS"},"content":{"rendered":"<table>\n<tr>\n<th>te\u017ea<\/th>\n<\/tr>\n<tr>\n<td>bruto te\u017ea v kg<\/td>\n<td>1.27<\/td>\n<\/tr>\n<tr>\n<td>neto te\u017ea v kg<\/td>\n<td>1.19<\/td>\n<\/tr>\n<tr>\n<th>embala\u017ea<\/th>\n<\/tr>\n<tr>\n<td>\u0161irina embala\u017ee v mm<\/td>\n<td>175<\/td>\n<\/tr>\n<tr>\n<td>dol\u017eina embala\u017ee v mm<\/td>\n<td>415<\/td>\n<\/tr>\n<tr>\n<td>vi\u0161ina embala\u017ee v mm<\/td>\n<td>57<\/td>\n<\/tr>\n<tr>\n<th>splo\u0161ni podatki<\/th>\n<\/tr>\n<tr>\n<td>EAN koda<\/td>\n<td>9120132140328<\/td>\n<\/tr>\n<\/table>\n","protected":false},"excerpt":{"rendered":"<p>HOLZMANN 4-delni set dlet za stru\u017eenje lesa (velikost S) z zamenljivimi karbidnimi vlo\u017eki je idealen za va\u0161e delo z lesom. Set sestavljajo dleta s kvadratno karbidno konico, karbidna konica z okroglimi vlo\u017eki (ravna \/ kaveljasta gred) in diamantna karbidna konica.<\/p>\n<ul>\n<li>skupna dol\u017eina: 342 mm<\/li>\n<li>dol\u017eina ro\u010daja: 246 mm<\/li>\n<li>premer ro\u010daja: \u00d834 mm<\/li>\n<li>Ro\u010daj iz bukovega lesa<\/li>\n<\/ul>\n<p><strong>Vklju\u010deno v dostavo:<\/strong> 1x karbidna konica (kvadrat: 11,3&#215;11,1x\u00d84,5mm-35\u00b0-2R50; okrogla (Ti-prevleka) \u00d812x\u00d84,3&#215;2,5; okrogla \u00d86; diamantna (Ti-prevleka) 28x10mm), 2 x Torx klju\u010d<\/p>\n<p>Nadomestni vlo\u017eki so na voljo kot dodatki v kompletu po 9<\/p><\/p>\n","protected":false},"featured_media":11290,"template":"","meta":[],"product_brand":[],"product_cat":[1021,1012],"product_tag":[],"class_list":{"0":"post-11289","1":"product","2":"type-product","3":"status-publish","4":"has-post-thumbnail","6":"product_cat-orodja-za-struznice","7":"product_cat-stroji-za-les","9":"first","10":"instock","11":"shipping-taxable","12":"purchasable","13":"product-type-simple"},"_links":{"self":[{"href":"https:\/\/www.depoles.com\/hr\/wp-json\/wp\/v2\/product\/11289","targetHints":{"allow":["GET"]}}],"collection":[{"href":"https:\/\/www.depoles.com\/hr\/wp-json\/wp\/v2\/product"}],"about":[{"href":"https:\/\/www.depoles.com\/hr\/wp-json\/wp\/v2\/types\/product"}],"wp:featuredmedia":[{"embeddable":true,"href":"https:\/\/www.depoles.com\/hr\/wp-json\/wp\/v2\/media\/11290"}],"wp:attachment":[{"href":"https:\/\/www.depoles.com\/hr\/wp-json\/wp\/v2\/media?parent=11289"}],"wp:term":[{"taxonomy":"product_brand","embeddable":true,"href":"https:\/\/www.depoles.com\/hr\/wp-json\/wp\/v2\/product_brand?post=11289"},{"taxonomy":"product_cat","embeddable":true,"href":"https:\/\/www.depoles.com\/hr\/wp-json\/wp\/v2\/product_cat?post=11289"},{"taxonomy":"product_tag","embeddable":true,"href":"https:\/\/www.depoles.com\/hr\/wp-json\/wp\/v2\/product_tag?post=11289"}],"curies":[{"name":"wp","href":"https:\/\/api.w.org\/{rel}","templated":true}]}}