{"id":11337,"date":"2026-03-17T12:54:18","date_gmt":"2026-03-17T11:54:18","guid":{"rendered":"https:\/\/www.depoles.com\/trgovina\/kovinski-struzni-stroj-3-osni-dro-ed1500kdig_400v\/"},"modified":"2026-03-17T12:54:18","modified_gmt":"2026-03-17T11:54:18","slug":"kovinski-struzni-stroj-3-osni-dro-ed1500kdig_400v","status":"publish","type":"product","link":"https:\/\/www.depoles.com\/hr\/trgovina\/kovinski-struzni-stroj-3-osni-dro-ed1500kdig_400v\/","title":{"rendered":"Kovinski stru\u017eni stroj 3-osni DRO ED1500KDIG_400V&nbsp;"},"content":{"rendered":"<table>\n<tr>\n<td><strong>Podatki o motorju<\/strong><\/td>\n<td><\/td>\n<\/tr>\n<tr>\n<td>Mo\u010d motorja S1 v W<\/td>\n<td>2000<\/td>\n<\/tr>\n<tr>\n<td>Napetost<\/td>\n<td>400 V \/ 50Hz<\/td>\n<\/tr>\n<tr>\n<td><strong>Mere<\/strong><\/td>\n<td><\/td>\n<\/tr>\n<tr>\n<td>Skupne dimenzije v mm<\/td>\n<td>2570 x 780 x 1800<\/td>\n<\/tr>\n<tr>\n<td>\u0160irina postelje v mm<\/td>\n<td>220<\/td>\n<\/tr>\n<tr>\n<td>Vi\u0161ina postelje v mm<\/td>\n<td>270<\/td>\n<\/tr>\n<tr>\n<td><strong>Stru\u017enice<\/strong><\/td>\n<td><\/td>\n<\/tr>\n<tr>\n<td>Razdalja med centri v mm<\/td>\n<td>1500<\/td>\n<\/tr>\n<tr>\n<td>Vi\u0161ina centra v mm<\/td>\n<td>200<\/td>\n<\/tr>\n<tr>\n<td>Maks. premer obdelovanca nad posteljo v mm<\/td>\n<td>400<\/td>\n<\/tr>\n<tr>\n<td>Maks. premer obdelovanca nad pre\u010dnim drsnikom v mm<\/td>\n<td>250<\/td>\n<\/tr>\n<tr>\n<td>Hitrost vretena stru\u017enice v min-1<\/td>\n<td>45-2000 (12)<\/td>\n<\/tr>\n<tr>\n<td>Premer vretena v mm<\/td>\n<td>56<\/td>\n<\/tr>\n<tr>\n<td>Konus vretena<\/td>\n<td>MK6\/MT6<\/td>\n<\/tr>\n<tr>\n<td>Konus konji\u010dka<\/td>\n<td>MK4\/MT4<\/td>\n<\/tr>\n<tr>\n<td>Vzdol\u017eni pomik<\/td>\n<td>0,02-0,85 mm\/U (64)<\/td>\n<\/tr>\n<tr>\n<td>Pre\u010dni pomik<\/td>\n<td>0,005-0,22 mm\/U (64)<\/td>\n<\/tr>\n<tr>\n<td>Pomik vozi\u010dka v mm<\/td>\n<td>1175<\/td>\n<\/tr>\n<tr>\n<td>Pomik pre\u010dnega drsnika v mm<\/td>\n<td>180<\/td>\n<\/tr>\n<tr>\n<td>Pomik sestavljenega drsnika v mm<\/td>\n<td>110<\/td>\n<\/tr>\n<tr>\n<td>Pomik tulca konji\u010dka<\/td>\n<td>110<\/td>\n<\/tr>\n<tr>\n<td>Obseg metri\u010dnih navojev v mm\/r<\/td>\n<td>0,8-14 (36)<\/td>\n<\/tr>\n<tr>\n<td>Obseg pal\u010dnih navojev<\/td>\n<td>2-28 TPI (36)<\/td>\n<\/tr>\n<tr>\n<td>Maks. presek dr\u017eala orodja<\/td>\n<td>30 x 20 mm<\/td>\n<\/tr>\n<tr>\n<td><strong>Raven hrupa in vibracije<\/strong><\/td>\n<td><\/td>\n<\/tr>\n<tr>\n<td>Raven zvo\u010dnega tlaka v dB(A)<\/td>\n<td>78<\/td>\n<\/tr>\n<tr>\n<td><strong>Te\u017ea<\/strong><\/td>\n<td><\/td>\n<\/tr>\n<tr>\n<td>Bruto te\u017ea v kg<\/td>\n<td>980<\/td>\n<\/tr>\n<tr>\n<td>Neto te\u017ea v kg<\/td>\n<td>880<\/td>\n<\/tr>\n<tr>\n<td>XL-po\u0161iljanje<\/td>\n<td>17<\/td>\n<\/tr>\n<tr>\n<td><strong>Pakiranje<\/strong><\/td>\n<td><\/td>\n<\/tr>\n<tr>\n<td>\u0160irina pakiranja v mm<\/td>\n<td>760<\/td>\n<\/tr>\n<tr>\n<td>Dol\u017eina pakiranja v mm<\/td>\n<td>2.470<\/td>\n<\/tr>\n<tr>\n<td>Vi\u0161ina pakiranja v mm<\/td>\n<td>1.600<\/td>\n<\/tr>\n<tr>\n<td><strong>Splo\u0161ni podatki<\/strong><\/td>\n<td><\/td>\n<\/tr>\n<tr>\n<td>EAN koda<\/td>\n<td>9120132140243<\/td>\n<\/tr>\n<\/table>\n","protected":false},"excerpt":{"rendered":"<p>XL-\u010clanek<\/p>\n<ul>\n<ul>\n<li>Vodilni vreteno in podajalna palica stru\u017enica, ki izstopa z izjemno dolgo obstojnostjo skozi \u010das in navdu\u0161uje z vsestranskostjo<\/li>\n<li>idealna za uporabo v sektorjih, ki zahtevajo vsestranskost, kot so vzdr\u017eevalne in proizvodne delavnice, orodjarne ali za izobra\u017eevalne namene v \u0161olah<\/li>\n<li>izjemno \u0161iroka odprtina vretena (\u00d8 56 mm) za obdelavo velikih premerov gredi<\/li>\n<li>elektromagnetna no\u017ena zavora zagotavlja maksimalno delovno varnost in drasti\u010dno zmanj\u0161uje neproduktivni \u010das<\/li>\n<li>indukcijsko kaljeni in natan\u010dno bru\u0161eni prizemni vodila iz stabiliziranega litega \u017eeleza, ki zagotavljajo najve\u010djo natan\u010dnost za vse \u017eivljenje<\/li>\n<li>natan\u010dno rezani zobniki in postelja stroja iz litega \u017eeleza, ki zavira vibracije, zagotavljajo visoko natan\u010dnost stru\u017eenja<\/li>\n<li>zobniki in vretena so kaljeni, bru\u0161eni in delujejo v oljni kopeli<\/li>\n<li>dinami\u010dno uravnote\u017eeno glavno vreteno, name\u0161\u010deno v natan\u010dnih le\u017eajih, visoka centri\u010dnost vretena (&lt; 0,009 mm)<\/li>\n<li>Camlock D5 nosilec vretena<\/li>\n<li>nastavljiv (+\/- 5 mm) konji\u010dek za konusno stru\u017eenje<\/li>\n<li>vsa vodila priro\u010dno nastavljiva preko V-robov<\/li>\n<li>2-stopenjski motor kot standard<\/li>\n<li>digitalna enota za od\u010ditavanje (3-osna) za enostavno upravljanje<\/li>\n<\/ul>\n<p><strong>vklju\u010deno v dostavo:<\/strong> 3-\u010deljustna glava \u00d8 200 mm z izmenljivimi \u010deljustmi, 4-stranski nosilec orodja, 4-\u010deljustna glava \u00d8 200 mm, \u010delna plo\u0161\u010da \u00d8 320 mm, 2x mrtva centra, morse tulec MT 6\/4, podporni naslon, sledilni naslon, halogenska delovna svetilka, za\u0161\u010dita pred brizganjem, hladilna naprava, siva lita stojala, navoji, menjalni zobniki, orodja<\/p><\/p>\n","protected":false},"featured_media":11338,"template":"","meta":[],"product_brand":[],"product_cat":[1043,1059],"product_tag":[],"class_list":{"0":"post-11337","1":"product","2":"type-product","3":"status-publish","4":"has-post-thumbnail","6":"product_cat-stroji-za-kovine","7":"product_cat-struznice-za-kovino","9":"first","10":"instock","11":"shipping-taxable","12":"purchasable","13":"product-type-simple"},"_links":{"self":[{"href":"https:\/\/www.depoles.com\/hr\/wp-json\/wp\/v2\/product\/11337","targetHints":{"allow":["GET"]}}],"collection":[{"href":"https:\/\/www.depoles.com\/hr\/wp-json\/wp\/v2\/product"}],"about":[{"href":"https:\/\/www.depoles.com\/hr\/wp-json\/wp\/v2\/types\/product"}],"wp:featuredmedia":[{"embeddable":true,"href":"https:\/\/www.depoles.com\/hr\/wp-json\/wp\/v2\/media\/11338"}],"wp:attachment":[{"href":"https:\/\/www.depoles.com\/hr\/wp-json\/wp\/v2\/media?parent=11337"}],"wp:term":[{"taxonomy":"product_brand","embeddable":true,"href":"https:\/\/www.depoles.com\/hr\/wp-json\/wp\/v2\/product_brand?post=11337"},{"taxonomy":"product_cat","embeddable":true,"href":"https:\/\/www.depoles.com\/hr\/wp-json\/wp\/v2\/product_cat?post=11337"},{"taxonomy":"product_tag","embeddable":true,"href":"https:\/\/www.depoles.com\/hr\/wp-json\/wp\/v2\/product_tag?post=11337"}],"curies":[{"name":"wp","href":"https:\/\/api.w.org\/{rel}","templated":true}]}}