{"id":11346,"date":"2026-03-17T12:54:41","date_gmt":"2026-03-17T11:54:41","guid":{"rendered":"https:\/\/www.depoles.com\/trgovina\/struznica-za-kovino-s-spremenljivo-hitrostjo-ed420fxl_230v\/"},"modified":"2026-03-17T12:54:41","modified_gmt":"2026-03-17T11:54:41","slug":"struznica-za-kovino-s-spremenljivo-hitrostjo-ed420fxl_230v","status":"publish","type":"product","link":"https:\/\/www.depoles.com\/hr\/trgovina\/struznica-za-kovino-s-spremenljivo-hitrostjo-ed420fxl_230v\/","title":{"rendered":"Stru\u017enica za kovino s spremenljivo hitrostjo ED420FXL_230V&nbsp;"},"content":{"rendered":"<table>\n<tr>\n<td><strong>tehni\u010dni podatki<\/strong><\/td>\n<\/tr>\n<tr>\n<td><strong>podatki o motorju<\/strong><\/td>\n<\/tr>\n<tr>\n<td>mo\u010d motorja s1 v W<\/td>\n<td>750<\/td>\n<\/tr>\n<tr>\n<td>napetost<\/td>\n<td>230 V \/ 50 Hz<\/td>\n<\/tr>\n<tr>\n<td><strong>mere<\/strong><\/td>\n<\/tr>\n<tr>\n<td>skupne dimenzije v mm<\/td>\n<td>1200 x 340 x 360<\/td>\n<\/tr>\n<tr>\n<td><strong>stru\u017eni stroji<\/strong><\/td>\n<\/tr>\n<tr>\n<td>razdalja med centri v mm<\/td>\n<td>735<\/td>\n<\/tr>\n<tr>\n<td>maks. premer nad posteljo v mm<\/td>\n<td>210<\/td>\n<\/tr>\n<tr>\n<td>maks. premer nad pre\u010dno drsno plo\u0161\u010do v mm<\/td>\n<td>140<\/td>\n<\/tr>\n<tr>\n<td>hitrost vretena stru\u017enice v min-1<\/td>\n<td>50 &#8211; 2500<\/td>\n<\/tr>\n<tr>\n<td>premer vretena v mm<\/td>\n<td>38<\/td>\n<\/tr>\n<tr>\n<td>konus vretena<\/td>\n<td>MK5 \/ MT5<\/td>\n<\/tr>\n<tr>\n<td>konus konji\u010dka<\/td>\n<td>MK2 \/ MT2<\/td>\n<\/tr>\n<tr>\n<td>vzdol\u017eni pomik<\/td>\n<td>0,11 | 0,152 | 0,198 mm\/U<\/td>\n<\/tr>\n<tr>\n<td>pomik vozi\u010dka v mm<\/td>\n<td>736<\/td>\n<\/tr>\n<tr>\n<td>pomik pre\u010dne drsne plo\u0161\u010de v mm<\/td>\n<td>75<\/td>\n<\/tr>\n<tr>\n<td>pomik zgornje drsne plo\u0161\u010de v mm<\/td>\n<td>55<\/td>\n<\/tr>\n<tr>\n<td>pomik tulca konji\u010dka<\/td>\n<td>55<\/td>\n<\/tr>\n<tr>\n<td>razpon metri\u010dnih navojev v mm\/r<\/td>\n<td>0,3 &#8211; 3<\/td>\n<\/tr>\n<tr>\n<td>razpon colskih navojev<\/td>\n<td>10 &#8211; 44 TPI<\/td>\n<\/tr>\n<tr>\n<td>maks. presek nosilca orodja<\/td>\n<td>12 x 12<\/td>\n<\/tr>\n<tr>\n<td><strong>nivo hrupa in vibracije<\/strong><\/td>\n<\/tr>\n<tr>\n<td>zvo\u010dni tlak v dB(A)<\/td>\n<td>70<\/td>\n<\/tr>\n<tr>\n<td><strong>te\u017ea<\/strong><\/td>\n<\/tr>\n<tr>\n<td>bruto te\u017ea v kg<\/td>\n<td>96<\/td>\n<\/tr>\n<tr>\n<td>neto te\u017ea v kg<\/td>\n<td>79<\/td>\n<\/tr>\n<tr>\n<td><strong>embala\u017ea<\/strong><\/td>\n<\/tr>\n<tr>\n<td>\u0161irina embala\u017ee v mm<\/td>\n<td>450<\/td>\n<\/tr>\n<tr>\n<td>dol\u017eina embala\u017ee v mm<\/td>\n<td>1.220<\/td>\n<\/tr>\n<tr>\n<td>vi\u0161ina embala\u017ee v mm<\/td>\n<td>450<\/td>\n<\/tr>\n<tr>\n<td><strong>splo\u0161ni podatki<\/strong><\/td>\n<\/tr>\n<tr>\n<td>EAN koda<\/td>\n<td>9120132140533<\/td>\n<\/tr>\n<\/table>\n","protected":false},"excerpt":{"rendered":"<p>HOLZMANN ED420FXL_230V je kompaktni stru\u017eni stroj za obdelavo jekla, litega \u017eeleza, ne\u017eeleznih kovin, aluminija, medenine in plastike. S sredinsko razdaljo 735 mm je primeren tudi za obdelavo zelo dolgih obdelovancev. Prizmati\u010dno vodilo postelje je indukcijsko kaljeno in precizno bru\u0161eno. Visoka koncentri\u010dnost in visokokakovostna konstrukcija zagotavljata kompakten in zmogljiv stru\u017eni stroj za ambicioznega kovinarja.<\/p>\n<ul>\n<li>serijsko opremljen z vodilnim vretenom za rezanje navojev in avtomatskim vzdol\u017enim podajanjem<\/li>\n<li>indukcijsko kaljene in precizno bru\u0161ene prizmati\u010dne vodilne letve postelje<\/li>\n<li>kaljena glavna vretena le\u017eijo z nastavljivimi sto\u017e\u010dastimi valj\u010dnimi le\u017eaji<\/li>\n<li>visoka centri\u010dnost vretena zagotavlja maksimalno natan\u010dnost stru\u017eenja<\/li>\n<li>hitrost vretena brezstopenjsko nastavljiva, hitrost je mogo\u010de priro\u010dno od\u010ditati z digitalnega prikaza hitrosti<\/li>\n<li>prilo\u017eena menjalna kolesa, ki omogo\u010dajo izjemno \u0161irok razpon rezanja navojev<\/li>\n<li>gladek prenos mo\u010di zagotavlja konstanten navor<\/li>\n<li>konji\u010dek je mogo\u010de nastaviti za sto\u017e\u010dasto stru\u017eenje<\/li>\n<li>na\u010din delovanja CW\/CCW<\/li>\n<li>Opomba: Stroj deluje pri polovi\u010dni hitrosti pri obratnem delovanju.<\/li>\n<\/ul>\n<p><strong>vklju\u010deno v dostavo:\u00a0<\/strong>3-\u010deljustna glava \u00d8 120mm, 4-stranski nosilec orodja, mrtvi center MT5, mrtvi center MT2, za\u0161\u010dita \u010deljusti, pladenj za ostru\u017eke, menjalna kolesa, orodja<\/p><\/p>\n","protected":false},"featured_media":11347,"template":"","meta":[],"product_brand":[],"product_cat":[1043,1059],"product_tag":[],"class_list":{"0":"post-11346","1":"product","2":"type-product","3":"status-publish","4":"has-post-thumbnail","6":"product_cat-stroji-za-kovine","7":"product_cat-struznice-za-kovino","9":"first","10":"instock","11":"shipping-taxable","12":"purchasable","13":"product-type-simple"},"_links":{"self":[{"href":"https:\/\/www.depoles.com\/hr\/wp-json\/wp\/v2\/product\/11346","targetHints":{"allow":["GET"]}}],"collection":[{"href":"https:\/\/www.depoles.com\/hr\/wp-json\/wp\/v2\/product"}],"about":[{"href":"https:\/\/www.depoles.com\/hr\/wp-json\/wp\/v2\/types\/product"}],"wp:featuredmedia":[{"embeddable":true,"href":"https:\/\/www.depoles.com\/hr\/wp-json\/wp\/v2\/media\/11347"}],"wp:attachment":[{"href":"https:\/\/www.depoles.com\/hr\/wp-json\/wp\/v2\/media?parent=11346"}],"wp:term":[{"taxonomy":"product_brand","embeddable":true,"href":"https:\/\/www.depoles.com\/hr\/wp-json\/wp\/v2\/product_brand?post=11346"},{"taxonomy":"product_cat","embeddable":true,"href":"https:\/\/www.depoles.com\/hr\/wp-json\/wp\/v2\/product_cat?post=11346"},{"taxonomy":"product_tag","embeddable":true,"href":"https:\/\/www.depoles.com\/hr\/wp-json\/wp\/v2\/product_tag?post=11346"}],"curies":[{"name":"wp","href":"https:\/\/api.w.org\/{rel}","templated":true}]}}