{"id":11350,"date":"2026-03-17T12:55:07","date_gmt":"2026-03-17T11:55:07","guid":{"rendered":"https:\/\/www.depoles.com\/trgovina\/strug-za-kovine-ed2000ind105d_400v\/"},"modified":"2026-03-17T12:55:07","modified_gmt":"2026-03-17T11:55:07","slug":"strug-za-kovine-ed2000ind105d_400v","status":"publish","type":"product","link":"https:\/\/www.depoles.com\/hr\/trgovina\/strug-za-kovine-ed2000ind105d_400v\/","title":{"rendered":"Strug za kovine ED2000IND105D_400V&nbsp;"},"content":{"rendered":"<table>\n<tr>\n<td><strong>tehni\u010dni podatki<\/strong><\/td>\n<\/tr>\n<tr>\n<td><strong>podatki o motorju<\/strong><\/td>\n<\/tr>\n<tr>\n<td>mo\u010d motorja s1 v W<\/td>\n<td>7500 | 90 | 300<\/td>\n<\/tr>\n<tr>\n<td>napetost<\/td>\n<td>400 V \/ 50 Hz<\/td>\n<\/tr>\n<tr>\n<td><strong>mere<\/strong><\/td>\n<\/tr>\n<tr>\n<td>skupne dimenzije v mm<\/td>\n<td>3340 x 1150 x 1460<\/td>\n<\/tr>\n<tr>\n<td><strong>stru\u017eni stroji<\/strong><\/td>\n<\/tr>\n<tr>\n<td>razdalja med konicama v mm<\/td>\n<td>2000<\/td>\n<\/tr>\n<tr>\n<td>vi\u0161ina konice v mm<\/td>\n<td>280<\/td>\n<\/tr>\n<tr>\n<td>maks. premer obdelovanca nad posteljo v mm<\/td>\n<td>560<\/td>\n<\/tr>\n<tr>\n<td>maks. premer obdelovanca nad pre\u010dnim suportom v mm<\/td>\n<td>355<\/td>\n<\/tr>\n<tr>\n<td>maks. premer obdelovanca v izrezu v mm<\/td>\n<td>785<\/td>\n<\/tr>\n<tr>\n<td>hitrost vretena stru\u017enice v min-1<\/td>\n<td>25-1600 (12)<\/td>\n<\/tr>\n<tr>\n<td>premer vretena v mm<\/td>\n<td>105<\/td>\n<\/tr>\n<tr>\n<td>konus vretena<\/td>\n<td>MK7\/MT7<\/td>\n<\/tr>\n<tr>\n<td>konus konji\u010dka<\/td>\n<td>MK5\/MT5<\/td>\n<\/tr>\n<tr>\n<td>vzdol\u017eni pomik<\/td>\n<td>0,059-1,646 (35)<\/td>\n<\/tr>\n<tr>\n<td>pre\u010dni pomik<\/td>\n<td>0,02-0,573 (35)<\/td>\n<\/tr>\n<tr>\n<td>pomik vozi\u010dka v mm<\/td>\n<td>2000<\/td>\n<\/tr>\n<tr>\n<td>pomik pre\u010dnega suport v mm<\/td>\n<td>316<\/td>\n<\/tr>\n<tr>\n<td>pomik zgornjega suport v mm<\/td>\n<td>130<\/td>\n<\/tr>\n<tr>\n<td>pomik tulec konji\u010dka<\/td>\n<td>180<\/td>\n<\/tr>\n<tr>\n<td>obseg metri\u010dnih navojev v mm\/r<\/td>\n<td>0,2-14(47)<\/td>\n<\/tr>\n<tr>\n<td>obseg pal\u010dnih navojev<\/td>\n<td>2-112 TPI (60)<\/td>\n<\/tr>\n<tr>\n<td>maks. presek dr\u017eala orodja<\/td>\n<td>25 x 25<\/td>\n<\/tr>\n<tr>\n<td><strong>nivo hrupa in vibracije<\/strong><\/td>\n<\/tr>\n<tr>\n<td>zvo\u010dna mo\u010d v dB(A)<\/td>\n<td>83<\/td>\n<\/tr>\n<tr>\n<td><strong>te\u017ea<\/strong><\/td>\n<\/tr>\n<tr>\n<td>bruto te\u017ea v kg<\/td>\n<td>3.100<\/td>\n<\/tr>\n<tr>\n<td>neto te\u017ea v kg<\/td>\n<td>2.720<\/td>\n<\/tr>\n<tr>\n<td>XL-po\u0161iljanje<\/td>\n<td>17<\/td>\n<\/tr>\n<tr>\n<td><strong>embala\u017ea<\/strong><\/td>\n<\/tr>\n<tr>\n<td>\u0161irina embala\u017ee v mm<\/td>\n<td>1.150<\/td>\n<\/tr>\n<tr>\n<td>dol\u017eina embala\u017ee v mm<\/td>\n<td>3.420<\/td>\n<\/tr>\n<tr>\n<td>vi\u0161ina embala\u017ee v mm<\/td>\n<td>1.810<\/td>\n<\/tr>\n<tr>\n<td><strong>splo\u0161ni podatki<\/strong><\/td>\n<\/tr>\n<tr>\n<td>EAN koda<\/td>\n<td>9120132141622<\/td>\n<\/tr>\n<\/table>\n","protected":false},"excerpt":{"rendered":"<p>xl \u010dlanek l<\/p>\n<p>Kovinska stru\u017enica HOLZMANN ED2000IND105 z razdaljo med konicama 2000 mm, premerom vretena 105 mm, dovodom hladilne teko\u010dine, digitalnim prikazom (3-osi) in hitrim pomikom (osi) v industrijskem dizajnu za uporabo v va\u0161i delavnici ali za izobra\u017eevanje ali \u0161ole.\n<\/p>\n<ul>\n<li>te\u017eka in vibracije absorbirajo\u010da enodelna lito\u017eelezna postelja stroja, ki zagotavlja vrhunsko natan\u010dnost<\/li>\n<li>zelo \u0161iroke posteljne tirnice z indukcijsko kaljenimi in natan\u010dno bru\u0161enimi prizemnimi vodili<\/li>\n<li>priro\u010dno in enostavno upravljanje preko jasno oblikovane nadzorne plo\u0161\u010de<\/li>\n<li>odstranljiv most omogo\u010da obdelavo velikih premerov v delu z re\u017eo postelje<\/li>\n<li>4-polo\u017eajna samodejna zaustavitev vzdol\u017enega vozi\u010dka<\/li>\n<li>vsa vodila priro\u010dno nastavljiva preko V-robov<\/li>\n<li>CAMLOCK D8<\/li>\n<li>konji\u010dek se lahko premakne za stru\u017eenje konusov<\/li>\n<li>kaljena in bru\u0161ena orodja in vreteni, ki te\u010dejo v trajnem oljnem kopeli<\/li>\n<li>ogromen premer vretena (\u00d8 =105 mm)<\/li>\n<li>elektromagnetna no\u017ena zavora zagotavlja maksimalno delovno varnost in drasti\u010dno zmanj\u0161uje neproduktivni \u010das<\/li>\n<li>\u0161irok razpon metri\u010dnih in imperialnih navojev<\/li>\n<li>vklju\u010duje standardno halogensko svetilko in napravo za hlajenje<\/li>\n<li>digitalna enota za od\u010ditavanje (3-osi) za enostavno upravljanje<\/li>\n<li>naprava za hitro premikanje: 300W motor<\/li>\n<\/ul>\n<p><strong>Vklju\u010deno v dostavo<\/strong>: sistem za hlajenje, delovna svetilka, 3-\u010deljustna vpenjalna glava \u00d8315mm, 4-\u010deljustna vpenjalna glava \u00d8320mm, \u010delna plo\u0161\u010da \u00d8 450mm, redukcijska pu\u0161a, menjalna orodja, sledilni naslon, stabilni naslon, 4-potni nosilec orodja, 2x mrtva centra, za\u0161\u010dita pred brizganjem, digitalni prikaz polo\u017eaja (3-osi)<br \/>\n<strong>Obratovalne teko\u010dine:<\/strong><\/p>\n<ul>\n<li>maziva (viskoznost 220, (ISO 12925-1 CKD, DIN51517 Del 3 CLP, US Steel 224, AGMA 9005-E02)\n<ul>\n<li>Koli\u010dina olja v glavi 12 l\n<ul>\n<li>Koli\u010dina olja v ohi\u0161ju menjalnika 1 l<\/li>\n<\/ul>\n<\/li>\n<li>Koli\u010dina olja v pogonskem orodju 4,5 l<\/li>\n<\/ul>\n<\/li>\n<li>Hladilna teko\u010dina (npr.: HOLZMANN KSM5l)\n<ul>\n<li>Maksimalna kapaciteta hladilne teko\u010dine 33l<\/li>\n<\/ul>\n<\/li>\n<\/ul>\n","protected":false},"featured_media":11351,"template":"","meta":[],"product_brand":[],"product_cat":[1043,1059],"product_tag":[],"class_list":{"0":"post-11350","1":"product","2":"type-product","3":"status-publish","4":"has-post-thumbnail","6":"product_cat-stroji-za-kovine","7":"product_cat-struznice-za-kovino","9":"first","10":"instock","11":"shipping-taxable","12":"purchasable","13":"product-type-simple"},"_links":{"self":[{"href":"https:\/\/www.depoles.com\/hr\/wp-json\/wp\/v2\/product\/11350","targetHints":{"allow":["GET"]}}],"collection":[{"href":"https:\/\/www.depoles.com\/hr\/wp-json\/wp\/v2\/product"}],"about":[{"href":"https:\/\/www.depoles.com\/hr\/wp-json\/wp\/v2\/types\/product"}],"wp:featuredmedia":[{"embeddable":true,"href":"https:\/\/www.depoles.com\/hr\/wp-json\/wp\/v2\/media\/11351"}],"wp:attachment":[{"href":"https:\/\/www.depoles.com\/hr\/wp-json\/wp\/v2\/media?parent=11350"}],"wp:term":[{"taxonomy":"product_brand","embeddable":true,"href":"https:\/\/www.depoles.com\/hr\/wp-json\/wp\/v2\/product_brand?post=11350"},{"taxonomy":"product_cat","embeddable":true,"href":"https:\/\/www.depoles.com\/hr\/wp-json\/wp\/v2\/product_cat?post=11350"},{"taxonomy":"product_tag","embeddable":true,"href":"https:\/\/www.depoles.com\/hr\/wp-json\/wp\/v2\/product_tag?post=11350"}],"curies":[{"name":"wp","href":"https:\/\/api.w.org\/{rel}","templated":true}]}}