{"id":11358,"date":"2026-03-17T12:55:27","date_gmt":"2026-03-17T11:55:27","guid":{"rendered":"https:\/\/www.depoles.com\/trgovina\/vrtalni-stroj-sb162vnano_230v\/"},"modified":"2026-03-17T12:55:27","modified_gmt":"2026-03-17T11:55:27","slug":"vrtalni-stroj-sb162vnano_230v","status":"publish","type":"product","link":"https:\/\/www.depoles.com\/hr\/trgovina\/vrtalni-stroj-sb162vnano_230v\/","title":{"rendered":"Vrtalni stroj SB162VNANO_230V"},"content":{"rendered":"<table>\n<tr>\n<th colspan=\"2\">tehni\u010dne podrobnosti<\/th>\n<\/tr>\n<tr>\n<td colspan=\"2\"><strong>podatki o motorju<\/strong><\/td>\n<\/tr>\n<tr>\n<td>mo\u010d motorja s1 v W<\/td>\n<td>500<\/td>\n<\/tr>\n<tr>\n<td>napetost<\/td>\n<td>230 V \/ 50 Hz<\/td>\n<\/tr>\n<tr>\n<td>hitrost v min-1<\/td>\n<td>440 &#8211; 2600<\/td>\n<\/tr>\n<tr>\n<td>dol\u017eina kabla<\/td>\n<td>1,8 m<\/td>\n<\/tr>\n<tr>\n<td>razred naprave<\/td>\n<td>I<\/td>\n<\/tr>\n<tr>\n<td colspan=\"2\"><strong>mere<\/strong><\/td>\n<\/tr>\n<tr>\n<td>doseg v mm<\/td>\n<td>125<\/td>\n<\/tr>\n<tr>\n<td>velikost mize v mm<\/td>\n<td>198 x 198<\/td>\n<\/tr>\n<tr>\n<td>skupne dimenzije v mm<\/td>\n<td>493 x 320 x 890<\/td>\n<\/tr>\n<tr>\n<td colspan=\"2\"><strong>tehni\u010dne specifikacije<\/strong><\/td>\n<\/tr>\n<tr>\n<td>maks. zmogljivost vrtanja v mm<\/td>\n<td>16<\/td>\n<\/tr>\n<tr>\n<td>vpenjalna glava vrtalne vretena<\/td>\n<td>MK2 \/ MT2<\/td>\n<\/tr>\n<tr>\n<td>hitrost vrtalne vretena v min-1<\/td>\n<td>440 &#8211; 2600<\/td>\n<\/tr>\n<tr>\n<td>maks. razdalja vreteno-miza v mm<\/td>\n<td>430<\/td>\n<\/tr>\n<tr>\n<td>razdalja vreteno-osnova v mm<\/td>\n<td>540<\/td>\n<\/tr>\n<tr>\n<td>premer stebra v mm<\/td>\n<td>59,5<\/td>\n<\/tr>\n<tr>\n<td>hod vretena v mm<\/td>\n<td>60<\/td>\n<\/tr>\n<tr>\n<td>osnova v mm<\/td>\n<td>348 x 215<\/td>\n<\/tr>\n<tr>\n<td>maks. obremenitev mize v kg<\/td>\n<td>20<\/td>\n<\/tr>\n<tr>\n<td colspan=\"2\"><strong>nivo glasnosti in vibracije<\/strong><\/td>\n<\/tr>\n<tr>\n<td>nivo zvo\u010dne mo\u010di v dB(A)<\/td>\n<td>78<\/td>\n<\/tr>\n<tr>\n<td>nivo zvo\u010dnega tlaka v dB(A)<\/td>\n<td>59<\/td>\n<\/tr>\n<tr>\n<td colspan=\"2\"><strong>te\u017ea<\/strong><\/td>\n<\/tr>\n<tr>\n<td>bruto te\u017ea v kg<\/td>\n<td>34<\/td>\n<\/tr>\n<tr>\n<td>neto te\u017ea v kg<\/td>\n<td>32<\/td>\n<\/tr>\n<tr>\n<td colspan=\"2\"><strong>embala\u017ea<\/strong><\/td>\n<\/tr>\n<tr>\n<td>\u0161irina embala\u017ee v mm<\/td>\n<td>400<\/td>\n<\/tr>\n<tr>\n<td>dol\u017eina embala\u017ee v mm<\/td>\n<td>720<\/td>\n<\/tr>\n<tr>\n<td>vi\u0161ina embala\u017ee v mm<\/td>\n<td>280<\/td>\n<\/tr>\n<tr>\n<td colspan=\"2\"><strong>splo\u0161ni podatki<\/strong><\/td>\n<\/tr>\n<tr>\n<td>EAN koda<\/td>\n<td>9120132141691<\/td>\n<\/tr>\n<\/table>\n","protected":false},"excerpt":{"rendered":"<p><strong>HOLZMANN SB162VNano_230V vrtalni stroj z VARIO menjalnikom<\/strong><br \/>\nMo\u010dan, natan\u010den in enostaven za uporabo \u2013 brez potrebe po menjavi jermenov!<br \/>\nS HOLZMANN SB162VNano_230V lahko obvladate \u0161irok spekter vrtalnih nalog v najkraj\u0161em mo\u017enem \u010dasu. Zahvaljujo\u010d neprekinjeno nastavljivemu VARIO menjalniku lahko hitrost udobno prilagodite s pomo\u010djo ro\u010dice \u2013 brez potrebe po menjavi klinastih jermenov!<br \/>\nNe glede na to, ali gre za mehki les ali kovino: robustni namizni vrtalni stroj se lahko enostavno prilagodi razli\u010dnim zahtevam glede hitrosti. Integriran laser za centriranje vrtanja in LED delovna lu\u010d zagotavljata natan\u010dne rezultate in optimalno vidljivost.<br \/>\nPopolna izbira za doma\u010de mojstre, ki cenijo udobje, natan\u010dnost in prilagodljivost.\n<\/p>\n<ul>\n<li>brezstopenjsko nastavljanje hitrosti preko ro\u010dice (VARIO menjalnik) in prikaz hitrosti preko LCD zaslona<\/li>\n<li>ni potrebna menjava jermena \u2013 hitra menjava dela<\/li>\n<li>laser za centriranje vrtanja za natan\u010dno delo<\/li>\n<li>LED delovna lu\u010d za popolno vidljivost<\/li>\n<li>kompaktna, stabilna zasnova \u2013 idealna za delovne mize in doma\u010de delavnice<\/li>\n<li>torzijsko odporen, trden in poliran jekleni steber<\/li>\n<li>delovna miza je nagibna od -45\u00b0 do +45\u00b0 in se vrti za 360\u00b0 okoli sredi\u0161\u010da mize in stebra<\/li>\n<li>za\u0161\u010ditni pokrov vretena<\/li>\n<li>nastavljiv omejevalnik globine vrtanja z lestvico za natan\u010den nadzor globine vrtanja<\/li>\n<\/ul>\n<p><strong>Vklju\u010deno v dostavo<\/strong>: Hitrovpenjalna glava 1-16 mm, B16<\/p><\/p>\n","protected":false},"featured_media":11359,"template":"","meta":[],"product_brand":[],"product_cat":[1043,1061],"product_tag":[],"class_list":{"0":"post-11358","1":"product","2":"type-product","3":"status-publish","4":"has-post-thumbnail","6":"product_cat-stroji-za-kovine","7":"product_cat-vrtalni-stroji-za-kovino","9":"first","10":"instock","11":"shipping-taxable","12":"purchasable","13":"product-type-simple"},"_links":{"self":[{"href":"https:\/\/www.depoles.com\/hr\/wp-json\/wp\/v2\/product\/11358","targetHints":{"allow":["GET"]}}],"collection":[{"href":"https:\/\/www.depoles.com\/hr\/wp-json\/wp\/v2\/product"}],"about":[{"href":"https:\/\/www.depoles.com\/hr\/wp-json\/wp\/v2\/types\/product"}],"wp:featuredmedia":[{"embeddable":true,"href":"https:\/\/www.depoles.com\/hr\/wp-json\/wp\/v2\/media\/11359"}],"wp:attachment":[{"href":"https:\/\/www.depoles.com\/hr\/wp-json\/wp\/v2\/media?parent=11358"}],"wp:term":[{"taxonomy":"product_brand","embeddable":true,"href":"https:\/\/www.depoles.com\/hr\/wp-json\/wp\/v2\/product_brand?post=11358"},{"taxonomy":"product_cat","embeddable":true,"href":"https:\/\/www.depoles.com\/hr\/wp-json\/wp\/v2\/product_cat?post=11358"},{"taxonomy":"product_tag","embeddable":true,"href":"https:\/\/www.depoles.com\/hr\/wp-json\/wp\/v2\/product_tag?post=11358"}],"curies":[{"name":"wp","href":"https:\/\/api.w.org\/{rel}","templated":true}]}}